{"id":771,"date":"2025-12-12T08:15:22","date_gmt":"2025-12-12T08:15:22","guid":{"rendered":"https:\/\/pasilanjoogastudio.fi\/?page_id=771"},"modified":"2025-12-12T08:33:04","modified_gmt":"2025-12-12T08:33:04","slug":"ohjeet-tunnille-tapahtumaan-tai-hierontaan-tulemiseen","status":"publish","type":"page","link":"https:\/\/pasilanjoogastudio.fi\/en\/ohjeet-tunnille-tapahtumaan-tai-hierontaan-tulemiseen\/","title":{"rendered":"Guides for coming to class,masssage and workshop"},"content":{"rendered":"<style>.elementor-771 .elementor-element.elementor-element-4b2d560{margin-top:0px;margin-bottom:0px;padding:74px 0px 20px 0px;}.elementor-bc-flex-widget .elementor-771 .elementor-element.elementor-element-0675912.elementor-column .elementor-widget-wrap{align-items:center;}.elementor-771 .elementor-element.elementor-element-0675912.elementor-column.elementor-element[data-element_type=\"column\"] > .elementor-widget-wrap.elementor-element-populated{align-content:center;align-items:center;}.elementor-771 .elementor-element.elementor-element-0675912 > .elementor-element-populated{margin:0px 0px 0px 0px;--e-column-margin-right:0px;--e-column-margin-left:0px;padding:0px 50px 0px 0px;}.elementor-771 .elementor-element.elementor-element-0675912{z-index:9;}.elementor-771 .elementor-element.elementor-element-e364dd5{text-align:center;}.elementor-771 .elementor-element.elementor-element-e364dd5 .elementor-heading-title{font-size:80px;text-transform:uppercase;line-height:0.8em;color:var( --e-global-color-primary );}.elementor-771 .elementor-element.elementor-element-aa18eb7{--display:flex;--flex-direction:row;--container-widget-width:initial;--container-widget-height:100%;--container-widget-flex-grow:1;--container-widget-align-self:stretch;--flex-wrap-mobile:wrap;--gap:0px 0px;--row-gap:0px;--column-gap:0px;--padding-top:4%;--padding-bottom:0%;--padding-left:0%;--padding-right:0%;}.elementor-771 .elementor-element.elementor-element-d5e5351{--display:flex;--flex-direction:column;--container-widget-width:100%;--container-widget-height:initial;--container-widget-flex-grow:0;--container-widget-align-self:initial;--flex-wrap-mobile:wrap;}.elementor-771 .elementor-element.elementor-element-5cc6a24 img{width:67%;}.elementor-771 .elementor-element.elementor-element-e8d658c{--display:flex;--flex-direction:column;--container-widget-width:100%;--container-widget-height:initial;--container-widget-flex-grow:0;--container-widget-align-self:initial;--flex-wrap-mobile:wrap;}.elementor-771 .elementor-element.elementor-element-e7bf8ea > .elementor-widget-container{margin:0% 0% 0% 0%;}.elementor-771 .elementor-element.elementor-element-e7bf8ea{text-align:left;font-size:28px;line-height:37px;}.elementor-771 .elementor-element.elementor-element-0e98417{--display:flex;--flex-direction:column;--container-widget-width:100%;--container-widget-height:initial;--container-widget-flex-grow:0;--container-widget-align-self:initial;--flex-wrap-mobile:wrap;--padding-top:9%;--padding-bottom:0%;--padding-left:0%;--padding-right:0%;}.elementor-771 .elementor-element.elementor-element-50b72ce > .elementor-widget-container{margin:0% 0% 5% 0%;}.elementor-771 .elementor-element.elementor-element-50b72ce{text-align:left;font-size:28px;line-height:37px;}:root{--page-title-display:none;}@media(min-width:768px){.elementor-771 .elementor-element.elementor-element-d5e5351{--width:50%;}.elementor-771 .elementor-element.elementor-element-e8d658c{--width:50%;}}@media(max-width:1024px){.elementor-771 .elementor-element.elementor-element-4b2d560{padding:30px 0px 40px 0px;}.elementor-771 .elementor-element.elementor-element-0675912 > .elementor-element-populated{padding:0px 20px 0px 30px;}.elementor-771 .elementor-element.elementor-element-e364dd5 .elementor-heading-title{font-size:64px;}.elementor-771 .elementor-element.elementor-element-5cc6a24 img{width:100%;}.elementor-771 .elementor-element.elementor-element-0e98417{--padding-top:8%;--padding-bottom:4%;--padding-left:4%;--padding-right:4%;}}@media(max-width:767px){.elementor-771 .elementor-element.elementor-element-4b2d560{padding:40px 0px 30px 0px;}.elementor-771 .elementor-element.elementor-element-0675912 > .elementor-element-populated{padding:0px 20px 0px 20px;}.elementor-771 .elementor-element.elementor-element-e364dd5{text-align:center;}.elementor-771 .elementor-element.elementor-element-e364dd5 .elementor-heading-title{font-size:40px;line-height:1em;}.elementor-771 .elementor-element.elementor-element-e7bf8ea > .elementor-widget-container{margin:4% 0% -6% 0%;}.elementor-771 .elementor-element.elementor-element-e7bf8ea{text-align:left;font-size:18px;line-height:1.6em;}.elementor-771 .elementor-element.elementor-element-50b72ce > .elementor-widget-container{margin:4% 0% 6% 0%;}.elementor-771 .elementor-element.elementor-element-50b72ce{text-align:left;font-size:18px;line-height:1.6em;}}@media(max-width:1024px) and (min-width:768px){.elementor-771 .elementor-element.elementor-element-0675912{width:100%;}}<\/style>\t\t<div data-elementor-type=\"wp-page\" data-elementor-id=\"771\" class=\"elementor elementor-771\" data-elementor-post-type=\"page\">\n\t\t\t\t\t\t<section class=\"elementor-section elementor-top-section elementor-element elementor-element-4b2d560 elementor-section-boxed elementor-section-height-default elementor-section-height-default\" data-id=\"4b2d560\" data-element_type=\"section\">\n\t\t\t\t\t\t<div class=\"elementor-container elementor-column-gap-default\">\n\t\t\t\t\t<div class=\"elementor-column elementor-col-100 elementor-top-column elementor-element elementor-element-0675912\" data-id=\"0675912\" data-element_type=\"column\">\n\t\t\t<div class=\"elementor-widget-wrap elementor-element-populated\">\n\t\t\t\t\t\t<div class=\"elementor-element elementor-element-e364dd5 elementor-invisible elementor-widget elementor-widget-heading\" data-id=\"e364dd5\" data-element_type=\"widget\" data-settings=\"{&quot;_animation&quot;:&quot;fadeInUp&quot;,&quot;_animation_delay&quot;:200}\" data-widget_type=\"heading.default\">\n\t\t\t\t<div class=\"elementor-widget-container\">\n\t\t\t\t\t<h1 class=\"elementor-heading-title elementor-size-default\">Guides for coming to class,masssage and workshop<\/h1>\t\t\t\t<\/div>\n\t\t\t\t<\/div>\n\t\t\t\t\t<\/div>\n\t\t<\/div>\n\t\t\t\t\t<\/div>\n\t\t<\/section>\n\t\t<div class=\"elementor-element elementor-element-aa18eb7 e-flex e-con-boxed e-con e-parent\" data-id=\"aa18eb7\" data-element_type=\"container\">\n\t\t\t\t\t<div class=\"e-con-inner\">\n\t\t<div class=\"elementor-element elementor-element-d5e5351 e-con-full e-flex e-con e-child\" data-id=\"d5e5351\" data-element_type=\"container\">\n\t\t\t\t<div class=\"elementor-element elementor-element-5cc6a24 elementor-widget elementor-widget-image\" data-id=\"5cc6a24\" data-element_type=\"widget\" data-widget_type=\"image.default\">\n\t\t\t\t<div class=\"elementor-widget-container\">\n\t\t\t\t\t\t\t\t\t\t\t\t\t\t\t<img fetchpriority=\"high\" decoding=\"async\" width=\"683\" height=\"1024\" src=\"https:\/\/pasilanjoogastudio.fi\/wp-content\/uploads\/2025\/12\/Ohjeet-tunnille-tapahtumaan-tai-hierontaan-tulemiseen____-683x1024.jpg\" class=\"attachment-large size-large wp-image-778\" alt=\"\" srcset=\"https:\/\/pasilanjoogastudio.fi\/wp-content\/uploads\/2025\/12\/Ohjeet-tunnille-tapahtumaan-tai-hierontaan-tulemiseen____-683x1024.jpg 683w, https:\/\/pasilanjoogastudio.fi\/wp-content\/uploads\/2025\/12\/Ohjeet-tunnille-tapahtumaan-tai-hierontaan-tulemiseen____-200x300.jpg 200w, https:\/\/pasilanjoogastudio.fi\/wp-content\/uploads\/2025\/12\/Ohjeet-tunnille-tapahtumaan-tai-hierontaan-tulemiseen____-8x12.jpg 8w, https:\/\/pasilanjoogastudio.fi\/wp-content\/uploads\/2025\/12\/Ohjeet-tunnille-tapahtumaan-tai-hierontaan-tulemiseen____.jpg 700w\" sizes=\"(max-width: 683px) 100vw, 683px\" \/>\t\t\t\t\t\t\t\t\t\t\t\t\t\t\t<\/div>\n\t\t\t\t<\/div>\n\t\t\t\t<\/div>\n\t\t<div class=\"elementor-element elementor-element-e8d658c e-con-full e-flex e-con e-child\" data-id=\"e8d658c\" data-element_type=\"container\">\n\t\t\t\t<div class=\"elementor-element elementor-element-e7bf8ea elementor-widget elementor-widget-text-editor\" data-id=\"e7bf8ea\" data-element_type=\"widget\" data-widget_type=\"text-editor.default\">\n\t\t\t\t<div class=\"elementor-widget-container\">\n\t\t\t\t\t\t\t\t\t<div dir=\"auto\">A warm welcome to Pasila Yoga Studio. Here are the general instructions for booking.\u00a0<\/div>\t\t\t\t\t\t\t\t<\/div>\n\t\t\t\t<\/div>\n\t\t\t\t<\/div>\n\t\t\t\t\t<\/div>\n\t\t\t\t<\/div>\n\t\t<div class=\"elementor-element elementor-element-0e98417 e-flex e-con-boxed e-con e-parent\" data-id=\"0e98417\" data-element_type=\"container\">\n\t\t\t\t\t<div class=\"e-con-inner\">\n\t\t\t\t<div class=\"elementor-element elementor-element-50b72ce elementor-widget elementor-widget-text-editor\" data-id=\"50b72ce\" data-element_type=\"widget\" data-widget_type=\"text-editor.default\">\n\t\t\t\t<div class=\"elementor-widget-container\">\n\t\t\t\t\t\t\t\t\t<h4 dir=\"auto\">BOOKING AND ENTERING A PAYMENT METHOD\u00a0<\/h4><div dir=\"auto\">All services are booked in advance for classes and events:\u00a0<a href=\"https:\/\/www.varaaheti.fi\/pasilanjoogastudio\/fi\" target=\"_blank\" rel=\"noopener noreferrer noreferrer noreferrer\" data-saferedirecturl=\"https:\/\/www.google.com\/url?q=https:\/\/www.varaaheti.fi\/pasilanjoogastudio\/fi&amp;source=gmail&amp;ust=1765611198011000&amp;usg=AOvVaw3UZlt-D1XzqyP_Nwo74RE8\">https:\/\/www.varaaheti.fi\/<wbr \/>pasilanjoogastudio\/fi<\/a>\u00a0and massages and treatments:\u00a0<a href=\"https:\/\/varaa.timma.fi\/pasilanjoogastudio\" target=\"_blank\" rel=\"noopener noreferrer noreferrer noreferrer\" data-saferedirecturl=\"https:\/\/www.google.com\/url?q=https:\/\/varaa.timma.fi\/pasilanjoogastudio&amp;source=gmail&amp;ust=1765611198011000&amp;usg=AOvVaw3jDC38enY5veTjt8R-N6P8\">https:\/\/varaa.timma.fi\/<wbr \/>pasilanjoogastudio<\/a><\/div><div dir=\"auto\">\u00a0<\/div><div dir=\"auto\">A profile will be created the first time. Note. The booking system does not recognize whether you have sports benefits, a gift card or a 10-time card, etc. So you can book the service normally and show your payment method or pay when you arrive.\u00a0<\/div><div dir=\"auto\">\u00a0<\/div><h4 dir=\"auto\">ARRIVAL\u00a0<\/h4><div dir=\"auto\">Always arrive 5-10 minutes early. There is a 15-minute break between services and one event at a time in the space. You cannot enter the space to wait until the other event has finished due to sound disturbances.\u00a0<\/div><div dir=\"auto\">\u00a0<\/div><div dir=\"auto\">All equipment and drinks are available in the hall, so you can just arrive in comfortable clothes.\u00a0<\/div><h4 dir=\"auto\">PAYMENT METHODS<\/h4><div dir=\"auto\">Exercise benefits: smartum, edenred and e-pass to Pasila yoga studio account\u00a0<\/div><div dir=\"auto\">\u00a0<\/div><div dir=\"auto\">Mobilepay to Pasila yoga studio number #28975<\/div><div dir=\"auto\">\u00a0<\/div><div dir=\"auto\">Card (not all instructors have a card machine)\u00a0<\/div><div dir=\"auto\">\u00a0<\/div><div dir=\"auto\">If necessary\u00a0<\/div><div dir=\"auto\">Bank transfer and cash info at point.\u00a0<\/div><div dir=\"auto\">\u00a0<\/div><div dir=\"auto\">Other: gift cards, 1-10 times cards, etc.<\/div><div dir=\"auto\">\u00a0<\/div><h4 dir=\"auto\">SHOWING A RECEIPT OR PAYMENT METHOD\u00a0<\/h4><div dir=\"auto\">Instructors record which customers have come with which payment method, because their fee is mainly based on it. So be prepared to show an e-pass receipt or any other payment method.\u00a0<\/div><div dir=\"auto\">\u00a0<\/div><h4 dir=\"auto\">ASK FOR HELP IF YOU NEED IT:<\/h4><div dir=\"auto\">If you have any questions, send a message or call: +358449730926 or ask by email<\/div><div dir=\"auto\"><a href=\"mailto:pasilanjoogastudio@gmail.com\" target=\"_blank\" rel=\"noopener noreferrer noreferrer noreferrer\">pasilanjoogastudio@gmail.com<\/a>\u00a0<\/div><div dir=\"auto\">\u00a0<\/div><h4 dir=\"auto\">CANCELLATION AND LATE ARRIVAL:<\/h4><div dir=\"auto\">Bookings have different cancellation policies. Weekly classes can be cancelled free of charge no later than 12 hours before, massages 24 hours and workshops often do not have the right to cancel, but you can get a ticket for 1-2 weekly classes in case of illness.\u00a0<\/div><div dir=\"auto\">\u00a0<\/div><div dir=\"auto\">Please don't come late, but If you are late, you can try calling customer service +358449730926 Milja\u00a0<\/div><div dir=\"auto\">\u00a0<\/div><div dir=\"auto\">Note. She can't always answer because the number is also private for cost reasons and she often has instructions etc.<\/div><div dir=\"auto\">\u00a0<\/div><div dir=\"auto\">During active classes you can knock on the window and you will be let in. Unfortunately, you cannot come and interrupt sound bath and other quiet relaxation classes. An individual can come late for massages and treatments, but usually the time is deducted from the service because the massager may have another client next or another service is starting in the space.\u00a0<\/div><div dir=\"auto\">\u00a0<\/div><h4 dir=\"auto\">PASILAN YOGA STUDIO ETIQUETTE<\/h4><div dir=\"auto\">The studio has general policies. Perhaps worth mentioning is that the instructor often asks participants to wipe the mats so that the second class can start soon and fresh so general hygiene is maintained.\u00a0<\/div><div dir=\"auto\">\u00a0<\/div><div dir=\"auto\">We value all participants and all classes are beginner-friendly, and options are given. You can always vary the practice to suit yourself.\u00a0<\/div>\t\t\t\t\t\t\t\t<\/div>\n\t\t\t\t<\/div>\n\t\t\t\t\t<\/div>\n\t\t\t\t<\/div>\n\t\t\t\t<\/div>","protected":false},"excerpt":{"rendered":"<p>Ohjeet tunnille, tapahtumaan tai hierontaan tulemiseen L\u00e4mpim\u00e4sti tervetuloa Pasilan joogastudiolle. T\u00e4ss\u00e4 yleiset ohjeet varaukseen tulemiseen.\u00a0 VARAAMINEN JA MAKSUTAVAN SY\u00d6TT\u00c4MINEN\u00a0 Kaikki palvelut varataan etuk\u00e4teen tunnit ja tapahtumat:\u00a0https:\/\/www.varaaheti.fi\/pasilanjoogastudio\/fi\u00a0ja hieronnat ja hoidot :\u00a0https:\/\/varaa.timma.fi\/pasilanjoogastudio\u00a0Ensimm\u00e4isell\u00e4 kerralla luodaan profiili. Huom. Varausj\u00e4rjestelm\u00e4 ei tunnista onko sinulla liikuntaetuja, lahjakortti tai 10 kerran kortti yms. Eli voit varata palvelun tavallisesti ja n\u00e4ytt\u00e4\u00e4 maksutapaa tai [&hellip;]<\/p>","protected":false},"author":1,"featured_media":0,"parent":0,"menu_order":0,"comment_status":"closed","ping_status":"closed","template":"elementor_header_footer","meta":{"footnotes":""},"class_list":["post-771","page","type-page","status-publish","hentry"],"yoast_head":"<!-- This site is optimized with the Yoast SEO plugin v26.5 - https:\/\/yoast.com\/wordpress\/plugins\/seo\/ -->\n<title>Ohjeet tunnille, tapahtumaan tai hierontaan tulemiseen - Pasilan Jooga Studio<\/title>\n<meta name=\"robots\" content=\"index, follow, max-snippet:-1, max-image-preview:large, max-video-preview:-1\" \/>\n<link rel=\"canonical\" href=\"https:\/\/pasilanjoogastudio.fi\/en\/ohjeet-tunnille-tapahtumaan-tai-hierontaan-tulemiseen\/\" \/>\n<meta property=\"og:locale\" content=\"en_US\" \/>\n<meta property=\"og:type\" content=\"article\" \/>\n<meta property=\"og:title\" content=\"Ohjeet tunnille, tapahtumaan tai hierontaan tulemiseen - Pasilan Jooga Studio\" \/>\n<meta property=\"og:description\" content=\"Ohjeet tunnille, tapahtumaan tai hierontaan tulemiseen L\u00e4mpim\u00e4sti tervetuloa Pasilan joogastudiolle. T\u00e4ss\u00e4 yleiset ohjeet varaukseen tulemiseen.\u00a0 VARAAMINEN JA MAKSUTAVAN SY\u00d6TT\u00c4MINEN\u00a0 Kaikki palvelut varataan etuk\u00e4teen tunnit ja tapahtumat:\u00a0https:\/\/www.varaaheti.fi\/pasilanjoogastudio\/fi\u00a0ja hieronnat ja hoidot :\u00a0https:\/\/varaa.timma.fi\/pasilanjoogastudio\u00a0Ensimm\u00e4isell\u00e4 kerralla luodaan profiili. Huom. Varausj\u00e4rjestelm\u00e4 ei tunnista onko sinulla liikuntaetuja, lahjakortti tai 10 kerran kortti yms. Eli voit varata palvelun tavallisesti ja n\u00e4ytt\u00e4\u00e4 maksutapaa tai [&hellip;]\" \/>\n<meta property=\"og:url\" content=\"https:\/\/pasilanjoogastudio.fi\/en\/ohjeet-tunnille-tapahtumaan-tai-hierontaan-tulemiseen\/\" \/>\n<meta property=\"og:site_name\" content=\"Pasilan Jooga Studio\" \/>\n<meta property=\"article:modified_time\" content=\"2025-12-12T08:33:04+00:00\" \/>\n<meta property=\"og:image\" content=\"https:\/\/pasilanjoogastudio.fi\/wp-content\/uploads\/2025\/12\/Ohjeet-tunnille-tapahtumaan-tai-hierontaan-tulemiseen____.jpg\" \/>\n\t<meta property=\"og:image:width\" content=\"700\" \/>\n\t<meta property=\"og:image:height\" content=\"1050\" \/>\n\t<meta property=\"og:image:type\" content=\"image\/jpeg\" \/>\n<meta name=\"twitter:card\" content=\"summary_large_image\" \/>\n<meta name=\"twitter:label1\" content=\"Est. reading time\" \/>\n\t<meta name=\"twitter:data1\" content=\"3 minutes\" \/>\n<script type=\"application\/ld+json\" class=\"yoast-schema-graph\">{\"@context\":\"https:\/\/schema.org\",\"@graph\":[{\"@type\":\"WebPage\",\"@id\":\"https:\/\/pasilanjoogastudio.fi\/ohjeet-tunnille-tapahtumaan-tai-hierontaan-tulemiseen\/\",\"url\":\"https:\/\/pasilanjoogastudio.fi\/ohjeet-tunnille-tapahtumaan-tai-hierontaan-tulemiseen\/\",\"name\":\"Ohjeet tunnille, tapahtumaan tai hierontaan tulemiseen - Pasilan Jooga Studio\",\"isPartOf\":{\"@id\":\"https:\/\/pasilanjoogastudio.fi\/#website\"},\"primaryImageOfPage\":{\"@id\":\"https:\/\/pasilanjoogastudio.fi\/ohjeet-tunnille-tapahtumaan-tai-hierontaan-tulemiseen\/#primaryimage\"},\"image\":{\"@id\":\"https:\/\/pasilanjoogastudio.fi\/ohjeet-tunnille-tapahtumaan-tai-hierontaan-tulemiseen\/#primaryimage\"},\"thumbnailUrl\":\"https:\/\/pasilanjoogastudio.fi\/wp-content\/uploads\/2025\/12\/Ohjeet-tunnille-tapahtumaan-tai-hierontaan-tulemiseen____-683x1024.jpg\",\"datePublished\":\"2025-12-12T08:15:22+00:00\",\"dateModified\":\"2025-12-12T08:33:04+00:00\",\"breadcrumb\":{\"@id\":\"https:\/\/pasilanjoogastudio.fi\/ohjeet-tunnille-tapahtumaan-tai-hierontaan-tulemiseen\/#breadcrumb\"},\"inLanguage\":\"en-US\",\"potentialAction\":[{\"@type\":\"ReadAction\",\"target\":[\"https:\/\/pasilanjoogastudio.fi\/ohjeet-tunnille-tapahtumaan-tai-hierontaan-tulemiseen\/\"]}]},{\"@type\":\"ImageObject\",\"inLanguage\":\"en-US\",\"@id\":\"https:\/\/pasilanjoogastudio.fi\/ohjeet-tunnille-tapahtumaan-tai-hierontaan-tulemiseen\/#primaryimage\",\"url\":\"https:\/\/pasilanjoogastudio.fi\/wp-content\/uploads\/2025\/12\/Ohjeet-tunnille-tapahtumaan-tai-hierontaan-tulemiseen____-683x1024.jpg\",\"contentUrl\":\"https:\/\/pasilanjoogastudio.fi\/wp-content\/uploads\/2025\/12\/Ohjeet-tunnille-tapahtumaan-tai-hierontaan-tulemiseen____-683x1024.jpg\"},{\"@type\":\"BreadcrumbList\",\"@id\":\"https:\/\/pasilanjoogastudio.fi\/ohjeet-tunnille-tapahtumaan-tai-hierontaan-tulemiseen\/#breadcrumb\",\"itemListElement\":[{\"@type\":\"ListItem\",\"position\":1,\"name\":\"Etusivu\",\"item\":\"https:\/\/pasilanjoogastudio.fi\/\"},{\"@type\":\"ListItem\",\"position\":2,\"name\":\"Ohjeet tunnille, tapahtumaan tai hierontaan tulemiseen\"}]},{\"@type\":\"WebSite\",\"@id\":\"https:\/\/pasilanjoogastudio.fi\/#website\",\"url\":\"https:\/\/pasilanjoogastudio.fi\/\",\"name\":\"Pasilan Jooga Studio\",\"description\":\"Tervetuloa Pasilan Joogastudiolle!\",\"publisher\":{\"@id\":\"https:\/\/pasilanjoogastudio.fi\/#organization\"},\"potentialAction\":[{\"@type\":\"SearchAction\",\"target\":{\"@type\":\"EntryPoint\",\"urlTemplate\":\"https:\/\/pasilanjoogastudio.fi\/?s={search_term_string}\"},\"query-input\":{\"@type\":\"PropertyValueSpecification\",\"valueRequired\":true,\"valueName\":\"search_term_string\"}}],\"inLanguage\":\"en-US\"},{\"@type\":\"Organization\",\"@id\":\"https:\/\/pasilanjoogastudio.fi\/#organization\",\"name\":\"Pasilan Jooga Studio\",\"url\":\"https:\/\/pasilanjoogastudio.fi\/\",\"logo\":{\"@type\":\"ImageObject\",\"inLanguage\":\"en-US\",\"@id\":\"https:\/\/pasilanjoogastudio.fi\/#\/schema\/logo\/image\/\",\"url\":\"https:\/\/pasilanjoogastudio.fi\/wp-content\/uploads\/2024\/07\/Pasilan-Jooga-Studio_20241213_214803_0000.png\",\"contentUrl\":\"https:\/\/pasilanjoogastudio.fi\/wp-content\/uploads\/2024\/07\/Pasilan-Jooga-Studio_20241213_214803_0000.png\",\"width\":2000,\"height\":1295,\"caption\":\"Pasilan Jooga Studio\"},\"image\":{\"@id\":\"https:\/\/pasilanjoogastudio.fi\/#\/schema\/logo\/image\/\"}}]}<\/script>\n<!-- \/ Yoast SEO plugin. -->","yoast_head_json":{"title":"Ohjeet tunnille, tapahtumaan tai hierontaan tulemiseen - Pasilan Jooga Studio","robots":{"index":"index","follow":"follow","max-snippet":"max-snippet:-1","max-image-preview":"max-image-preview:large","max-video-preview":"max-video-preview:-1"},"canonical":"https:\/\/pasilanjoogastudio.fi\/en\/ohjeet-tunnille-tapahtumaan-tai-hierontaan-tulemiseen\/","og_locale":"en_US","og_type":"article","og_title":"Ohjeet tunnille, tapahtumaan tai hierontaan tulemiseen - Pasilan Jooga Studio","og_description":"Ohjeet tunnille, tapahtumaan tai hierontaan tulemiseen L\u00e4mpim\u00e4sti tervetuloa Pasilan joogastudiolle. T\u00e4ss\u00e4 yleiset ohjeet varaukseen tulemiseen.\u00a0 VARAAMINEN JA MAKSUTAVAN SY\u00d6TT\u00c4MINEN\u00a0 Kaikki palvelut varataan etuk\u00e4teen tunnit ja tapahtumat:\u00a0https:\/\/www.varaaheti.fi\/pasilanjoogastudio\/fi\u00a0ja hieronnat ja hoidot :\u00a0https:\/\/varaa.timma.fi\/pasilanjoogastudio\u00a0Ensimm\u00e4isell\u00e4 kerralla luodaan profiili. Huom. Varausj\u00e4rjestelm\u00e4 ei tunnista onko sinulla liikuntaetuja, lahjakortti tai 10 kerran kortti yms. Eli voit varata palvelun tavallisesti ja n\u00e4ytt\u00e4\u00e4 maksutapaa tai [&hellip;]","og_url":"https:\/\/pasilanjoogastudio.fi\/en\/ohjeet-tunnille-tapahtumaan-tai-hierontaan-tulemiseen\/","og_site_name":"Pasilan Jooga Studio","article_modified_time":"2025-12-12T08:33:04+00:00","og_image":[{"width":700,"height":1050,"url":"https:\/\/pasilanjoogastudio.fi\/wp-content\/uploads\/2025\/12\/Ohjeet-tunnille-tapahtumaan-tai-hierontaan-tulemiseen____.jpg","type":"image\/jpeg"}],"twitter_card":"summary_large_image","twitter_misc":{"Est. reading time":"3 minutes"},"schema":{"@context":"https:\/\/schema.org","@graph":[{"@type":"WebPage","@id":"https:\/\/pasilanjoogastudio.fi\/ohjeet-tunnille-tapahtumaan-tai-hierontaan-tulemiseen\/","url":"https:\/\/pasilanjoogastudio.fi\/ohjeet-tunnille-tapahtumaan-tai-hierontaan-tulemiseen\/","name":"Ohjeet tunnille, tapahtumaan tai hierontaan tulemiseen - Pasilan Jooga Studio","isPartOf":{"@id":"https:\/\/pasilanjoogastudio.fi\/#website"},"primaryImageOfPage":{"@id":"https:\/\/pasilanjoogastudio.fi\/ohjeet-tunnille-tapahtumaan-tai-hierontaan-tulemiseen\/#primaryimage"},"image":{"@id":"https:\/\/pasilanjoogastudio.fi\/ohjeet-tunnille-tapahtumaan-tai-hierontaan-tulemiseen\/#primaryimage"},"thumbnailUrl":"https:\/\/pasilanjoogastudio.fi\/wp-content\/uploads\/2025\/12\/Ohjeet-tunnille-tapahtumaan-tai-hierontaan-tulemiseen____-683x1024.jpg","datePublished":"2025-12-12T08:15:22+00:00","dateModified":"2025-12-12T08:33:04+00:00","breadcrumb":{"@id":"https:\/\/pasilanjoogastudio.fi\/ohjeet-tunnille-tapahtumaan-tai-hierontaan-tulemiseen\/#breadcrumb"},"inLanguage":"en-US","potentialAction":[{"@type":"ReadAction","target":["https:\/\/pasilanjoogastudio.fi\/ohjeet-tunnille-tapahtumaan-tai-hierontaan-tulemiseen\/"]}]},{"@type":"ImageObject","inLanguage":"en-US","@id":"https:\/\/pasilanjoogastudio.fi\/ohjeet-tunnille-tapahtumaan-tai-hierontaan-tulemiseen\/#primaryimage","url":"https:\/\/pasilanjoogastudio.fi\/wp-content\/uploads\/2025\/12\/Ohjeet-tunnille-tapahtumaan-tai-hierontaan-tulemiseen____-683x1024.jpg","contentUrl":"https:\/\/pasilanjoogastudio.fi\/wp-content\/uploads\/2025\/12\/Ohjeet-tunnille-tapahtumaan-tai-hierontaan-tulemiseen____-683x1024.jpg"},{"@type":"BreadcrumbList","@id":"https:\/\/pasilanjoogastudio.fi\/ohjeet-tunnille-tapahtumaan-tai-hierontaan-tulemiseen\/#breadcrumb","itemListElement":[{"@type":"ListItem","position":1,"name":"Etusivu","item":"https:\/\/pasilanjoogastudio.fi\/"},{"@type":"ListItem","position":2,"name":"Ohjeet tunnille, tapahtumaan tai hierontaan tulemiseen"}]},{"@type":"WebSite","@id":"https:\/\/pasilanjoogastudio.fi\/#website","url":"https:\/\/pasilanjoogastudio.fi\/","name":"Pasilan Jooga Studio","description":"Tervetuloa Pasilan Joogastudiolle!","publisher":{"@id":"https:\/\/pasilanjoogastudio.fi\/#organization"},"potentialAction":[{"@type":"SearchAction","target":{"@type":"EntryPoint","urlTemplate":"https:\/\/pasilanjoogastudio.fi\/?s={search_term_string}"},"query-input":{"@type":"PropertyValueSpecification","valueRequired":true,"valueName":"search_term_string"}}],"inLanguage":"en-US"},{"@type":"Organization","@id":"https:\/\/pasilanjoogastudio.fi\/#organization","name":"Pasilan Jooga Studio","url":"https:\/\/pasilanjoogastudio.fi\/","logo":{"@type":"ImageObject","inLanguage":"en-US","@id":"https:\/\/pasilanjoogastudio.fi\/#\/schema\/logo\/image\/","url":"https:\/\/pasilanjoogastudio.fi\/wp-content\/uploads\/2024\/07\/Pasilan-Jooga-Studio_20241213_214803_0000.png","contentUrl":"https:\/\/pasilanjoogastudio.fi\/wp-content\/uploads\/2024\/07\/Pasilan-Jooga-Studio_20241213_214803_0000.png","width":2000,"height":1295,"caption":"Pasilan Jooga Studio"},"image":{"@id":"https:\/\/pasilanjoogastudio.fi\/#\/schema\/logo\/image\/"}}]}},"_links":{"self":[{"href":"https:\/\/pasilanjoogastudio.fi\/en\/wp-json\/wp\/v2\/pages\/771","targetHints":{"allow":["GET"]}}],"collection":[{"href":"https:\/\/pasilanjoogastudio.fi\/en\/wp-json\/wp\/v2\/pages"}],"about":[{"href":"https:\/\/pasilanjoogastudio.fi\/en\/wp-json\/wp\/v2\/types\/page"}],"author":[{"embeddable":true,"href":"https:\/\/pasilanjoogastudio.fi\/en\/wp-json\/wp\/v2\/users\/1"}],"replies":[{"embeddable":true,"href":"https:\/\/pasilanjoogastudio.fi\/en\/wp-json\/wp\/v2\/comments?post=771"}],"version-history":[{"count":4,"href":"https:\/\/pasilanjoogastudio.fi\/en\/wp-json\/wp\/v2\/pages\/771\/revisions"}],"predecessor-version":[{"id":781,"href":"https:\/\/pasilanjoogastudio.fi\/en\/wp-json\/wp\/v2\/pages\/771\/revisions\/781"}],"wp:attachment":[{"href":"https:\/\/pasilanjoogastudio.fi\/en\/wp-json\/wp\/v2\/media?parent=771"}],"curies":[{"name":"wp","href":"https:\/\/api.w.org\/{rel}","templated":true}]}}