{"id":738,"date":"2025-12-08T14:37:29","date_gmt":"2025-12-08T14:37:29","guid":{"rendered":"https:\/\/pasilanjoogastudio.fi\/?page_id=738"},"modified":"2025-12-08T14:43:37","modified_gmt":"2025-12-08T14:43:37","slug":"lahjakortti","status":"publish","type":"page","link":"https:\/\/pasilanjoogastudio.fi\/en\/lahjakortti\/","title":{"rendered":"Lahjakortti"},"content":{"rendered":"<style>.elementor-738 .elementor-element.elementor-element-bdd6fa8{margin-top:0px;margin-bottom:0px;padding:74px 0px 20px 0px;}.elementor-bc-flex-widget .elementor-738 .elementor-element.elementor-element-f4b167f.elementor-column .elementor-widget-wrap{align-items:center;}.elementor-738 .elementor-element.elementor-element-f4b167f.elementor-column.elementor-element[data-element_type=\"column\"] > .elementor-widget-wrap.elementor-element-populated{align-content:center;align-items:center;}.elementor-738 .elementor-element.elementor-element-f4b167f > .elementor-element-populated{margin:0px 0px 0px 0px;--e-column-margin-right:0px;--e-column-margin-left:0px;padding:0px 50px 0px 0px;}.elementor-738 .elementor-element.elementor-element-f4b167f{z-index:9;}.elementor-738 .elementor-element.elementor-element-7b37cc6{text-align:center;}.elementor-738 .elementor-element.elementor-element-7b37cc6 .elementor-heading-title{font-size:80px;text-transform:uppercase;line-height:0.8em;color:var( --e-global-color-primary );}.elementor-738 .elementor-element.elementor-element-6f53a3c > .elementor-widget-container{margin:0% 0% 0% 0%;}.elementor-738 .elementor-element.elementor-element-6f53a3c{text-align:center;font-size:28px;line-height:37px;}.elementor-738 .elementor-element.elementor-element-0f0cf03{--display:flex;--flex-direction:row;--container-widget-width:initial;--container-widget-height:100%;--container-widget-flex-grow:1;--container-widget-align-self:stretch;--flex-wrap-mobile:wrap;--gap:0px 0px;--row-gap:0px;--column-gap:0px;}.elementor-738 .elementor-element.elementor-element-c94bcb7{--display:flex;--flex-direction:column;--container-widget-width:100%;--container-widget-height:initial;--container-widget-flex-grow:0;--container-widget-align-self:initial;--flex-wrap-mobile:wrap;}.elementor-738 .elementor-element.elementor-element-72829c3{--display:flex;--flex-direction:column;--container-widget-width:100%;--container-widget-height:initial;--container-widget-flex-grow:0;--container-widget-align-self:initial;--flex-wrap-mobile:wrap;}.elementor-738 .elementor-element.elementor-element-e737a1e{--display:flex;--flex-direction:column;--container-widget-width:100%;--container-widget-height:initial;--container-widget-flex-grow:0;--container-widget-align-self:initial;--flex-wrap-mobile:wrap;}:root{--page-title-display:none;}@media(min-width:768px){.elementor-738 .elementor-element.elementor-element-c94bcb7{--width:33%;}.elementor-738 .elementor-element.elementor-element-72829c3{--width:33%;}.elementor-738 .elementor-element.elementor-element-e737a1e{--width:33%;}}@media(max-width:1024px){.elementor-738 .elementor-element.elementor-element-bdd6fa8{padding:30px 0px 40px 0px;}.elementor-738 .elementor-element.elementor-element-f4b167f > .elementor-element-populated{padding:0px 20px 0px 30px;}.elementor-738 .elementor-element.elementor-element-7b37cc6 .elementor-heading-title{font-size:64px;}}@media(max-width:767px){.elementor-738 .elementor-element.elementor-element-bdd6fa8{padding:40px 0px 30px 0px;}.elementor-738 .elementor-element.elementor-element-f4b167f > .elementor-element-populated{padding:0px 20px 0px 20px;}.elementor-738 .elementor-element.elementor-element-7b37cc6{text-align:center;}.elementor-738 .elementor-element.elementor-element-7b37cc6 .elementor-heading-title{font-size:40px;line-height:1em;}.elementor-738 .elementor-element.elementor-element-6f53a3c > .elementor-widget-container{margin:4% 0% -6% 0%;}.elementor-738 .elementor-element.elementor-element-6f53a3c{text-align:left;font-size:18px;line-height:1.6em;}}@media(max-width:1024px) and (min-width:768px){.elementor-738 .elementor-element.elementor-element-f4b167f{width:100%;}}<\/style>\t\t<div data-elementor-type=\"wp-page\" data-elementor-id=\"738\" class=\"elementor elementor-738\" data-elementor-post-type=\"page\">\n\t\t\t\t\t\t<section class=\"elementor-section elementor-top-section elementor-element elementor-element-bdd6fa8 elementor-section-boxed elementor-section-height-default elementor-section-height-default\" data-id=\"bdd6fa8\" data-element_type=\"section\">\n\t\t\t\t\t\t<div class=\"elementor-container elementor-column-gap-default\">\n\t\t\t\t\t<div class=\"elementor-column elementor-col-100 elementor-top-column elementor-element elementor-element-f4b167f\" data-id=\"f4b167f\" data-element_type=\"column\">\n\t\t\t<div class=\"elementor-widget-wrap elementor-element-populated\">\n\t\t\t\t\t\t<div class=\"elementor-element elementor-element-7b37cc6 elementor-invisible elementor-widget elementor-widget-heading\" data-id=\"7b37cc6\" data-element_type=\"widget\" data-settings=\"{&quot;_animation&quot;:&quot;fadeInUp&quot;,&quot;_animation_delay&quot;:200}\" data-widget_type=\"heading.default\">\n\t\t\t\t<div class=\"elementor-widget-container\">\n\t\t\t\t\t<h1 class=\"elementor-heading-title elementor-size-default\">Lahjakortti<\/h1>\t\t\t\t<\/div>\n\t\t\t\t<\/div>\n\t\t\t\t<div class=\"elementor-element elementor-element-6f53a3c elementor-widget elementor-widget-text-editor\" data-id=\"6f53a3c\" data-element_type=\"widget\" data-widget_type=\"text-editor.default\">\n\t\t\t\t<div class=\"elementor-widget-container\">\n\t\t\t\t\t\t\t\t\t<div dir=\"auto\">Buy a meaningful and wellness bringing gift from a small local entrepreneur.<\/div><div dir=\"auto\">\u00a0<\/div><div dir=\"auto\">In other values contact <a href=\"mailto:pasilanjoogastudio@gmail.com\" target=\"_blank\" rel=\"noopener noreferrer noreferrer\">pasilanjoogastudio@gmail.com<\/a>\u00a0<\/div><div dir=\"auto\">\u00a0<\/div><div dir=\"auto\">Click the gift card you want, and you\u2019ll be taken to the online store to purchase it.<\/div>\t\t\t\t\t\t\t\t<\/div>\n\t\t\t\t<\/div>\n\t\t\t\t\t<\/div>\n\t\t<\/div>\n\t\t\t\t\t<\/div>\n\t\t<\/section>\n\t\t<div class=\"elementor-element elementor-element-0f0cf03 e-flex e-con-boxed e-con e-parent\" data-id=\"0f0cf03\" data-element_type=\"container\">\n\t\t\t\t\t<div class=\"e-con-inner\">\n\t\t<div class=\"elementor-element elementor-element-c94bcb7 e-con-full e-flex e-con e-child\" data-id=\"c94bcb7\" data-element_type=\"container\">\n\t\t\t\t<div class=\"elementor-element elementor-element-a48b6ec elementor-widget elementor-widget-image\" data-id=\"a48b6ec\" data-element_type=\"widget\" data-widget_type=\"image.default\">\n\t\t\t\t<div class=\"elementor-widget-container\">\n\t\t\t\t\t\t\t\t\t\t\t\t\t\t\t\t<a href=\"https:\/\/pasilan-joogastudio.myshopify.com\/products\/lahjakortti-30?variant=56311333388665\" target=\"_blank\">\n\t\t\t\t\t\t\t<img fetchpriority=\"high\" decoding=\"async\" width=\"800\" height=\"1000\" src=\"https:\/\/pasilanjoogastudio.fi\/wp-content\/uploads\/2025\/12\/22_20251203_180427_0000-819x1024.png\" class=\"attachment-large size-large wp-image-744\" alt=\"\" srcset=\"https:\/\/pasilanjoogastudio.fi\/wp-content\/uploads\/2025\/12\/22_20251203_180427_0000-819x1024.png 819w, https:\/\/pasilanjoogastudio.fi\/wp-content\/uploads\/2025\/12\/22_20251203_180427_0000-240x300.png 240w, https:\/\/pasilanjoogastudio.fi\/wp-content\/uploads\/2025\/12\/22_20251203_180427_0000-768x960.png 768w, https:\/\/pasilanjoogastudio.fi\/wp-content\/uploads\/2025\/12\/22_20251203_180427_0000-10x12.png 10w, https:\/\/pasilanjoogastudio.fi\/wp-content\/uploads\/2025\/12\/22_20251203_180427_0000.png 1080w\" sizes=\"(max-width: 800px) 100vw, 800px\" \/>\t\t\t\t\t\t\t\t<\/a>\n\t\t\t\t\t\t\t\t\t\t\t\t\t\t\t<\/div>\n\t\t\t\t<\/div>\n\t\t\t\t<\/div>\n\t\t<div class=\"elementor-element elementor-element-72829c3 e-con-full e-flex e-con e-child\" data-id=\"72829c3\" data-element_type=\"container\">\n\t\t\t\t<div class=\"elementor-element elementor-element-648f8b6 elementor-widget elementor-widget-image\" data-id=\"648f8b6\" data-element_type=\"widget\" data-widget_type=\"image.default\">\n\t\t\t\t<div class=\"elementor-widget-container\">\n\t\t\t\t\t\t\t\t\t\t\t\t\t\t\t\t<a href=\"https:\/\/pasilan-joogastudio.myshopify.com\/products\/lahjakortti-50-giftcard?variant=56311339942265\" target=\"_blank\">\n\t\t\t\t\t\t\t<img decoding=\"async\" width=\"800\" height=\"1000\" src=\"https:\/\/pasilanjoogastudio.fi\/wp-content\/uploads\/2025\/12\/23_20251203_180427_0001-819x1024.png\" class=\"attachment-large size-large wp-image-745\" alt=\"\" srcset=\"https:\/\/pasilanjoogastudio.fi\/wp-content\/uploads\/2025\/12\/23_20251203_180427_0001-819x1024.png 819w, https:\/\/pasilanjoogastudio.fi\/wp-content\/uploads\/2025\/12\/23_20251203_180427_0001-240x300.png 240w, https:\/\/pasilanjoogastudio.fi\/wp-content\/uploads\/2025\/12\/23_20251203_180427_0001-768x960.png 768w, https:\/\/pasilanjoogastudio.fi\/wp-content\/uploads\/2025\/12\/23_20251203_180427_0001-10x12.png 10w, https:\/\/pasilanjoogastudio.fi\/wp-content\/uploads\/2025\/12\/23_20251203_180427_0001.png 1080w\" sizes=\"(max-width: 800px) 100vw, 800px\" \/>\t\t\t\t\t\t\t\t<\/a>\n\t\t\t\t\t\t\t\t\t\t\t\t\t\t\t<\/div>\n\t\t\t\t<\/div>\n\t\t\t\t<\/div>\n\t\t<div class=\"elementor-element elementor-element-e737a1e e-con-full e-flex e-con e-child\" data-id=\"e737a1e\" data-element_type=\"container\">\n\t\t\t\t<div class=\"elementor-element elementor-element-ece928d elementor-widget elementor-widget-image\" data-id=\"ece928d\" data-element_type=\"widget\" data-widget_type=\"image.default\">\n\t\t\t\t<div class=\"elementor-widget-container\">\n\t\t\t\t\t\t\t\t\t\t\t\t\t\t\t\t<a href=\"https:\/\/pasilan-joogastudio.myshopify.com\/products\/lahjakortti-80?variant=56311347020153\" target=\"_blank\">\n\t\t\t\t\t\t\t<img decoding=\"async\" width=\"800\" height=\"1000\" src=\"https:\/\/pasilanjoogastudio.fi\/wp-content\/uploads\/2025\/12\/24_20251203_180427_0002-819x1024.png\" class=\"attachment-large size-large wp-image-746\" alt=\"\" srcset=\"https:\/\/pasilanjoogastudio.fi\/wp-content\/uploads\/2025\/12\/24_20251203_180427_0002-819x1024.png 819w, https:\/\/pasilanjoogastudio.fi\/wp-content\/uploads\/2025\/12\/24_20251203_180427_0002-240x300.png 240w, https:\/\/pasilanjoogastudio.fi\/wp-content\/uploads\/2025\/12\/24_20251203_180427_0002-768x960.png 768w, https:\/\/pasilanjoogastudio.fi\/wp-content\/uploads\/2025\/12\/24_20251203_180427_0002-10x12.png 10w, https:\/\/pasilanjoogastudio.fi\/wp-content\/uploads\/2025\/12\/24_20251203_180427_0002.png 1080w\" sizes=\"(max-width: 800px) 100vw, 800px\" \/>\t\t\t\t\t\t\t\t<\/a>\n\t\t\t\t\t\t\t\t\t\t\t\t\t\t\t<\/div>\n\t\t\t\t<\/div>\n\t\t\t\t<\/div>\n\t\t\t\t\t<\/div>\n\t\t\t\t<\/div>\n\t\t\t\t<\/div>","protected":false},"excerpt":{"rendered":"<p>Lahjakortti Osta merkityksellinen lahja hyvinvointia suomalaiselta pienyritt\u00e4j\u00e4lt\u00e4.\u00a0Muissa summissa l\u00e4het\u00e4 viesti pasilanjoogastudio@gmail.com\u00a0\u00a0Klikkaa haluamaasi lahjakorttia ja p\u00e4\u00e4set ostamaan sen verkkokaupasta.<\/p>","protected":false},"author":1,"featured_media":0,"parent":0,"menu_order":0,"comment_status":"closed","ping_status":"closed","template":"elementor_header_footer","meta":{"footnotes":""},"class_list":["post-738","page","type-page","status-publish","hentry"],"yoast_head":"<!-- This site is optimized with the Yoast SEO plugin v26.5 - https:\/\/yoast.com\/wordpress\/plugins\/seo\/ -->\n<title>Lahjakortti - Pasilan Jooga Studio<\/title>\n<meta name=\"robots\" content=\"index, follow, max-snippet:-1, max-image-preview:large, max-video-preview:-1\" \/>\n<link rel=\"canonical\" href=\"https:\/\/pasilanjoogastudio.fi\/en\/lahjakortti\/\" \/>\n<meta property=\"og:locale\" content=\"en_US\" \/>\n<meta property=\"og:type\" content=\"article\" \/>\n<meta property=\"og:title\" content=\"Lahjakortti - Pasilan Jooga Studio\" \/>\n<meta property=\"og:description\" content=\"Lahjakortti Osta merkityksellinen lahja hyvinvointia suomalaiselta pienyritt\u00e4j\u00e4lt\u00e4.\u00a0Muissa summissa l\u00e4het\u00e4 viesti pasilanjoogastudio@gmail.com\u00a0\u00a0Klikkaa haluamaasi lahjakorttia ja p\u00e4\u00e4set ostamaan sen verkkokaupasta.\" \/>\n<meta property=\"og:url\" content=\"https:\/\/pasilanjoogastudio.fi\/en\/lahjakortti\/\" \/>\n<meta property=\"og:site_name\" content=\"Pasilan Jooga Studio\" \/>\n<meta property=\"article:modified_time\" content=\"2025-12-08T14:43:37+00:00\" \/>\n<meta property=\"og:image\" content=\"https:\/\/pasilanjoogastudio.fi\/wp-content\/uploads\/2025\/12\/22_20251203_180427_0000.png\" \/>\n\t<meta property=\"og:image:width\" content=\"1080\" \/>\n\t<meta property=\"og:image:height\" content=\"1350\" \/>\n\t<meta property=\"og:image:type\" content=\"image\/png\" \/>\n<meta name=\"twitter:card\" content=\"summary_large_image\" \/>\n<meta name=\"twitter:label1\" content=\"Est. reading time\" \/>\n\t<meta name=\"twitter:data1\" content=\"1 minute\" \/>\n<script type=\"application\/ld+json\" class=\"yoast-schema-graph\">{\"@context\":\"https:\/\/schema.org\",\"@graph\":[{\"@type\":\"WebPage\",\"@id\":\"https:\/\/pasilanjoogastudio.fi\/lahjakortti\/\",\"url\":\"https:\/\/pasilanjoogastudio.fi\/lahjakortti\/\",\"name\":\"Lahjakortti - Pasilan Jooga Studio\",\"isPartOf\":{\"@id\":\"https:\/\/pasilanjoogastudio.fi\/#website\"},\"primaryImageOfPage\":{\"@id\":\"https:\/\/pasilanjoogastudio.fi\/lahjakortti\/#primaryimage\"},\"image\":{\"@id\":\"https:\/\/pasilanjoogastudio.fi\/lahjakortti\/#primaryimage\"},\"thumbnailUrl\":\"https:\/\/pasilanjoogastudio.fi\/wp-content\/uploads\/2025\/12\/22_20251203_180427_0000-819x1024.png\",\"datePublished\":\"2025-12-08T14:37:29+00:00\",\"dateModified\":\"2025-12-08T14:43:37+00:00\",\"breadcrumb\":{\"@id\":\"https:\/\/pasilanjoogastudio.fi\/lahjakortti\/#breadcrumb\"},\"inLanguage\":\"en-US\",\"potentialAction\":[{\"@type\":\"ReadAction\",\"target\":[\"https:\/\/pasilanjoogastudio.fi\/lahjakortti\/\"]}]},{\"@type\":\"ImageObject\",\"inLanguage\":\"en-US\",\"@id\":\"https:\/\/pasilanjoogastudio.fi\/lahjakortti\/#primaryimage\",\"url\":\"https:\/\/pasilanjoogastudio.fi\/wp-content\/uploads\/2025\/12\/22_20251203_180427_0000-819x1024.png\",\"contentUrl\":\"https:\/\/pasilanjoogastudio.fi\/wp-content\/uploads\/2025\/12\/22_20251203_180427_0000-819x1024.png\"},{\"@type\":\"BreadcrumbList\",\"@id\":\"https:\/\/pasilanjoogastudio.fi\/lahjakortti\/#breadcrumb\",\"itemListElement\":[{\"@type\":\"ListItem\",\"position\":1,\"name\":\"Etusivu\",\"item\":\"https:\/\/pasilanjoogastudio.fi\/\"},{\"@type\":\"ListItem\",\"position\":2,\"name\":\"Lahjakortti\"}]},{\"@type\":\"WebSite\",\"@id\":\"https:\/\/pasilanjoogastudio.fi\/#website\",\"url\":\"https:\/\/pasilanjoogastudio.fi\/\",\"name\":\"Pasilan Jooga Studio\",\"description\":\"Tervetuloa Pasilan Joogastudiolle!\",\"publisher\":{\"@id\":\"https:\/\/pasilanjoogastudio.fi\/#organization\"},\"potentialAction\":[{\"@type\":\"SearchAction\",\"target\":{\"@type\":\"EntryPoint\",\"urlTemplate\":\"https:\/\/pasilanjoogastudio.fi\/?s={search_term_string}\"},\"query-input\":{\"@type\":\"PropertyValueSpecification\",\"valueRequired\":true,\"valueName\":\"search_term_string\"}}],\"inLanguage\":\"en-US\"},{\"@type\":\"Organization\",\"@id\":\"https:\/\/pasilanjoogastudio.fi\/#organization\",\"name\":\"Pasilan Jooga Studio\",\"url\":\"https:\/\/pasilanjoogastudio.fi\/\",\"logo\":{\"@type\":\"ImageObject\",\"inLanguage\":\"en-US\",\"@id\":\"https:\/\/pasilanjoogastudio.fi\/#\/schema\/logo\/image\/\",\"url\":\"https:\/\/pasilanjoogastudio.fi\/wp-content\/uploads\/2024\/07\/Pasilan-Jooga-Studio_20241213_214803_0000.png\",\"contentUrl\":\"https:\/\/pasilanjoogastudio.fi\/wp-content\/uploads\/2024\/07\/Pasilan-Jooga-Studio_20241213_214803_0000.png\",\"width\":2000,\"height\":1295,\"caption\":\"Pasilan Jooga Studio\"},\"image\":{\"@id\":\"https:\/\/pasilanjoogastudio.fi\/#\/schema\/logo\/image\/\"}}]}<\/script>\n<!-- \/ Yoast SEO plugin. -->","yoast_head_json":{"title":"Lahjakortti - Pasilan Jooga Studio","robots":{"index":"index","follow":"follow","max-snippet":"max-snippet:-1","max-image-preview":"max-image-preview:large","max-video-preview":"max-video-preview:-1"},"canonical":"https:\/\/pasilanjoogastudio.fi\/en\/lahjakortti\/","og_locale":"en_US","og_type":"article","og_title":"Lahjakortti - Pasilan Jooga Studio","og_description":"Lahjakortti Osta merkityksellinen lahja hyvinvointia suomalaiselta pienyritt\u00e4j\u00e4lt\u00e4.\u00a0Muissa summissa l\u00e4het\u00e4 viesti pasilanjoogastudio@gmail.com\u00a0\u00a0Klikkaa haluamaasi lahjakorttia ja p\u00e4\u00e4set ostamaan sen verkkokaupasta.","og_url":"https:\/\/pasilanjoogastudio.fi\/en\/lahjakortti\/","og_site_name":"Pasilan Jooga Studio","article_modified_time":"2025-12-08T14:43:37+00:00","og_image":[{"width":1080,"height":1350,"url":"https:\/\/pasilanjoogastudio.fi\/wp-content\/uploads\/2025\/12\/22_20251203_180427_0000.png","type":"image\/png"}],"twitter_card":"summary_large_image","twitter_misc":{"Est. reading time":"1 minute"},"schema":{"@context":"https:\/\/schema.org","@graph":[{"@type":"WebPage","@id":"https:\/\/pasilanjoogastudio.fi\/lahjakortti\/","url":"https:\/\/pasilanjoogastudio.fi\/lahjakortti\/","name":"Lahjakortti - Pasilan Jooga Studio","isPartOf":{"@id":"https:\/\/pasilanjoogastudio.fi\/#website"},"primaryImageOfPage":{"@id":"https:\/\/pasilanjoogastudio.fi\/lahjakortti\/#primaryimage"},"image":{"@id":"https:\/\/pasilanjoogastudio.fi\/lahjakortti\/#primaryimage"},"thumbnailUrl":"https:\/\/pasilanjoogastudio.fi\/wp-content\/uploads\/2025\/12\/22_20251203_180427_0000-819x1024.png","datePublished":"2025-12-08T14:37:29+00:00","dateModified":"2025-12-08T14:43:37+00:00","breadcrumb":{"@id":"https:\/\/pasilanjoogastudio.fi\/lahjakortti\/#breadcrumb"},"inLanguage":"en-US","potentialAction":[{"@type":"ReadAction","target":["https:\/\/pasilanjoogastudio.fi\/lahjakortti\/"]}]},{"@type":"ImageObject","inLanguage":"en-US","@id":"https:\/\/pasilanjoogastudio.fi\/lahjakortti\/#primaryimage","url":"https:\/\/pasilanjoogastudio.fi\/wp-content\/uploads\/2025\/12\/22_20251203_180427_0000-819x1024.png","contentUrl":"https:\/\/pasilanjoogastudio.fi\/wp-content\/uploads\/2025\/12\/22_20251203_180427_0000-819x1024.png"},{"@type":"BreadcrumbList","@id":"https:\/\/pasilanjoogastudio.fi\/lahjakortti\/#breadcrumb","itemListElement":[{"@type":"ListItem","position":1,"name":"Etusivu","item":"https:\/\/pasilanjoogastudio.fi\/"},{"@type":"ListItem","position":2,"name":"Lahjakortti"}]},{"@type":"WebSite","@id":"https:\/\/pasilanjoogastudio.fi\/#website","url":"https:\/\/pasilanjoogastudio.fi\/","name":"Pasilan Jooga Studio","description":"Tervetuloa Pasilan Joogastudiolle!","publisher":{"@id":"https:\/\/pasilanjoogastudio.fi\/#organization"},"potentialAction":[{"@type":"SearchAction","target":{"@type":"EntryPoint","urlTemplate":"https:\/\/pasilanjoogastudio.fi\/?s={search_term_string}"},"query-input":{"@type":"PropertyValueSpecification","valueRequired":true,"valueName":"search_term_string"}}],"inLanguage":"en-US"},{"@type":"Organization","@id":"https:\/\/pasilanjoogastudio.fi\/#organization","name":"Pasilan Jooga Studio","url":"https:\/\/pasilanjoogastudio.fi\/","logo":{"@type":"ImageObject","inLanguage":"en-US","@id":"https:\/\/pasilanjoogastudio.fi\/#\/schema\/logo\/image\/","url":"https:\/\/pasilanjoogastudio.fi\/wp-content\/uploads\/2024\/07\/Pasilan-Jooga-Studio_20241213_214803_0000.png","contentUrl":"https:\/\/pasilanjoogastudio.fi\/wp-content\/uploads\/2024\/07\/Pasilan-Jooga-Studio_20241213_214803_0000.png","width":2000,"height":1295,"caption":"Pasilan Jooga Studio"},"image":{"@id":"https:\/\/pasilanjoogastudio.fi\/#\/schema\/logo\/image\/"}}]}},"_links":{"self":[{"href":"https:\/\/pasilanjoogastudio.fi\/en\/wp-json\/wp\/v2\/pages\/738","targetHints":{"allow":["GET"]}}],"collection":[{"href":"https:\/\/pasilanjoogastudio.fi\/en\/wp-json\/wp\/v2\/pages"}],"about":[{"href":"https:\/\/pasilanjoogastudio.fi\/en\/wp-json\/wp\/v2\/types\/page"}],"author":[{"embeddable":true,"href":"https:\/\/pasilanjoogastudio.fi\/en\/wp-json\/wp\/v2\/users\/1"}],"replies":[{"embeddable":true,"href":"https:\/\/pasilanjoogastudio.fi\/en\/wp-json\/wp\/v2\/comments?post=738"}],"version-history":[{"count":4,"href":"https:\/\/pasilanjoogastudio.fi\/en\/wp-json\/wp\/v2\/pages\/738\/revisions"}],"predecessor-version":[{"id":752,"href":"https:\/\/pasilanjoogastudio.fi\/en\/wp-json\/wp\/v2\/pages\/738\/revisions\/752"}],"wp:attachment":[{"href":"https:\/\/pasilanjoogastudio.fi\/en\/wp-json\/wp\/v2\/media?parent=738"}],"curies":[{"name":"wp","href":"https:\/\/api.w.org\/{rel}","templated":true}]}}