{"id":628,"date":"2025-08-14T10:08:58","date_gmt":"2025-08-14T10:08:58","guid":{"rendered":"https:\/\/pasilanjoogastudio.fi\/?page_id=628"},"modified":"2025-08-14T10:22:13","modified_gmt":"2025-08-14T10:22:13","slug":"onlinejooga","status":"publish","type":"page","link":"https:\/\/pasilanjoogastudio.fi\/en\/onlinejooga\/","title":{"rendered":"Online yoga"},"content":{"rendered":"<style>.elementor-628 .elementor-element.elementor-element-17cfdec{margin-top:0px;margin-bottom:0px;padding:74px 0px 20px 0px;}.elementor-bc-flex-widget .elementor-628 .elementor-element.elementor-element-09d8eaa.elementor-column .elementor-widget-wrap{align-items:center;}.elementor-628 .elementor-element.elementor-element-09d8eaa.elementor-column.elementor-element[data-element_type=\"column\"] > .elementor-widget-wrap.elementor-element-populated{align-content:center;align-items:center;}.elementor-628 .elementor-element.elementor-element-09d8eaa > .elementor-element-populated{margin:0px 0px 0px 0px;--e-column-margin-right:0px;--e-column-margin-left:0px;padding:0px 50px 0px 0px;}.elementor-628 .elementor-element.elementor-element-09d8eaa{z-index:9;}.elementor-628 .elementor-element.elementor-element-5235549{text-align:center;}.elementor-628 .elementor-element.elementor-element-5235549 .elementor-heading-title{font-size:80px;text-transform:uppercase;line-height:0.8em;color:var( --e-global-color-primary );}.elementor-628 .elementor-element.elementor-element-58cc27d{--display:flex;--flex-direction:row;--container-widget-width:initial;--container-widget-height:100%;--container-widget-flex-grow:1;--container-widget-align-self:stretch;--flex-wrap-mobile:wrap;--gap:0px 0px;--row-gap:0px;--column-gap:0px;--padding-top:4%;--padding-bottom:4%;--padding-left:0%;--padding-right:0%;}.elementor-628 .elementor-element.elementor-element-bf04cc0{--display:flex;--flex-direction:column;--container-widget-width:100%;--container-widget-height:initial;--container-widget-flex-grow:0;--container-widget-align-self:initial;--flex-wrap-mobile:wrap;}.elementor-628 .elementor-element.elementor-element-f740982 img{width:100%;}.elementor-628 .elementor-element.elementor-element-896f5b8{--display:flex;--flex-direction:column;--container-widget-width:100%;--container-widget-height:initial;--container-widget-flex-grow:0;--container-widget-align-self:initial;--flex-wrap-mobile:wrap;--justify-content:center;--padding-top:0px;--padding-bottom:0px;--padding-left:40px;--padding-right:0px;}.elementor-628 .elementor-element.elementor-element-970a59d > .elementor-widget-container{margin:0% 0% 0% 0%;}.elementor-628 .elementor-element.elementor-element-970a59d{text-align:left;font-size:24px;line-height:37px;}.elementor-628 .elementor-element.elementor-element-46753c3 .elementor-icon-list-items:not(.elementor-inline-items) .elementor-icon-list-item:not(:last-child){padding-block-end:calc(13px\/2);}.elementor-628 .elementor-element.elementor-element-46753c3 .elementor-icon-list-items:not(.elementor-inline-items) .elementor-icon-list-item:not(:first-child){margin-block-start:calc(13px\/2);}.elementor-628 .elementor-element.elementor-element-46753c3 .elementor-icon-list-items.elementor-inline-items .elementor-icon-list-item{margin-inline:calc(13px\/2);}.elementor-628 .elementor-element.elementor-element-46753c3 .elementor-icon-list-items.elementor-inline-items{margin-inline:calc(-13px\/2);}.elementor-628 .elementor-element.elementor-element-46753c3 .elementor-icon-list-items.elementor-inline-items .elementor-icon-list-item:after{inset-inline-end:calc(-13px\/2);}.elementor-628 .elementor-element.elementor-element-46753c3 .elementor-icon-list-icon i{color:var( --e-global-color-primary );transition:color 0.3s;}.elementor-628 .elementor-element.elementor-element-46753c3 .elementor-icon-list-icon svg{fill:var( --e-global-color-primary );transition:fill 0.3s;}.elementor-628 .elementor-element.elementor-element-46753c3{--e-icon-list-icon-size:14px;--icon-vertical-offset:0px;}.elementor-628 .elementor-element.elementor-element-46753c3 .elementor-icon-list-item > .elementor-icon-list-text, .elementor-628 .elementor-element.elementor-element-46753c3 .elementor-icon-list-item > a{font-size:24px;}.elementor-628 .elementor-element.elementor-element-46753c3 .elementor-icon-list-text{transition:color 0.3s;}:root{--page-title-display:none;}@media(min-width:768px){.elementor-628 .elementor-element.elementor-element-bf04cc0{--width:50%;}.elementor-628 .elementor-element.elementor-element-896f5b8{--width:50%;}}@media(max-width:1024px){.elementor-628 .elementor-element.elementor-element-17cfdec{padding:30px 0px 40px 0px;}.elementor-628 .elementor-element.elementor-element-09d8eaa > .elementor-element-populated{padding:0px 20px 0px 30px;}.elementor-628 .elementor-element.elementor-element-5235549 .elementor-heading-title{font-size:64px;}.elementor-628 .elementor-element.elementor-element-f740982 img{width:100%;}}@media(max-width:767px){.elementor-628 .elementor-element.elementor-element-17cfdec{padding:40px 0px 30px 0px;}.elementor-628 .elementor-element.elementor-element-09d8eaa > .elementor-element-populated{padding:0px 20px 0px 20px;}.elementor-628 .elementor-element.elementor-element-5235549{text-align:center;}.elementor-628 .elementor-element.elementor-element-5235549 .elementor-heading-title{font-size:40px;line-height:1em;}.elementor-628 .elementor-element.elementor-element-58cc27d{--padding-top:4%;--padding-bottom:4%;--padding-left:4%;--padding-right:4%;}.elementor-628 .elementor-element.elementor-element-896f5b8{--padding-top:0px;--padding-bottom:0px;--padding-left:0px;--padding-right:0px;}.elementor-628 .elementor-element.elementor-element-970a59d > .elementor-widget-container{margin:4% 0% -6% 0%;}.elementor-628 .elementor-element.elementor-element-970a59d{text-align:left;font-size:18px;line-height:1.6em;}.elementor-628 .elementor-element.elementor-element-46753c3 .elementor-icon-list-item > .elementor-icon-list-text, .elementor-628 .elementor-element.elementor-element-46753c3 .elementor-icon-list-item > a{font-size:18px;}}@media(max-width:1024px) and (min-width:768px){.elementor-628 .elementor-element.elementor-element-09d8eaa{width:100%;}}<\/style>\t\t<div data-elementor-type=\"wp-page\" data-elementor-id=\"628\" class=\"elementor elementor-628\" data-elementor-post-type=\"page\">\n\t\t\t\t\t\t<section class=\"elementor-section elementor-top-section elementor-element elementor-element-17cfdec elementor-section-boxed elementor-section-height-default elementor-section-height-default\" data-id=\"17cfdec\" data-element_type=\"section\">\n\t\t\t\t\t\t<div class=\"elementor-container elementor-column-gap-default\">\n\t\t\t\t\t<div class=\"elementor-column elementor-col-100 elementor-top-column elementor-element elementor-element-09d8eaa\" data-id=\"09d8eaa\" data-element_type=\"column\">\n\t\t\t<div class=\"elementor-widget-wrap elementor-element-populated\">\n\t\t\t\t\t\t<div class=\"elementor-element elementor-element-5235549 elementor-invisible elementor-widget elementor-widget-heading\" data-id=\"5235549\" data-element_type=\"widget\" data-settings=\"{&quot;_animation&quot;:&quot;fadeInUp&quot;,&quot;_animation_delay&quot;:200}\" data-widget_type=\"heading.default\">\n\t\t\t\t<div class=\"elementor-widget-container\">\n\t\t\t\t\t<h1 class=\"elementor-heading-title elementor-size-default\">Online yoga<\/h1>\t\t\t\t<\/div>\n\t\t\t\t<\/div>\n\t\t\t\t\t<\/div>\n\t\t<\/div>\n\t\t\t\t\t<\/div>\n\t\t<\/section>\n\t\t<div class=\"elementor-element elementor-element-58cc27d e-flex e-con-boxed e-con e-parent\" data-id=\"58cc27d\" data-element_type=\"container\">\n\t\t\t\t\t<div class=\"e-con-inner\">\n\t\t<div class=\"elementor-element elementor-element-bf04cc0 e-con-full e-flex e-con e-child\" data-id=\"bf04cc0\" data-element_type=\"container\">\n\t\t\t\t<div class=\"elementor-element elementor-element-f740982 elementor-widget elementor-widget-image\" data-id=\"f740982\" data-element_type=\"widget\" data-widget_type=\"image.default\">\n\t\t\t\t<div class=\"elementor-widget-container\">\n\t\t\t\t\t\t\t\t\t\t\t\t\t\t\t<img fetchpriority=\"high\" decoding=\"async\" width=\"683\" height=\"1024\" src=\"https:\/\/pasilanjoogastudio.fi\/wp-content\/uploads\/2025\/08\/ONLINEJOOGA-683x1024.jpg\" class=\"attachment-large size-large wp-image-630\" alt=\"\" srcset=\"https:\/\/pasilanjoogastudio.fi\/wp-content\/uploads\/2025\/08\/ONLINEJOOGA-683x1024.jpg 683w, https:\/\/pasilanjoogastudio.fi\/wp-content\/uploads\/2025\/08\/ONLINEJOOGA-200x300.jpg 200w, https:\/\/pasilanjoogastudio.fi\/wp-content\/uploads\/2025\/08\/ONLINEJOOGA-768x1152.jpg 768w, https:\/\/pasilanjoogastudio.fi\/wp-content\/uploads\/2025\/08\/ONLINEJOOGA-1024x1536.jpg 1024w, https:\/\/pasilanjoogastudio.fi\/wp-content\/uploads\/2025\/08\/ONLINEJOOGA-1365x2048.jpg 1365w, https:\/\/pasilanjoogastudio.fi\/wp-content\/uploads\/2025\/08\/ONLINEJOOGA-8x12.jpg 8w, https:\/\/pasilanjoogastudio.fi\/wp-content\/uploads\/2025\/08\/ONLINEJOOGA-scaled.jpg 700w\" sizes=\"(max-width: 683px) 100vw, 683px\" \/>\t\t\t\t\t\t\t\t\t\t\t\t\t\t\t<\/div>\n\t\t\t\t<\/div>\n\t\t\t\t<\/div>\n\t\t<div class=\"elementor-element elementor-element-896f5b8 e-con-full e-flex e-con e-child\" data-id=\"896f5b8\" data-element_type=\"container\">\n\t\t\t\t<div class=\"elementor-element elementor-element-970a59d elementor-widget elementor-widget-text-editor\" data-id=\"970a59d\" data-element_type=\"widget\" data-widget_type=\"text-editor.default\">\n\t\t\t\t<div class=\"elementor-widget-container\">\n\t\t\t\t\t\t\t\t\t<p>Pasila Yoga Studio offers daily online yoga in the morning, lunchtime, afternoon and evening. The yoga sessions are always general level flow or hatha yoga.<\/p><p>The price of online yoga is 15 e per participation. Payment methods: mobilepay, sports benefits or bank transfer.\u00a0<\/p><p>Send a message on WhatsApp +358449730926 (Monday evening online yoga) and you will be added to the WhatsApp group. After the class you can leave the group.\u00a0<\/p><p>Evening yoga every day from 6:00 pm to 7:00 pm; other times vary.<\/p><h3>Here is a tentative schedule<\/h3>\t\t\t\t\t\t\t\t<\/div>\n\t\t\t\t<\/div>\n\t\t\t\t<div class=\"elementor-element elementor-element-46753c3 elementor-icon-list--layout-traditional elementor-list-item-link-full_width elementor-widget elementor-widget-icon-list\" data-id=\"46753c3\" data-element_type=\"widget\" data-widget_type=\"icon-list.default\">\n\t\t\t\t<div class=\"elementor-widget-container\">\n\t\t\t\t\t\t\t<ul class=\"elementor-icon-list-items\">\n\t\t\t\t\t\t\t<li class=\"elementor-icon-list-item\">\n\t\t\t\t\t\t\t\t\t\t\t<span class=\"elementor-icon-list-icon\">\n\t\t\t\t\t\t\t<svg aria-hidden=\"true\" class=\"e-font-icon-svg e-fas-angle-right\" viewbox=\"0 0 256 512\" xmlns=\"http:\/\/www.w3.org\/2000\/svg\"><path d=\"M224.3 273l-136 136c-9.4 9.4-24.6 9.4-33.9 0l-22.6-22.6c-9.4-9.4-9.4-24.6 0-33.9l96.4-96.4-96.4-96.4c-9.4-9.4-9.4-24.6 0-33.9L54.3 103c9.4-9.4 24.6-9.4 33.9 0l136 136c9.5 9.4 9.5 24.6.1 34z\"><\/path><\/svg>\t\t\t\t\t\t<\/span>\n\t\t\t\t\t\t\t\t\t\t<span class=\"elementor-icon-list-text\">Everyday morning yoga 07.00-10.00 <\/span>\n\t\t\t\t\t\t\t\t\t<\/li>\n\t\t\t\t\t\t\t\t<li class=\"elementor-icon-list-item\">\n\t\t\t\t\t\t\t\t\t\t\t<span class=\"elementor-icon-list-icon\">\n\t\t\t\t\t\t\t<svg aria-hidden=\"true\" class=\"e-font-icon-svg e-fas-angle-right\" viewbox=\"0 0 256 512\" xmlns=\"http:\/\/www.w3.org\/2000\/svg\"><path d=\"M224.3 273l-136 136c-9.4 9.4-24.6 9.4-33.9 0l-22.6-22.6c-9.4-9.4-9.4-24.6 0-33.9l96.4-96.4-96.4-96.4c-9.4-9.4-9.4-24.6 0-33.9L54.3 103c9.4-9.4 24.6-9.4 33.9 0l136 136c9.5 9.4 9.5 24.6.1 34z\"><\/path><\/svg>\t\t\t\t\t\t<\/span>\n\t\t\t\t\t\t\t\t\t\t<span class=\"elementor-icon-list-text\">Lunch yoga 11.00-13.00 <\/span>\n\t\t\t\t\t\t\t\t\t<\/li>\n\t\t\t\t\t\t\t\t<li class=\"elementor-icon-list-item\">\n\t\t\t\t\t\t\t\t\t\t\t<span class=\"elementor-icon-list-icon\">\n\t\t\t\t\t\t\t<svg aria-hidden=\"true\" class=\"e-font-icon-svg e-fas-angle-right\" viewbox=\"0 0 256 512\" xmlns=\"http:\/\/www.w3.org\/2000\/svg\"><path d=\"M224.3 273l-136 136c-9.4 9.4-24.6 9.4-33.9 0l-22.6-22.6c-9.4-9.4-9.4-24.6 0-33.9l96.4-96.4-96.4-96.4c-9.4-9.4-9.4-24.6 0-33.9L54.3 103c9.4-9.4 24.6-9.4 33.9 0l136 136c9.5 9.4 9.5 24.6.1 34z\"><\/path><\/svg>\t\t\t\t\t\t<\/span>\n\t\t\t\t\t\t\t\t\t\t<span class=\"elementor-icon-list-text\">Midday yoga 15.00-16.00  <\/span>\n\t\t\t\t\t\t\t\t\t<\/li>\n\t\t\t\t\t\t\t\t<li class=\"elementor-icon-list-item\">\n\t\t\t\t\t\t\t\t\t\t\t<span class=\"elementor-icon-list-icon\">\n\t\t\t\t\t\t\t<svg aria-hidden=\"true\" class=\"e-font-icon-svg e-fas-angle-right\" viewbox=\"0 0 256 512\" xmlns=\"http:\/\/www.w3.org\/2000\/svg\"><path d=\"M224.3 273l-136 136c-9.4 9.4-24.6 9.4-33.9 0l-22.6-22.6c-9.4-9.4-9.4-24.6 0-33.9l96.4-96.4-96.4-96.4c-9.4-9.4-9.4-24.6 0-33.9L54.3 103c9.4-9.4 24.6-9.4 33.9 0l136 136c9.5 9.4 9.5 24.6.1 34z\"><\/path><\/svg>\t\t\t\t\t\t<\/span>\n\t\t\t\t\t\t\t\t\t\t<span class=\"elementor-icon-list-text\">Evening yoga 18.00-19.00<\/span>\n\t\t\t\t\t\t\t\t\t<\/li>\n\t\t\t\t\t\t<\/ul>\n\t\t\t\t\t\t<\/div>\n\t\t\t\t<\/div>\n\t\t\t\t<\/div>\n\t\t\t\t\t<\/div>\n\t\t\t\t<\/div>\n\t\t\t\t<\/div>","protected":false},"excerpt":{"rendered":"<p>Onlinejooga Pasilan joogastudiolla on p\u00e4ivitt\u00e4in onlinejooga aamulla, lounas-aikaan, iltap\u00e4iv\u00e4ll\u00e4 ja illalla. Joogat ovat aina yleistason flow- tai hathajoogaa. Onlinejoogan hinta on 15 e per osallistuminen. Maksutavat: mobilepay, liikuntaedut tai tilisiirto.\u00a0 L\u00e4het\u00e4 viesti whatsappissa +358449730926 (ma-ilta onlinejooga) ja sinut liitet\u00e4\u00e4n whatsappryhm\u00e4\u00e4n. Tunnin j\u00e4lkeen voit poistua ryhm\u00e4st\u00e4.\u00a0 Joka ilta 18.00-19.00 iltajooga, muut ajat vaihtelevat. T\u00e4ss\u00e4 on suuntaa [&hellip;]<\/p>","protected":false},"author":1,"featured_media":0,"parent":0,"menu_order":0,"comment_status":"closed","ping_status":"closed","template":"elementor_header_footer","meta":{"footnotes":""},"class_list":["post-628","page","type-page","status-publish","hentry"],"yoast_head":"<!-- This site is optimized with the Yoast SEO plugin v26.5 - https:\/\/yoast.com\/wordpress\/plugins\/seo\/ -->\n<title>Onlinejooga - Pasilan Jooga Studio<\/title>\n<meta name=\"robots\" content=\"index, follow, max-snippet:-1, max-image-preview:large, max-video-preview:-1\" \/>\n<link rel=\"canonical\" href=\"https:\/\/pasilanjoogastudio.fi\/en\/onlinejooga\/\" \/>\n<meta property=\"og:locale\" content=\"en_US\" \/>\n<meta property=\"og:type\" content=\"article\" \/>\n<meta property=\"og:title\" content=\"Onlinejooga - Pasilan Jooga Studio\" \/>\n<meta property=\"og:description\" content=\"Onlinejooga Pasilan joogastudiolla on p\u00e4ivitt\u00e4in onlinejooga aamulla, lounas-aikaan, iltap\u00e4iv\u00e4ll\u00e4 ja illalla. Joogat ovat aina yleistason flow- tai hathajoogaa. Onlinejoogan hinta on 15 e per osallistuminen. Maksutavat: mobilepay, liikuntaedut tai tilisiirto.\u00a0 L\u00e4het\u00e4 viesti whatsappissa +358449730926 (ma-ilta onlinejooga) ja sinut liitet\u00e4\u00e4n whatsappryhm\u00e4\u00e4n. Tunnin j\u00e4lkeen voit poistua ryhm\u00e4st\u00e4.\u00a0 Joka ilta 18.00-19.00 iltajooga, muut ajat vaihtelevat. T\u00e4ss\u00e4 on suuntaa [&hellip;]\" \/>\n<meta property=\"og:url\" content=\"https:\/\/pasilanjoogastudio.fi\/en\/onlinejooga\/\" \/>\n<meta property=\"og:site_name\" content=\"Pasilan Jooga Studio\" \/>\n<meta property=\"article:modified_time\" content=\"2025-08-14T10:22:13+00:00\" \/>\n<meta property=\"og:image\" content=\"https:\/\/pasilanjoogastudio.fi\/wp-content\/uploads\/2025\/08\/ONLINEJOOGA-scaled.jpg\" \/>\n\t<meta property=\"og:image:width\" content=\"700\" \/>\n\t<meta property=\"og:image:height\" content=\"1050\" \/>\n\t<meta property=\"og:image:type\" content=\"image\/jpeg\" \/>\n<meta name=\"twitter:card\" content=\"summary_large_image\" \/>\n<meta name=\"twitter:label1\" content=\"Est. reading time\" \/>\n\t<meta name=\"twitter:data1\" content=\"1 minute\" \/>\n<script type=\"application\/ld+json\" class=\"yoast-schema-graph\">{\"@context\":\"https:\/\/schema.org\",\"@graph\":[{\"@type\":\"WebPage\",\"@id\":\"https:\/\/pasilanjoogastudio.fi\/onlinejooga\/\",\"url\":\"https:\/\/pasilanjoogastudio.fi\/onlinejooga\/\",\"name\":\"Onlinejooga - Pasilan Jooga Studio\",\"isPartOf\":{\"@id\":\"https:\/\/pasilanjoogastudio.fi\/#website\"},\"primaryImageOfPage\":{\"@id\":\"https:\/\/pasilanjoogastudio.fi\/onlinejooga\/#primaryimage\"},\"image\":{\"@id\":\"https:\/\/pasilanjoogastudio.fi\/onlinejooga\/#primaryimage\"},\"thumbnailUrl\":\"https:\/\/pasilanjoogastudio.fi\/wp-content\/uploads\/2025\/08\/ONLINEJOOGA-683x1024.jpg\",\"datePublished\":\"2025-08-14T10:08:58+00:00\",\"dateModified\":\"2025-08-14T10:22:13+00:00\",\"breadcrumb\":{\"@id\":\"https:\/\/pasilanjoogastudio.fi\/onlinejooga\/#breadcrumb\"},\"inLanguage\":\"en-US\",\"potentialAction\":[{\"@type\":\"ReadAction\",\"target\":[\"https:\/\/pasilanjoogastudio.fi\/onlinejooga\/\"]}]},{\"@type\":\"ImageObject\",\"inLanguage\":\"en-US\",\"@id\":\"https:\/\/pasilanjoogastudio.fi\/onlinejooga\/#primaryimage\",\"url\":\"https:\/\/pasilanjoogastudio.fi\/wp-content\/uploads\/2025\/08\/ONLINEJOOGA-683x1024.jpg\",\"contentUrl\":\"https:\/\/pasilanjoogastudio.fi\/wp-content\/uploads\/2025\/08\/ONLINEJOOGA-683x1024.jpg\"},{\"@type\":\"BreadcrumbList\",\"@id\":\"https:\/\/pasilanjoogastudio.fi\/onlinejooga\/#breadcrumb\",\"itemListElement\":[{\"@type\":\"ListItem\",\"position\":1,\"name\":\"Etusivu\",\"item\":\"https:\/\/pasilanjoogastudio.fi\/\"},{\"@type\":\"ListItem\",\"position\":2,\"name\":\"Onlinejooga\"}]},{\"@type\":\"WebSite\",\"@id\":\"https:\/\/pasilanjoogastudio.fi\/#website\",\"url\":\"https:\/\/pasilanjoogastudio.fi\/\",\"name\":\"Pasilan Jooga Studio\",\"description\":\"Tervetuloa Pasilan Joogastudiolle!\",\"publisher\":{\"@id\":\"https:\/\/pasilanjoogastudio.fi\/#organization\"},\"potentialAction\":[{\"@type\":\"SearchAction\",\"target\":{\"@type\":\"EntryPoint\",\"urlTemplate\":\"https:\/\/pasilanjoogastudio.fi\/?s={search_term_string}\"},\"query-input\":{\"@type\":\"PropertyValueSpecification\",\"valueRequired\":true,\"valueName\":\"search_term_string\"}}],\"inLanguage\":\"en-US\"},{\"@type\":\"Organization\",\"@id\":\"https:\/\/pasilanjoogastudio.fi\/#organization\",\"name\":\"Pasilan Jooga Studio\",\"url\":\"https:\/\/pasilanjoogastudio.fi\/\",\"logo\":{\"@type\":\"ImageObject\",\"inLanguage\":\"en-US\",\"@id\":\"https:\/\/pasilanjoogastudio.fi\/#\/schema\/logo\/image\/\",\"url\":\"https:\/\/pasilanjoogastudio.fi\/wp-content\/uploads\/2024\/07\/Pasilan-Jooga-Studio_20241213_214803_0000.png\",\"contentUrl\":\"https:\/\/pasilanjoogastudio.fi\/wp-content\/uploads\/2024\/07\/Pasilan-Jooga-Studio_20241213_214803_0000.png\",\"width\":2000,\"height\":1295,\"caption\":\"Pasilan Jooga Studio\"},\"image\":{\"@id\":\"https:\/\/pasilanjoogastudio.fi\/#\/schema\/logo\/image\/\"}}]}<\/script>\n<!-- \/ Yoast SEO plugin. -->","yoast_head_json":{"title":"Onlinejooga - Pasilan Jooga Studio","robots":{"index":"index","follow":"follow","max-snippet":"max-snippet:-1","max-image-preview":"max-image-preview:large","max-video-preview":"max-video-preview:-1"},"canonical":"https:\/\/pasilanjoogastudio.fi\/en\/onlinejooga\/","og_locale":"en_US","og_type":"article","og_title":"Onlinejooga - Pasilan Jooga Studio","og_description":"Onlinejooga Pasilan joogastudiolla on p\u00e4ivitt\u00e4in onlinejooga aamulla, lounas-aikaan, iltap\u00e4iv\u00e4ll\u00e4 ja illalla. Joogat ovat aina yleistason flow- tai hathajoogaa. Onlinejoogan hinta on 15 e per osallistuminen. Maksutavat: mobilepay, liikuntaedut tai tilisiirto.\u00a0 L\u00e4het\u00e4 viesti whatsappissa +358449730926 (ma-ilta onlinejooga) ja sinut liitet\u00e4\u00e4n whatsappryhm\u00e4\u00e4n. Tunnin j\u00e4lkeen voit poistua ryhm\u00e4st\u00e4.\u00a0 Joka ilta 18.00-19.00 iltajooga, muut ajat vaihtelevat. T\u00e4ss\u00e4 on suuntaa [&hellip;]","og_url":"https:\/\/pasilanjoogastudio.fi\/en\/onlinejooga\/","og_site_name":"Pasilan Jooga Studio","article_modified_time":"2025-08-14T10:22:13+00:00","og_image":[{"width":700,"height":1050,"url":"https:\/\/pasilanjoogastudio.fi\/wp-content\/uploads\/2025\/08\/ONLINEJOOGA-scaled.jpg","type":"image\/jpeg"}],"twitter_card":"summary_large_image","twitter_misc":{"Est. reading time":"1 minute"},"schema":{"@context":"https:\/\/schema.org","@graph":[{"@type":"WebPage","@id":"https:\/\/pasilanjoogastudio.fi\/onlinejooga\/","url":"https:\/\/pasilanjoogastudio.fi\/onlinejooga\/","name":"Onlinejooga - Pasilan Jooga Studio","isPartOf":{"@id":"https:\/\/pasilanjoogastudio.fi\/#website"},"primaryImageOfPage":{"@id":"https:\/\/pasilanjoogastudio.fi\/onlinejooga\/#primaryimage"},"image":{"@id":"https:\/\/pasilanjoogastudio.fi\/onlinejooga\/#primaryimage"},"thumbnailUrl":"https:\/\/pasilanjoogastudio.fi\/wp-content\/uploads\/2025\/08\/ONLINEJOOGA-683x1024.jpg","datePublished":"2025-08-14T10:08:58+00:00","dateModified":"2025-08-14T10:22:13+00:00","breadcrumb":{"@id":"https:\/\/pasilanjoogastudio.fi\/onlinejooga\/#breadcrumb"},"inLanguage":"en-US","potentialAction":[{"@type":"ReadAction","target":["https:\/\/pasilanjoogastudio.fi\/onlinejooga\/"]}]},{"@type":"ImageObject","inLanguage":"en-US","@id":"https:\/\/pasilanjoogastudio.fi\/onlinejooga\/#primaryimage","url":"https:\/\/pasilanjoogastudio.fi\/wp-content\/uploads\/2025\/08\/ONLINEJOOGA-683x1024.jpg","contentUrl":"https:\/\/pasilanjoogastudio.fi\/wp-content\/uploads\/2025\/08\/ONLINEJOOGA-683x1024.jpg"},{"@type":"BreadcrumbList","@id":"https:\/\/pasilanjoogastudio.fi\/onlinejooga\/#breadcrumb","itemListElement":[{"@type":"ListItem","position":1,"name":"Etusivu","item":"https:\/\/pasilanjoogastudio.fi\/"},{"@type":"ListItem","position":2,"name":"Onlinejooga"}]},{"@type":"WebSite","@id":"https:\/\/pasilanjoogastudio.fi\/#website","url":"https:\/\/pasilanjoogastudio.fi\/","name":"Pasilan Jooga Studio","description":"Tervetuloa Pasilan Joogastudiolle!","publisher":{"@id":"https:\/\/pasilanjoogastudio.fi\/#organization"},"potentialAction":[{"@type":"SearchAction","target":{"@type":"EntryPoint","urlTemplate":"https:\/\/pasilanjoogastudio.fi\/?s={search_term_string}"},"query-input":{"@type":"PropertyValueSpecification","valueRequired":true,"valueName":"search_term_string"}}],"inLanguage":"en-US"},{"@type":"Organization","@id":"https:\/\/pasilanjoogastudio.fi\/#organization","name":"Pasilan Jooga Studio","url":"https:\/\/pasilanjoogastudio.fi\/","logo":{"@type":"ImageObject","inLanguage":"en-US","@id":"https:\/\/pasilanjoogastudio.fi\/#\/schema\/logo\/image\/","url":"https:\/\/pasilanjoogastudio.fi\/wp-content\/uploads\/2024\/07\/Pasilan-Jooga-Studio_20241213_214803_0000.png","contentUrl":"https:\/\/pasilanjoogastudio.fi\/wp-content\/uploads\/2024\/07\/Pasilan-Jooga-Studio_20241213_214803_0000.png","width":2000,"height":1295,"caption":"Pasilan Jooga Studio"},"image":{"@id":"https:\/\/pasilanjoogastudio.fi\/#\/schema\/logo\/image\/"}}]}},"_links":{"self":[{"href":"https:\/\/pasilanjoogastudio.fi\/en\/wp-json\/wp\/v2\/pages\/628","targetHints":{"allow":["GET"]}}],"collection":[{"href":"https:\/\/pasilanjoogastudio.fi\/en\/wp-json\/wp\/v2\/pages"}],"about":[{"href":"https:\/\/pasilanjoogastudio.fi\/en\/wp-json\/wp\/v2\/types\/page"}],"author":[{"embeddable":true,"href":"https:\/\/pasilanjoogastudio.fi\/en\/wp-json\/wp\/v2\/users\/1"}],"replies":[{"embeddable":true,"href":"https:\/\/pasilanjoogastudio.fi\/en\/wp-json\/wp\/v2\/comments?post=628"}],"version-history":[{"count":7,"href":"https:\/\/pasilanjoogastudio.fi\/en\/wp-json\/wp\/v2\/pages\/628\/revisions"}],"predecessor-version":[{"id":648,"href":"https:\/\/pasilanjoogastudio.fi\/en\/wp-json\/wp\/v2\/pages\/628\/revisions\/648"}],"wp:attachment":[{"href":"https:\/\/pasilanjoogastudio.fi\/en\/wp-json\/wp\/v2\/media?parent=628"}],"curies":[{"name":"wp","href":"https:\/\/api.w.org\/{rel}","templated":true}]}}