{"id":622,"date":"2025-08-14T10:06:09","date_gmt":"2025-08-14T10:06:09","guid":{"rendered":"https:\/\/pasilanjoogastudio.fi\/?page_id=622"},"modified":"2025-08-14T10:07:35","modified_gmt":"2025-08-14T10:07:35","slug":"jarjesta-workshop-studiolla","status":"publish","type":"page","link":"https:\/\/pasilanjoogastudio.fi\/en\/jarjesta-workshop-studiolla\/","title":{"rendered":"Organize a workshop at the studio"},"content":{"rendered":"<style>.elementor-622 .elementor-element.elementor-element-1eccc45{margin-top:0px;margin-bottom:0px;padding:74px 0px 20px 0px;}.elementor-bc-flex-widget .elementor-622 .elementor-element.elementor-element-07c45ef.elementor-column .elementor-widget-wrap{align-items:center;}.elementor-622 .elementor-element.elementor-element-07c45ef.elementor-column.elementor-element[data-element_type=\"column\"] > .elementor-widget-wrap.elementor-element-populated{align-content:center;align-items:center;}.elementor-622 .elementor-element.elementor-element-07c45ef > .elementor-element-populated{margin:0px 0px 0px 0px;--e-column-margin-right:0px;--e-column-margin-left:0px;padding:0px 50px 0px 0px;}.elementor-622 .elementor-element.elementor-element-07c45ef{z-index:9;}.elementor-622 .elementor-element.elementor-element-0c9d142{text-align:center;}.elementor-622 .elementor-element.elementor-element-0c9d142 .elementor-heading-title{font-size:80px;text-transform:uppercase;line-height:0.8em;color:var( --e-global-color-primary );}.elementor-622 .elementor-element.elementor-element-3361f91{--display:flex;--flex-direction:row;--container-widget-width:initial;--container-widget-height:100%;--container-widget-flex-grow:1;--container-widget-align-self:stretch;--flex-wrap-mobile:wrap;--gap:0px 0px;--row-gap:0px;--column-gap:0px;--padding-top:4%;--padding-bottom:0%;--padding-left:0%;--padding-right:0%;}.elementor-622 .elementor-element.elementor-element-cf509e9{--display:flex;--flex-direction:column;--container-widget-width:100%;--container-widget-height:initial;--container-widget-flex-grow:0;--container-widget-align-self:initial;--flex-wrap-mobile:wrap;}.elementor-622 .elementor-element.elementor-element-ec61342 img{width:100%;}.elementor-622 .elementor-element.elementor-element-ece5a79{--display:flex;--flex-direction:column;--container-widget-width:100%;--container-widget-height:initial;--container-widget-flex-grow:0;--container-widget-align-self:initial;--flex-wrap-mobile:wrap;--justify-content:center;--padding-top:0px;--padding-bottom:0px;--padding-left:40px;--padding-right:0px;}.elementor-622 .elementor-element.elementor-element-d001e7a > .elementor-widget-container{margin:0% 0% 0% 0%;}.elementor-622 .elementor-element.elementor-element-d001e7a{text-align:left;font-size:28px;line-height:37px;}:root{--page-title-display:none;}@media(min-width:768px){.elementor-622 .elementor-element.elementor-element-cf509e9{--width:50%;}.elementor-622 .elementor-element.elementor-element-ece5a79{--width:50%;}}@media(max-width:1024px){.elementor-622 .elementor-element.elementor-element-1eccc45{padding:30px 0px 40px 0px;}.elementor-622 .elementor-element.elementor-element-07c45ef > .elementor-element-populated{padding:0px 20px 0px 30px;}.elementor-622 .elementor-element.elementor-element-0c9d142 .elementor-heading-title{font-size:64px;}.elementor-622 .elementor-element.elementor-element-ec61342 img{width:100%;}}@media(max-width:767px){.elementor-622 .elementor-element.elementor-element-1eccc45{padding:40px 0px 30px 0px;}.elementor-622 .elementor-element.elementor-element-07c45ef > .elementor-element-populated{padding:0px 20px 0px 20px;}.elementor-622 .elementor-element.elementor-element-0c9d142{text-align:center;}.elementor-622 .elementor-element.elementor-element-0c9d142 .elementor-heading-title{font-size:40px;line-height:1em;}.elementor-622 .elementor-element.elementor-element-3361f91{--padding-top:4%;--padding-bottom:4%;--padding-left:4%;--padding-right:4%;}.elementor-622 .elementor-element.elementor-element-ece5a79{--padding-top:0px;--padding-bottom:0px;--padding-left:0px;--padding-right:0px;}.elementor-622 .elementor-element.elementor-element-d001e7a > .elementor-widget-container{margin:4% 0% -6% 0%;}.elementor-622 .elementor-element.elementor-element-d001e7a{text-align:left;font-size:18px;line-height:1.6em;}}@media(max-width:1024px) and (min-width:768px){.elementor-622 .elementor-element.elementor-element-07c45ef{width:100%;}}<\/style>\t\t<div data-elementor-type=\"wp-page\" data-elementor-id=\"622\" class=\"elementor elementor-622\" data-elementor-post-type=\"page\">\n\t\t\t\t\t\t<section class=\"elementor-section elementor-top-section elementor-element elementor-element-1eccc45 elementor-section-boxed elementor-section-height-default elementor-section-height-default\" data-id=\"1eccc45\" data-element_type=\"section\">\n\t\t\t\t\t\t<div class=\"elementor-container elementor-column-gap-default\">\n\t\t\t\t\t<div class=\"elementor-column elementor-col-100 elementor-top-column elementor-element elementor-element-07c45ef\" data-id=\"07c45ef\" data-element_type=\"column\">\n\t\t\t<div class=\"elementor-widget-wrap elementor-element-populated\">\n\t\t\t\t\t\t<div class=\"elementor-element elementor-element-0c9d142 elementor-invisible elementor-widget elementor-widget-heading\" data-id=\"0c9d142\" data-element_type=\"widget\" data-settings=\"{&quot;_animation&quot;:&quot;fadeInUp&quot;,&quot;_animation_delay&quot;:200}\" data-widget_type=\"heading.default\">\n\t\t\t\t<div class=\"elementor-widget-container\">\n\t\t\t\t\t<h1 class=\"elementor-heading-title elementor-size-default\">Organize a workshop at the studio<\/h1>\t\t\t\t<\/div>\n\t\t\t\t<\/div>\n\t\t\t\t\t<\/div>\n\t\t<\/div>\n\t\t\t\t\t<\/div>\n\t\t<\/section>\n\t\t<div class=\"elementor-element elementor-element-3361f91 e-flex e-con-boxed e-con e-parent\" data-id=\"3361f91\" data-element_type=\"container\">\n\t\t\t\t\t<div class=\"e-con-inner\">\n\t\t<div class=\"elementor-element elementor-element-cf509e9 e-con-full e-flex e-con e-child\" data-id=\"cf509e9\" data-element_type=\"container\">\n\t\t\t\t<div class=\"elementor-element elementor-element-ec61342 elementor-widget elementor-widget-image\" data-id=\"ec61342\" data-element_type=\"widget\" data-widget_type=\"image.default\">\n\t\t\t\t<div class=\"elementor-widget-container\">\n\t\t\t\t\t\t\t\t\t\t\t\t\t\t\t<img fetchpriority=\"high\" decoding=\"async\" width=\"800\" height=\"534\" src=\"https:\/\/pasilanjoogastudio.fi\/wp-content\/uploads\/2025\/08\/Jarjesta-workshop-studiolla--1024x683.jpg\" class=\"attachment-large size-large wp-image-624\" alt=\"\" srcset=\"https:\/\/pasilanjoogastudio.fi\/wp-content\/uploads\/2025\/08\/Jarjesta-workshop-studiolla--1024x683.jpg 1024w, https:\/\/pasilanjoogastudio.fi\/wp-content\/uploads\/2025\/08\/Jarjesta-workshop-studiolla--300x200.jpg 300w, https:\/\/pasilanjoogastudio.fi\/wp-content\/uploads\/2025\/08\/Jarjesta-workshop-studiolla--768x512.jpg 768w, https:\/\/pasilanjoogastudio.fi\/wp-content\/uploads\/2025\/08\/Jarjesta-workshop-studiolla--1536x1024.jpg 1536w, https:\/\/pasilanjoogastudio.fi\/wp-content\/uploads\/2025\/08\/Jarjesta-workshop-studiolla--2048x1365.jpg 2048w, https:\/\/pasilanjoogastudio.fi\/wp-content\/uploads\/2025\/08\/Jarjesta-workshop-studiolla--18x12.jpg 18w, https:\/\/pasilanjoogastudio.fi\/wp-content\/uploads\/2025\/08\/Jarjesta-workshop-studiolla--scaled.jpg 1575w\" sizes=\"(max-width: 800px) 100vw, 800px\" \/>\t\t\t\t\t\t\t\t\t\t\t\t\t\t\t<\/div>\n\t\t\t\t<\/div>\n\t\t\t\t<\/div>\n\t\t<div class=\"elementor-element elementor-element-ece5a79 e-con-full e-flex e-con e-child\" data-id=\"ece5a79\" data-element_type=\"container\">\n\t\t\t\t<div class=\"elementor-element elementor-element-d001e7a elementor-widget elementor-widget-text-editor\" data-id=\"d001e7a\" data-element_type=\"widget\" data-widget_type=\"text-editor.default\">\n\t\t\t\t<div class=\"elementor-widget-container\">\n\t\t\t\t\t\t\t\t\t<p>You can organize a workshop at the Pasila yoga studio and rent the space.\u00a0<\/p><p>You can also organize a workshop or event in collaboration with the studio. In this case, we will help with the marketing of the event in stories, publications and co-authorship posts. The rent is flexible based on the number of participants and pricing.\u00a0<\/p>\t\t\t\t\t\t\t\t<\/div>\n\t\t\t\t<\/div>\n\t\t\t\t<\/div>\n\t\t\t\t\t<\/div>\n\t\t\t\t<\/div>\n\t\t\t\t<\/div>","protected":false},"excerpt":{"rendered":"<p>J\u00e4rjest\u00e4 workshop studiolla Voit j\u00e4rjest\u00e4\u00e4 workshopin Pasilan joogastudiolla ja vuokrata tilan.\u00a0 Voit j\u00e4rjest\u00e4\u00e4 workshopin tai tapahtuman my\u00f6s yhteisty\u00f6ss\u00e4 studion kanssa. T\u00e4ll\u00f6in autamme tapahtuman markkinoinnissa storyss\u00e4, julkaisuissa ja rinnakkaistekijyys postauksissa. Vuokra on liukuva osallistujam\u00e4\u00e4r\u00e4n ja hinnoittelun perustein.\u00a0<\/p>","protected":false},"author":1,"featured_media":0,"parent":0,"menu_order":0,"comment_status":"closed","ping_status":"closed","template":"elementor_header_footer","meta":{"footnotes":""},"class_list":["post-622","page","type-page","status-publish","hentry"],"yoast_head":"<!-- This site is optimized with the Yoast SEO plugin v26.5 - https:\/\/yoast.com\/wordpress\/plugins\/seo\/ -->\n<title>J\u00e4rjest\u00e4 workshop studiolla - Pasilan Jooga Studio<\/title>\n<meta name=\"robots\" content=\"index, follow, max-snippet:-1, max-image-preview:large, max-video-preview:-1\" \/>\n<link rel=\"canonical\" href=\"https:\/\/pasilanjoogastudio.fi\/en\/jarjesta-workshop-studiolla\/\" \/>\n<meta property=\"og:locale\" content=\"en_US\" \/>\n<meta property=\"og:type\" content=\"article\" \/>\n<meta property=\"og:title\" content=\"J\u00e4rjest\u00e4 workshop studiolla - Pasilan Jooga Studio\" \/>\n<meta property=\"og:description\" content=\"J\u00e4rjest\u00e4 workshop studiolla Voit j\u00e4rjest\u00e4\u00e4 workshopin Pasilan joogastudiolla ja vuokrata tilan.\u00a0 Voit j\u00e4rjest\u00e4\u00e4 workshopin tai tapahtuman my\u00f6s yhteisty\u00f6ss\u00e4 studion kanssa. T\u00e4ll\u00f6in autamme tapahtuman markkinoinnissa storyss\u00e4, julkaisuissa ja rinnakkaistekijyys postauksissa. Vuokra on liukuva osallistujam\u00e4\u00e4r\u00e4n ja hinnoittelun perustein.\u00a0\" \/>\n<meta property=\"og:url\" content=\"https:\/\/pasilanjoogastudio.fi\/en\/jarjesta-workshop-studiolla\/\" \/>\n<meta property=\"og:site_name\" content=\"Pasilan Jooga Studio\" \/>\n<meta property=\"article:modified_time\" content=\"2025-08-14T10:07:35+00:00\" \/>\n<meta property=\"og:image\" content=\"https:\/\/pasilanjoogastudio.fi\/wp-content\/uploads\/2025\/08\/Jarjesta-workshop-studiolla--scaled.jpg\" \/>\n\t<meta property=\"og:image:width\" content=\"1575\" \/>\n\t<meta property=\"og:image:height\" content=\"1050\" \/>\n\t<meta property=\"og:image:type\" content=\"image\/jpeg\" \/>\n<meta name=\"twitter:card\" content=\"summary_large_image\" \/>\n<meta name=\"twitter:label1\" content=\"Est. reading time\" \/>\n\t<meta name=\"twitter:data1\" content=\"1 minute\" \/>\n<script type=\"application\/ld+json\" class=\"yoast-schema-graph\">{\"@context\":\"https:\/\/schema.org\",\"@graph\":[{\"@type\":\"WebPage\",\"@id\":\"https:\/\/pasilanjoogastudio.fi\/jarjesta-workshop-studiolla\/\",\"url\":\"https:\/\/pasilanjoogastudio.fi\/jarjesta-workshop-studiolla\/\",\"name\":\"J\u00e4rjest\u00e4 workshop studiolla - Pasilan Jooga Studio\",\"isPartOf\":{\"@id\":\"https:\/\/pasilanjoogastudio.fi\/#website\"},\"primaryImageOfPage\":{\"@id\":\"https:\/\/pasilanjoogastudio.fi\/jarjesta-workshop-studiolla\/#primaryimage\"},\"image\":{\"@id\":\"https:\/\/pasilanjoogastudio.fi\/jarjesta-workshop-studiolla\/#primaryimage\"},\"thumbnailUrl\":\"https:\/\/pasilanjoogastudio.fi\/wp-content\/uploads\/2025\/08\/Jarjesta-workshop-studiolla--1024x683.jpg\",\"datePublished\":\"2025-08-14T10:06:09+00:00\",\"dateModified\":\"2025-08-14T10:07:35+00:00\",\"breadcrumb\":{\"@id\":\"https:\/\/pasilanjoogastudio.fi\/jarjesta-workshop-studiolla\/#breadcrumb\"},\"inLanguage\":\"en-US\",\"potentialAction\":[{\"@type\":\"ReadAction\",\"target\":[\"https:\/\/pasilanjoogastudio.fi\/jarjesta-workshop-studiolla\/\"]}]},{\"@type\":\"ImageObject\",\"inLanguage\":\"en-US\",\"@id\":\"https:\/\/pasilanjoogastudio.fi\/jarjesta-workshop-studiolla\/#primaryimage\",\"url\":\"https:\/\/pasilanjoogastudio.fi\/wp-content\/uploads\/2025\/08\/Jarjesta-workshop-studiolla--1024x683.jpg\",\"contentUrl\":\"https:\/\/pasilanjoogastudio.fi\/wp-content\/uploads\/2025\/08\/Jarjesta-workshop-studiolla--1024x683.jpg\"},{\"@type\":\"BreadcrumbList\",\"@id\":\"https:\/\/pasilanjoogastudio.fi\/jarjesta-workshop-studiolla\/#breadcrumb\",\"itemListElement\":[{\"@type\":\"ListItem\",\"position\":1,\"name\":\"Etusivu\",\"item\":\"https:\/\/pasilanjoogastudio.fi\/\"},{\"@type\":\"ListItem\",\"position\":2,\"name\":\"J\u00e4rjest\u00e4 workshop studiolla\"}]},{\"@type\":\"WebSite\",\"@id\":\"https:\/\/pasilanjoogastudio.fi\/#website\",\"url\":\"https:\/\/pasilanjoogastudio.fi\/\",\"name\":\"Pasilan Jooga Studio\",\"description\":\"Tervetuloa Pasilan Joogastudiolle!\",\"publisher\":{\"@id\":\"https:\/\/pasilanjoogastudio.fi\/#organization\"},\"potentialAction\":[{\"@type\":\"SearchAction\",\"target\":{\"@type\":\"EntryPoint\",\"urlTemplate\":\"https:\/\/pasilanjoogastudio.fi\/?s={search_term_string}\"},\"query-input\":{\"@type\":\"PropertyValueSpecification\",\"valueRequired\":true,\"valueName\":\"search_term_string\"}}],\"inLanguage\":\"en-US\"},{\"@type\":\"Organization\",\"@id\":\"https:\/\/pasilanjoogastudio.fi\/#organization\",\"name\":\"Pasilan Jooga Studio\",\"url\":\"https:\/\/pasilanjoogastudio.fi\/\",\"logo\":{\"@type\":\"ImageObject\",\"inLanguage\":\"en-US\",\"@id\":\"https:\/\/pasilanjoogastudio.fi\/#\/schema\/logo\/image\/\",\"url\":\"https:\/\/pasilanjoogastudio.fi\/wp-content\/uploads\/2024\/07\/Pasilan-Jooga-Studio_20241213_214803_0000.png\",\"contentUrl\":\"https:\/\/pasilanjoogastudio.fi\/wp-content\/uploads\/2024\/07\/Pasilan-Jooga-Studio_20241213_214803_0000.png\",\"width\":2000,\"height\":1295,\"caption\":\"Pasilan Jooga Studio\"},\"image\":{\"@id\":\"https:\/\/pasilanjoogastudio.fi\/#\/schema\/logo\/image\/\"}}]}<\/script>\n<!-- \/ Yoast SEO plugin. -->","yoast_head_json":{"title":"J\u00e4rjest\u00e4 workshop studiolla - Pasilan Jooga Studio","robots":{"index":"index","follow":"follow","max-snippet":"max-snippet:-1","max-image-preview":"max-image-preview:large","max-video-preview":"max-video-preview:-1"},"canonical":"https:\/\/pasilanjoogastudio.fi\/en\/jarjesta-workshop-studiolla\/","og_locale":"en_US","og_type":"article","og_title":"J\u00e4rjest\u00e4 workshop studiolla - Pasilan Jooga Studio","og_description":"J\u00e4rjest\u00e4 workshop studiolla Voit j\u00e4rjest\u00e4\u00e4 workshopin Pasilan joogastudiolla ja vuokrata tilan.\u00a0 Voit j\u00e4rjest\u00e4\u00e4 workshopin tai tapahtuman my\u00f6s yhteisty\u00f6ss\u00e4 studion kanssa. T\u00e4ll\u00f6in autamme tapahtuman markkinoinnissa storyss\u00e4, julkaisuissa ja rinnakkaistekijyys postauksissa. Vuokra on liukuva osallistujam\u00e4\u00e4r\u00e4n ja hinnoittelun perustein.\u00a0","og_url":"https:\/\/pasilanjoogastudio.fi\/en\/jarjesta-workshop-studiolla\/","og_site_name":"Pasilan Jooga Studio","article_modified_time":"2025-08-14T10:07:35+00:00","og_image":[{"width":1575,"height":1050,"url":"https:\/\/pasilanjoogastudio.fi\/wp-content\/uploads\/2025\/08\/Jarjesta-workshop-studiolla--scaled.jpg","type":"image\/jpeg"}],"twitter_card":"summary_large_image","twitter_misc":{"Est. reading time":"1 minute"},"schema":{"@context":"https:\/\/schema.org","@graph":[{"@type":"WebPage","@id":"https:\/\/pasilanjoogastudio.fi\/jarjesta-workshop-studiolla\/","url":"https:\/\/pasilanjoogastudio.fi\/jarjesta-workshop-studiolla\/","name":"J\u00e4rjest\u00e4 workshop studiolla - Pasilan Jooga Studio","isPartOf":{"@id":"https:\/\/pasilanjoogastudio.fi\/#website"},"primaryImageOfPage":{"@id":"https:\/\/pasilanjoogastudio.fi\/jarjesta-workshop-studiolla\/#primaryimage"},"image":{"@id":"https:\/\/pasilanjoogastudio.fi\/jarjesta-workshop-studiolla\/#primaryimage"},"thumbnailUrl":"https:\/\/pasilanjoogastudio.fi\/wp-content\/uploads\/2025\/08\/Jarjesta-workshop-studiolla--1024x683.jpg","datePublished":"2025-08-14T10:06:09+00:00","dateModified":"2025-08-14T10:07:35+00:00","breadcrumb":{"@id":"https:\/\/pasilanjoogastudio.fi\/jarjesta-workshop-studiolla\/#breadcrumb"},"inLanguage":"en-US","potentialAction":[{"@type":"ReadAction","target":["https:\/\/pasilanjoogastudio.fi\/jarjesta-workshop-studiolla\/"]}]},{"@type":"ImageObject","inLanguage":"en-US","@id":"https:\/\/pasilanjoogastudio.fi\/jarjesta-workshop-studiolla\/#primaryimage","url":"https:\/\/pasilanjoogastudio.fi\/wp-content\/uploads\/2025\/08\/Jarjesta-workshop-studiolla--1024x683.jpg","contentUrl":"https:\/\/pasilanjoogastudio.fi\/wp-content\/uploads\/2025\/08\/Jarjesta-workshop-studiolla--1024x683.jpg"},{"@type":"BreadcrumbList","@id":"https:\/\/pasilanjoogastudio.fi\/jarjesta-workshop-studiolla\/#breadcrumb","itemListElement":[{"@type":"ListItem","position":1,"name":"Etusivu","item":"https:\/\/pasilanjoogastudio.fi\/"},{"@type":"ListItem","position":2,"name":"J\u00e4rjest\u00e4 workshop studiolla"}]},{"@type":"WebSite","@id":"https:\/\/pasilanjoogastudio.fi\/#website","url":"https:\/\/pasilanjoogastudio.fi\/","name":"Pasilan Jooga Studio","description":"Tervetuloa Pasilan Joogastudiolle!","publisher":{"@id":"https:\/\/pasilanjoogastudio.fi\/#organization"},"potentialAction":[{"@type":"SearchAction","target":{"@type":"EntryPoint","urlTemplate":"https:\/\/pasilanjoogastudio.fi\/?s={search_term_string}"},"query-input":{"@type":"PropertyValueSpecification","valueRequired":true,"valueName":"search_term_string"}}],"inLanguage":"en-US"},{"@type":"Organization","@id":"https:\/\/pasilanjoogastudio.fi\/#organization","name":"Pasilan Jooga Studio","url":"https:\/\/pasilanjoogastudio.fi\/","logo":{"@type":"ImageObject","inLanguage":"en-US","@id":"https:\/\/pasilanjoogastudio.fi\/#\/schema\/logo\/image\/","url":"https:\/\/pasilanjoogastudio.fi\/wp-content\/uploads\/2024\/07\/Pasilan-Jooga-Studio_20241213_214803_0000.png","contentUrl":"https:\/\/pasilanjoogastudio.fi\/wp-content\/uploads\/2024\/07\/Pasilan-Jooga-Studio_20241213_214803_0000.png","width":2000,"height":1295,"caption":"Pasilan Jooga Studio"},"image":{"@id":"https:\/\/pasilanjoogastudio.fi\/#\/schema\/logo\/image\/"}}]}},"_links":{"self":[{"href":"https:\/\/pasilanjoogastudio.fi\/en\/wp-json\/wp\/v2\/pages\/622","targetHints":{"allow":["GET"]}}],"collection":[{"href":"https:\/\/pasilanjoogastudio.fi\/en\/wp-json\/wp\/v2\/pages"}],"about":[{"href":"https:\/\/pasilanjoogastudio.fi\/en\/wp-json\/wp\/v2\/types\/page"}],"author":[{"embeddable":true,"href":"https:\/\/pasilanjoogastudio.fi\/en\/wp-json\/wp\/v2\/users\/1"}],"replies":[{"embeddable":true,"href":"https:\/\/pasilanjoogastudio.fi\/en\/wp-json\/wp\/v2\/comments?post=622"}],"version-history":[{"count":4,"href":"https:\/\/pasilanjoogastudio.fi\/en\/wp-json\/wp\/v2\/pages\/622\/revisions"}],"predecessor-version":[{"id":627,"href":"https:\/\/pasilanjoogastudio.fi\/en\/wp-json\/wp\/v2\/pages\/622\/revisions\/627"}],"wp:attachment":[{"href":"https:\/\/pasilanjoogastudio.fi\/en\/wp-json\/wp\/v2\/media?parent=622"}],"curies":[{"name":"wp","href":"https:\/\/api.w.org\/{rel}","templated":true}]}}