{"id":605,"date":"2025-08-14T09:51:13","date_gmt":"2025-08-14T09:51:13","guid":{"rendered":"https:\/\/pasilanjoogastudio.fi\/?page_id=605"},"modified":"2025-08-14T09:55:07","modified_gmt":"2025-08-14T09:55:07","slug":"helsinki-hyvinvointi-cafe-podcas","status":"publish","type":"page","link":"https:\/\/pasilanjoogastudio.fi\/en\/helsinki-hyvinvointi-cafe-podcas\/","title":{"rendered":"Helsinki Hyvinvointi Caf\u00e9 Podcast"},"content":{"rendered":"<style>.elementor-605 .elementor-element.elementor-element-1f615f6{margin-top:0px;margin-bottom:0px;padding:74px 0px 20px 0px;}.elementor-bc-flex-widget .elementor-605 .elementor-element.elementor-element-01d7ae6.elementor-column .elementor-widget-wrap{align-items:center;}.elementor-605 .elementor-element.elementor-element-01d7ae6.elementor-column.elementor-element[data-element_type=\"column\"] > .elementor-widget-wrap.elementor-element-populated{align-content:center;align-items:center;}.elementor-605 .elementor-element.elementor-element-01d7ae6 > .elementor-element-populated{margin:0px 0px 0px 0px;--e-column-margin-right:0px;--e-column-margin-left:0px;padding:0px 50px 0px 0px;}.elementor-605 .elementor-element.elementor-element-01d7ae6{z-index:9;}.elementor-605 .elementor-element.elementor-element-be6ee54{text-align:center;}.elementor-605 .elementor-element.elementor-element-be6ee54 .elementor-heading-title{font-size:80px;text-transform:uppercase;line-height:0.8em;color:var( --e-global-color-primary );}.elementor-605 .elementor-element.elementor-element-d02b188{--display:flex;--flex-direction:row;--container-widget-width:initial;--container-widget-height:100%;--container-widget-flex-grow:1;--container-widget-align-self:stretch;--flex-wrap-mobile:wrap;--gap:0px 0px;--row-gap:0px;--column-gap:0px;--padding-top:4%;--padding-bottom:0%;--padding-left:0%;--padding-right:0%;}.elementor-605 .elementor-element.elementor-element-b10b889{--display:flex;--flex-direction:column;--container-widget-width:100%;--container-widget-height:initial;--container-widget-flex-grow:0;--container-widget-align-self:initial;--flex-wrap-mobile:wrap;}.elementor-605 .elementor-element.elementor-element-8552a3c img{width:70%;}.elementor-605 .elementor-element.elementor-element-7346048{--display:flex;--flex-direction:column;--container-widget-width:100%;--container-widget-height:initial;--container-widget-flex-grow:0;--container-widget-align-self:initial;--flex-wrap-mobile:wrap;--justify-content:center;--padding-top:0px;--padding-bottom:0px;--padding-left:40px;--padding-right:0px;}.elementor-605 .elementor-element.elementor-element-c37d7e6 > .elementor-widget-container{margin:0% 0% 0% 0%;}.elementor-605 .elementor-element.elementor-element-c37d7e6{text-align:left;font-size:28px;line-height:37px;}.elementor-605 .elementor-element.elementor-element-b52e4d4 .elementor-button{background-color:var( --e-global-color-primary );font-size:20px;font-weight:700;padding:8px 8px 8px 8px;}.elementor-605 .elementor-element.elementor-element-b52e4d4{width:100%;max-width:100%;}.elementor-605 .elementor-element.elementor-element-b52e4d4 > .elementor-widget-container{margin:0% 0% 3% 0%;}:root{--page-title-display:none;}@media(min-width:768px){.elementor-605 .elementor-element.elementor-element-b10b889{--width:50%;}.elementor-605 .elementor-element.elementor-element-7346048{--width:50%;}}@media(max-width:1024px){.elementor-605 .elementor-element.elementor-element-1f615f6{padding:30px 0px 40px 0px;}.elementor-605 .elementor-element.elementor-element-01d7ae6 > .elementor-element-populated{padding:0px 20px 0px 30px;}.elementor-605 .elementor-element.elementor-element-be6ee54 .elementor-heading-title{font-size:64px;}.elementor-605 .elementor-element.elementor-element-8552a3c img{width:100%;}}@media(max-width:767px){.elementor-605 .elementor-element.elementor-element-1f615f6{padding:40px 0px 30px 0px;}.elementor-605 .elementor-element.elementor-element-01d7ae6 > .elementor-element-populated{padding:0px 20px 0px 20px;}.elementor-605 .elementor-element.elementor-element-be6ee54{text-align:center;}.elementor-605 .elementor-element.elementor-element-be6ee54 .elementor-heading-title{font-size:40px;line-height:1em;}.elementor-605 .elementor-element.elementor-element-d02b188{--padding-top:4%;--padding-bottom:4%;--padding-left:4%;--padding-right:4%;}.elementor-605 .elementor-element.elementor-element-7346048{--padding-top:0px;--padding-bottom:0px;--padding-left:0px;--padding-right:0px;}.elementor-605 .elementor-element.elementor-element-c37d7e6 > .elementor-widget-container{margin:4% 0% -6% 0%;}.elementor-605 .elementor-element.elementor-element-c37d7e6{text-align:left;font-size:18px;line-height:1.6em;}.elementor-605 .elementor-element.elementor-element-b52e4d4 > .elementor-widget-container{margin:0% 0% 0% 0%;}}@media(max-width:1024px) and (min-width:768px){.elementor-605 .elementor-element.elementor-element-01d7ae6{width:100%;}}<\/style>\t\t<div data-elementor-type=\"wp-page\" data-elementor-id=\"605\" class=\"elementor elementor-605\" data-elementor-post-type=\"page\">\n\t\t\t\t\t\t<section class=\"elementor-section elementor-top-section elementor-element elementor-element-1f615f6 elementor-section-boxed elementor-section-height-default elementor-section-height-default\" data-id=\"1f615f6\" data-element_type=\"section\">\n\t\t\t\t\t\t<div class=\"elementor-container elementor-column-gap-default\">\n\t\t\t\t\t<div class=\"elementor-column elementor-col-100 elementor-top-column elementor-element elementor-element-01d7ae6\" data-id=\"01d7ae6\" data-element_type=\"column\">\n\t\t\t<div class=\"elementor-widget-wrap elementor-element-populated\">\n\t\t\t\t\t\t<div class=\"elementor-element elementor-element-be6ee54 elementor-invisible elementor-widget elementor-widget-heading\" data-id=\"be6ee54\" data-element_type=\"widget\" data-settings=\"{&quot;_animation&quot;:&quot;fadeInUp&quot;,&quot;_animation_delay&quot;:200}\" data-widget_type=\"heading.default\">\n\t\t\t\t<div class=\"elementor-widget-container\">\n\t\t\t\t\t<h1 class=\"elementor-heading-title elementor-size-default\">Helsinki Hyvinvointi Caf\u00e9 Podcast<\/h1>\t\t\t\t<\/div>\n\t\t\t\t<\/div>\n\t\t\t\t\t<\/div>\n\t\t<\/div>\n\t\t\t\t\t<\/div>\n\t\t<\/section>\n\t\t<div class=\"elementor-element elementor-element-d02b188 e-flex e-con-boxed e-con e-parent\" data-id=\"d02b188\" data-element_type=\"container\">\n\t\t\t\t\t<div class=\"e-con-inner\">\n\t\t<div class=\"elementor-element elementor-element-b10b889 e-con-full e-flex e-con e-child\" data-id=\"b10b889\" data-element_type=\"container\">\n\t\t\t\t<div class=\"elementor-element elementor-element-8552a3c elementor-widget elementor-widget-image\" data-id=\"8552a3c\" data-element_type=\"widget\" data-widget_type=\"image.default\">\n\t\t\t\t<div class=\"elementor-widget-container\">\n\t\t\t\t\t\t\t\t\t\t\t\t\t\t\t<img fetchpriority=\"high\" decoding=\"async\" width=\"789\" height=\"1024\" src=\"https:\/\/pasilanjoogastudio.fi\/wp-content\/uploads\/2025\/08\/PODCAST-789x1024.jpg\" class=\"attachment-large size-large wp-image-609\" alt=\"\" srcset=\"https:\/\/pasilanjoogastudio.fi\/wp-content\/uploads\/2025\/08\/PODCAST-789x1024.jpg 789w, https:\/\/pasilanjoogastudio.fi\/wp-content\/uploads\/2025\/08\/PODCAST-231x300.jpg 231w, https:\/\/pasilanjoogastudio.fi\/wp-content\/uploads\/2025\/08\/PODCAST-768x996.jpg 768w, https:\/\/pasilanjoogastudio.fi\/wp-content\/uploads\/2025\/08\/PODCAST-1184x1536.jpg 1184w, https:\/\/pasilanjoogastudio.fi\/wp-content\/uploads\/2025\/08\/PODCAST-1578x2048.jpg 1578w, https:\/\/pasilanjoogastudio.fi\/wp-content\/uploads\/2025\/08\/PODCAST-9x12.jpg 9w, https:\/\/pasilanjoogastudio.fi\/wp-content\/uploads\/2025\/08\/PODCAST-scaled.jpg 809w\" sizes=\"(max-width: 789px) 100vw, 789px\" \/>\t\t\t\t\t\t\t\t\t\t\t\t\t\t\t<\/div>\n\t\t\t\t<\/div>\n\t\t\t\t<\/div>\n\t\t<div class=\"elementor-element elementor-element-7346048 e-con-full e-flex e-con e-child\" data-id=\"7346048\" data-element_type=\"container\">\n\t\t\t\t<div class=\"elementor-element elementor-element-c37d7e6 elementor-widget elementor-widget-text-editor\" data-id=\"c37d7e6\" data-element_type=\"widget\" data-widget_type=\"text-editor.default\">\n\t\t\t\t<div class=\"elementor-widget-container\">\n\t\t\t\t\t\t\t\t\t<p>Pasilan joogastudio has its own podcast, Helsinki Hyvinvointi Caf\u00e9 (Helsinki Wellbeing Caf\u00e9), where yoga and wellbeing professionals come together for a relaxed coffee chat. The conversations dive deep into wellbeing, entrepreneurship, and life balance.<\/p><p>New episodes are released regularly.<\/p>\t\t\t\t\t\t\t\t<\/div>\n\t\t\t\t<\/div>\n\t\t\t\t<div class=\"elementor-element elementor-element-b52e4d4 elementor-mobile-align-justify elementor-widget__width-inherit elementor-align-justify elementor-widget elementor-widget-button\" data-id=\"b52e4d4\" data-element_type=\"widget\" data-widget_type=\"button.default\">\n\t\t\t\t<div class=\"elementor-widget-container\">\n\t\t\t\t\t\t\t\t\t<div class=\"elementor-button-wrapper\">\n\t\t\t\t\t<a class=\"elementor-button elementor-button-link elementor-size-sm\" href=\"#\" target=\"_blank\">\n\t\t\t\t\t\t<span class=\"elementor-button-content-wrapper\">\n\t\t\t\t\t\t\t\t\t<span class=\"elementor-button-text\">Listen to episodes on Spotify (coming soon)<\/span>\n\t\t\t\t\t<\/span>\n\t\t\t\t\t<\/a>\n\t\t\t\t<\/div>\n\t\t\t\t\t\t\t\t<\/div>\n\t\t\t\t<\/div>\n\t\t\t\t<\/div>\n\t\t\t\t\t<\/div>\n\t\t\t\t<\/div>\n\t\t\t\t<\/div>","protected":false},"excerpt":{"rendered":"<p>Helsinki Hyvinvointi Caf\u00e9 -podcast Pasilan joogastudiolla on oma podcast, Helsinki Hyvinvointi Caf\u00e9, jossa jooga- ja hyvinvointialan tekij\u00e4t kohtaavat rennon kahvihetken \u00e4\u00e4rell\u00e4. Keskusteluissa syvennyt\u00e4\u00e4n hyvinvointiin, yritt\u00e4jyyteen ja el\u00e4m\u00e4n tasapainoon. Uusia jaksoja julkaistaan s\u00e4\u00e4nn\u00f6llisesti. Kuuntele jaksoja Spotifysta (tulossa pian!)<\/p>","protected":false},"author":1,"featured_media":0,"parent":0,"menu_order":0,"comment_status":"closed","ping_status":"closed","template":"elementor_header_footer","meta":{"footnotes":""},"class_list":["post-605","page","type-page","status-publish","hentry"],"yoast_head":"<!-- This site is optimized with the Yoast SEO plugin v26.5 - https:\/\/yoast.com\/wordpress\/plugins\/seo\/ -->\n<title>Helsinki Hyvinvointi Caf\u00e9 -podcast - Pasilan Jooga Studio<\/title>\n<meta name=\"robots\" content=\"index, follow, max-snippet:-1, max-image-preview:large, max-video-preview:-1\" \/>\n<link rel=\"canonical\" href=\"https:\/\/pasilanjoogastudio.fi\/en\/helsinki-hyvinvointi-cafe-podcas\/\" \/>\n<meta property=\"og:locale\" content=\"en_US\" \/>\n<meta property=\"og:type\" content=\"article\" \/>\n<meta property=\"og:title\" content=\"Helsinki Hyvinvointi Caf\u00e9 -podcast - Pasilan Jooga Studio\" \/>\n<meta property=\"og:description\" content=\"Helsinki Hyvinvointi Caf\u00e9 -podcast Pasilan joogastudiolla on oma podcast, Helsinki Hyvinvointi Caf\u00e9, jossa jooga- ja hyvinvointialan tekij\u00e4t kohtaavat rennon kahvihetken \u00e4\u00e4rell\u00e4. Keskusteluissa syvennyt\u00e4\u00e4n hyvinvointiin, yritt\u00e4jyyteen ja el\u00e4m\u00e4n tasapainoon. Uusia jaksoja julkaistaan s\u00e4\u00e4nn\u00f6llisesti. Kuuntele jaksoja Spotifysta (tulossa pian!)\" \/>\n<meta property=\"og:url\" content=\"https:\/\/pasilanjoogastudio.fi\/en\/helsinki-hyvinvointi-cafe-podcas\/\" \/>\n<meta property=\"og:site_name\" content=\"Pasilan Jooga Studio\" \/>\n<meta property=\"article:modified_time\" content=\"2025-08-14T09:55:07+00:00\" \/>\n<meta property=\"og:image\" content=\"https:\/\/pasilanjoogastudio.fi\/wp-content\/uploads\/2025\/08\/PODCAST-scaled.jpg\" \/>\n\t<meta property=\"og:image:width\" content=\"809\" \/>\n\t<meta property=\"og:image:height\" content=\"1050\" \/>\n\t<meta property=\"og:image:type\" content=\"image\/jpeg\" \/>\n<meta name=\"twitter:card\" content=\"summary_large_image\" \/>\n<meta name=\"twitter:label1\" content=\"Est. reading time\" \/>\n\t<meta name=\"twitter:data1\" content=\"1 minute\" \/>\n<script type=\"application\/ld+json\" class=\"yoast-schema-graph\">{\"@context\":\"https:\/\/schema.org\",\"@graph\":[{\"@type\":\"WebPage\",\"@id\":\"https:\/\/pasilanjoogastudio.fi\/helsinki-hyvinvointi-cafe-podcas\/\",\"url\":\"https:\/\/pasilanjoogastudio.fi\/helsinki-hyvinvointi-cafe-podcas\/\",\"name\":\"Helsinki Hyvinvointi Caf\u00e9 -podcast - Pasilan Jooga Studio\",\"isPartOf\":{\"@id\":\"https:\/\/pasilanjoogastudio.fi\/#website\"},\"primaryImageOfPage\":{\"@id\":\"https:\/\/pasilanjoogastudio.fi\/helsinki-hyvinvointi-cafe-podcas\/#primaryimage\"},\"image\":{\"@id\":\"https:\/\/pasilanjoogastudio.fi\/helsinki-hyvinvointi-cafe-podcas\/#primaryimage\"},\"thumbnailUrl\":\"https:\/\/pasilanjoogastudio.fi\/wp-content\/uploads\/2025\/08\/PODCAST-789x1024.jpg\",\"datePublished\":\"2025-08-14T09:51:13+00:00\",\"dateModified\":\"2025-08-14T09:55:07+00:00\",\"breadcrumb\":{\"@id\":\"https:\/\/pasilanjoogastudio.fi\/helsinki-hyvinvointi-cafe-podcas\/#breadcrumb\"},\"inLanguage\":\"en-US\",\"potentialAction\":[{\"@type\":\"ReadAction\",\"target\":[\"https:\/\/pasilanjoogastudio.fi\/helsinki-hyvinvointi-cafe-podcas\/\"]}]},{\"@type\":\"ImageObject\",\"inLanguage\":\"en-US\",\"@id\":\"https:\/\/pasilanjoogastudio.fi\/helsinki-hyvinvointi-cafe-podcas\/#primaryimage\",\"url\":\"https:\/\/pasilanjoogastudio.fi\/wp-content\/uploads\/2025\/08\/PODCAST-789x1024.jpg\",\"contentUrl\":\"https:\/\/pasilanjoogastudio.fi\/wp-content\/uploads\/2025\/08\/PODCAST-789x1024.jpg\"},{\"@type\":\"BreadcrumbList\",\"@id\":\"https:\/\/pasilanjoogastudio.fi\/helsinki-hyvinvointi-cafe-podcas\/#breadcrumb\",\"itemListElement\":[{\"@type\":\"ListItem\",\"position\":1,\"name\":\"Etusivu\",\"item\":\"https:\/\/pasilanjoogastudio.fi\/\"},{\"@type\":\"ListItem\",\"position\":2,\"name\":\"Helsinki Hyvinvointi Caf\u00e9 -podcast\"}]},{\"@type\":\"WebSite\",\"@id\":\"https:\/\/pasilanjoogastudio.fi\/#website\",\"url\":\"https:\/\/pasilanjoogastudio.fi\/\",\"name\":\"Pasilan Jooga Studio\",\"description\":\"Tervetuloa Pasilan Joogastudiolle!\",\"publisher\":{\"@id\":\"https:\/\/pasilanjoogastudio.fi\/#organization\"},\"potentialAction\":[{\"@type\":\"SearchAction\",\"target\":{\"@type\":\"EntryPoint\",\"urlTemplate\":\"https:\/\/pasilanjoogastudio.fi\/?s={search_term_string}\"},\"query-input\":{\"@type\":\"PropertyValueSpecification\",\"valueRequired\":true,\"valueName\":\"search_term_string\"}}],\"inLanguage\":\"en-US\"},{\"@type\":\"Organization\",\"@id\":\"https:\/\/pasilanjoogastudio.fi\/#organization\",\"name\":\"Pasilan Jooga Studio\",\"url\":\"https:\/\/pasilanjoogastudio.fi\/\",\"logo\":{\"@type\":\"ImageObject\",\"inLanguage\":\"en-US\",\"@id\":\"https:\/\/pasilanjoogastudio.fi\/#\/schema\/logo\/image\/\",\"url\":\"https:\/\/pasilanjoogastudio.fi\/wp-content\/uploads\/2024\/07\/Pasilan-Jooga-Studio_20241213_214803_0000.png\",\"contentUrl\":\"https:\/\/pasilanjoogastudio.fi\/wp-content\/uploads\/2024\/07\/Pasilan-Jooga-Studio_20241213_214803_0000.png\",\"width\":2000,\"height\":1295,\"caption\":\"Pasilan Jooga Studio\"},\"image\":{\"@id\":\"https:\/\/pasilanjoogastudio.fi\/#\/schema\/logo\/image\/\"}}]}<\/script>\n<!-- \/ Yoast SEO plugin. -->","yoast_head_json":{"title":"Helsinki Hyvinvointi Caf\u00e9 -podcast - Pasilan Jooga Studio","robots":{"index":"index","follow":"follow","max-snippet":"max-snippet:-1","max-image-preview":"max-image-preview:large","max-video-preview":"max-video-preview:-1"},"canonical":"https:\/\/pasilanjoogastudio.fi\/en\/helsinki-hyvinvointi-cafe-podcas\/","og_locale":"en_US","og_type":"article","og_title":"Helsinki Hyvinvointi Caf\u00e9 -podcast - Pasilan Jooga Studio","og_description":"Helsinki Hyvinvointi Caf\u00e9 -podcast Pasilan joogastudiolla on oma podcast, Helsinki Hyvinvointi Caf\u00e9, jossa jooga- ja hyvinvointialan tekij\u00e4t kohtaavat rennon kahvihetken \u00e4\u00e4rell\u00e4. Keskusteluissa syvennyt\u00e4\u00e4n hyvinvointiin, yritt\u00e4jyyteen ja el\u00e4m\u00e4n tasapainoon. Uusia jaksoja julkaistaan s\u00e4\u00e4nn\u00f6llisesti. Kuuntele jaksoja Spotifysta (tulossa pian!)","og_url":"https:\/\/pasilanjoogastudio.fi\/en\/helsinki-hyvinvointi-cafe-podcas\/","og_site_name":"Pasilan Jooga Studio","article_modified_time":"2025-08-14T09:55:07+00:00","og_image":[{"width":809,"height":1050,"url":"https:\/\/pasilanjoogastudio.fi\/wp-content\/uploads\/2025\/08\/PODCAST-scaled.jpg","type":"image\/jpeg"}],"twitter_card":"summary_large_image","twitter_misc":{"Est. reading time":"1 minute"},"schema":{"@context":"https:\/\/schema.org","@graph":[{"@type":"WebPage","@id":"https:\/\/pasilanjoogastudio.fi\/helsinki-hyvinvointi-cafe-podcas\/","url":"https:\/\/pasilanjoogastudio.fi\/helsinki-hyvinvointi-cafe-podcas\/","name":"Helsinki Hyvinvointi Caf\u00e9 -podcast - Pasilan Jooga Studio","isPartOf":{"@id":"https:\/\/pasilanjoogastudio.fi\/#website"},"primaryImageOfPage":{"@id":"https:\/\/pasilanjoogastudio.fi\/helsinki-hyvinvointi-cafe-podcas\/#primaryimage"},"image":{"@id":"https:\/\/pasilanjoogastudio.fi\/helsinki-hyvinvointi-cafe-podcas\/#primaryimage"},"thumbnailUrl":"https:\/\/pasilanjoogastudio.fi\/wp-content\/uploads\/2025\/08\/PODCAST-789x1024.jpg","datePublished":"2025-08-14T09:51:13+00:00","dateModified":"2025-08-14T09:55:07+00:00","breadcrumb":{"@id":"https:\/\/pasilanjoogastudio.fi\/helsinki-hyvinvointi-cafe-podcas\/#breadcrumb"},"inLanguage":"en-US","potentialAction":[{"@type":"ReadAction","target":["https:\/\/pasilanjoogastudio.fi\/helsinki-hyvinvointi-cafe-podcas\/"]}]},{"@type":"ImageObject","inLanguage":"en-US","@id":"https:\/\/pasilanjoogastudio.fi\/helsinki-hyvinvointi-cafe-podcas\/#primaryimage","url":"https:\/\/pasilanjoogastudio.fi\/wp-content\/uploads\/2025\/08\/PODCAST-789x1024.jpg","contentUrl":"https:\/\/pasilanjoogastudio.fi\/wp-content\/uploads\/2025\/08\/PODCAST-789x1024.jpg"},{"@type":"BreadcrumbList","@id":"https:\/\/pasilanjoogastudio.fi\/helsinki-hyvinvointi-cafe-podcas\/#breadcrumb","itemListElement":[{"@type":"ListItem","position":1,"name":"Etusivu","item":"https:\/\/pasilanjoogastudio.fi\/"},{"@type":"ListItem","position":2,"name":"Helsinki Hyvinvointi Caf\u00e9 -podcast"}]},{"@type":"WebSite","@id":"https:\/\/pasilanjoogastudio.fi\/#website","url":"https:\/\/pasilanjoogastudio.fi\/","name":"Pasilan Jooga Studio","description":"Tervetuloa Pasilan Joogastudiolle!","publisher":{"@id":"https:\/\/pasilanjoogastudio.fi\/#organization"},"potentialAction":[{"@type":"SearchAction","target":{"@type":"EntryPoint","urlTemplate":"https:\/\/pasilanjoogastudio.fi\/?s={search_term_string}"},"query-input":{"@type":"PropertyValueSpecification","valueRequired":true,"valueName":"search_term_string"}}],"inLanguage":"en-US"},{"@type":"Organization","@id":"https:\/\/pasilanjoogastudio.fi\/#organization","name":"Pasilan Jooga Studio","url":"https:\/\/pasilanjoogastudio.fi\/","logo":{"@type":"ImageObject","inLanguage":"en-US","@id":"https:\/\/pasilanjoogastudio.fi\/#\/schema\/logo\/image\/","url":"https:\/\/pasilanjoogastudio.fi\/wp-content\/uploads\/2024\/07\/Pasilan-Jooga-Studio_20241213_214803_0000.png","contentUrl":"https:\/\/pasilanjoogastudio.fi\/wp-content\/uploads\/2024\/07\/Pasilan-Jooga-Studio_20241213_214803_0000.png","width":2000,"height":1295,"caption":"Pasilan Jooga Studio"},"image":{"@id":"https:\/\/pasilanjoogastudio.fi\/#\/schema\/logo\/image\/"}}]}},"_links":{"self":[{"href":"https:\/\/pasilanjoogastudio.fi\/en\/wp-json\/wp\/v2\/pages\/605","targetHints":{"allow":["GET"]}}],"collection":[{"href":"https:\/\/pasilanjoogastudio.fi\/en\/wp-json\/wp\/v2\/pages"}],"about":[{"href":"https:\/\/pasilanjoogastudio.fi\/en\/wp-json\/wp\/v2\/types\/page"}],"author":[{"embeddable":true,"href":"https:\/\/pasilanjoogastudio.fi\/en\/wp-json\/wp\/v2\/users\/1"}],"replies":[{"embeddable":true,"href":"https:\/\/pasilanjoogastudio.fi\/en\/wp-json\/wp\/v2\/comments?post=605"}],"version-history":[{"count":5,"href":"https:\/\/pasilanjoogastudio.fi\/en\/wp-json\/wp\/v2\/pages\/605\/revisions"}],"predecessor-version":[{"id":612,"href":"https:\/\/pasilanjoogastudio.fi\/en\/wp-json\/wp\/v2\/pages\/605\/revisions\/612"}],"wp:attachment":[{"href":"https:\/\/pasilanjoogastudio.fi\/en\/wp-json\/wp\/v2\/media?parent=605"}],"curies":[{"name":"wp","href":"https:\/\/api.w.org\/{rel}","templated":true}]}}