{"id":598,"date":"2025-08-14T09:48:24","date_gmt":"2025-08-14T09:48:24","guid":{"rendered":"https:\/\/pasilanjoogastudio.fi\/?page_id=598"},"modified":"2026-04-19T07:20:59","modified_gmt":"2026-04-19T07:20:59","slug":"puistojooga","status":"publish","type":"page","link":"https:\/\/pasilanjoogastudio.fi\/en\/puistojooga\/","title":{"rendered":"Park Yoga"},"content":{"rendered":"<style>.elementor-598 .elementor-element.elementor-element-2ec0263{margin-top:0px;margin-bottom:0px;padding:74px 0px 20px 0px;}.elementor-bc-flex-widget .elementor-598 .elementor-element.elementor-element-0de27ad.elementor-column .elementor-widget-wrap{align-items:center;}.elementor-598 .elementor-element.elementor-element-0de27ad.elementor-column.elementor-element[data-element_type=\"column\"] > .elementor-widget-wrap.elementor-element-populated{align-content:center;align-items:center;}.elementor-598 .elementor-element.elementor-element-0de27ad > .elementor-element-populated{margin:0px 0px 0px 0px;--e-column-margin-right:0px;--e-column-margin-left:0px;padding:0px 50px 0px 0px;}.elementor-598 .elementor-element.elementor-element-0de27ad{z-index:9;}.elementor-598 .elementor-element.elementor-element-4d229ad{text-align:center;}.elementor-598 .elementor-element.elementor-element-4d229ad .elementor-heading-title{font-size:80px;text-transform:uppercase;line-height:0.8em;color:var( --e-global-color-primary );}.elementor-598 .elementor-element.elementor-element-29d6023{--display:flex;--flex-direction:row;--container-widget-width:initial;--container-widget-height:100%;--container-widget-flex-grow:1;--container-widget-align-self:stretch;--flex-wrap-mobile:wrap;--gap:0px 0px;--row-gap:0px;--column-gap:0px;--padding-top:4%;--padding-bottom:0%;--padding-left:0%;--padding-right:0%;}.elementor-598 .elementor-element.elementor-element-0c3f54b{--display:flex;--flex-direction:column;--container-widget-width:100%;--container-widget-height:initial;--container-widget-flex-grow:0;--container-widget-align-self:initial;--flex-wrap-mobile:wrap;}.elementor-598 .elementor-element.elementor-element-e6444f8 img{width:100%;}.elementor-598 .elementor-element.elementor-element-eb8ed60{--display:flex;--flex-direction:column;--container-widget-width:100%;--container-widget-height:initial;--container-widget-flex-grow:0;--container-widget-align-self:initial;--flex-wrap-mobile:wrap;--justify-content:center;--padding-top:0px;--padding-bottom:0px;--padding-left:40px;--padding-right:0px;}.elementor-598 .elementor-element.elementor-element-43f1a09 > .elementor-widget-container{margin:0% 0% 0% 0%;}.elementor-598 .elementor-element.elementor-element-43f1a09{text-align:left;font-size:28px;line-height:37px;}.elementor-598 .elementor-element.elementor-element-07aff2c{--display:flex;--flex-direction:row;--container-widget-width:initial;--container-widget-height:100%;--container-widget-flex-grow:1;--container-widget-align-self:stretch;--flex-wrap-mobile:wrap;--gap:0px 0px;--row-gap:0px;--column-gap:0px;--padding-top:4%;--padding-bottom:0%;--padding-left:0%;--padding-right:0%;}.elementor-598 .elementor-element.elementor-element-f4bd189{--display:flex;--flex-direction:column;--container-widget-width:100%;--container-widget-height:initial;--container-widget-flex-grow:0;--container-widget-align-self:initial;--flex-wrap-mobile:wrap;--justify-content:center;--padding-top:0px;--padding-bottom:0px;--padding-left:0px;--padding-right:0px;}.elementor-598 .elementor-element.elementor-element-d874f9e > .elementor-widget-container{margin:0% 0% 0% 0%;}.elementor-598 .elementor-element.elementor-element-d874f9e{text-align:left;font-size:28px;line-height:37px;}:root{--page-title-display:none;}@media(min-width:768px){.elementor-598 .elementor-element.elementor-element-0c3f54b{--width:50%;}.elementor-598 .elementor-element.elementor-element-eb8ed60{--width:50%;}.elementor-598 .elementor-element.elementor-element-f4bd189{--width:100%;}}@media(max-width:1024px){.elementor-598 .elementor-element.elementor-element-2ec0263{padding:30px 0px 40px 0px;}.elementor-598 .elementor-element.elementor-element-0de27ad > .elementor-element-populated{padding:0px 20px 0px 30px;}.elementor-598 .elementor-element.elementor-element-4d229ad .elementor-heading-title{font-size:64px;}.elementor-598 .elementor-element.elementor-element-e6444f8 img{width:100%;}}@media(max-width:767px){.elementor-598 .elementor-element.elementor-element-2ec0263{padding:40px 0px 30px 0px;}.elementor-598 .elementor-element.elementor-element-0de27ad > .elementor-element-populated{padding:0px 20px 0px 20px;}.elementor-598 .elementor-element.elementor-element-4d229ad{text-align:center;}.elementor-598 .elementor-element.elementor-element-4d229ad .elementor-heading-title{font-size:40px;line-height:1em;}.elementor-598 .elementor-element.elementor-element-29d6023{--padding-top:4%;--padding-bottom:4%;--padding-left:4%;--padding-right:4%;}.elementor-598 .elementor-element.elementor-element-eb8ed60{--padding-top:0px;--padding-bottom:0px;--padding-left:0px;--padding-right:0px;}.elementor-598 .elementor-element.elementor-element-43f1a09 > .elementor-widget-container{margin:4% 0% -6% 0%;}.elementor-598 .elementor-element.elementor-element-43f1a09{text-align:left;font-size:18px;line-height:1.6em;}.elementor-598 .elementor-element.elementor-element-07aff2c{--padding-top:4%;--padding-bottom:4%;--padding-left:4%;--padding-right:4%;}.elementor-598 .elementor-element.elementor-element-f4bd189{--padding-top:0px;--padding-bottom:0px;--padding-left:0px;--padding-right:0px;}.elementor-598 .elementor-element.elementor-element-d874f9e > .elementor-widget-container{margin:4% 0% -6% 0%;}.elementor-598 .elementor-element.elementor-element-d874f9e{text-align:left;font-size:18px;line-height:1.6em;}}@media(max-width:1024px) and (min-width:768px){.elementor-598 .elementor-element.elementor-element-0de27ad{width:100%;}}<\/style>\t\t<div data-elementor-type=\"wp-page\" data-elementor-id=\"598\" class=\"elementor elementor-598\" data-elementor-post-type=\"page\">\n\t\t\t\t\t\t<section class=\"elementor-section elementor-top-section elementor-element elementor-element-2ec0263 elementor-section-boxed elementor-section-height-default elementor-section-height-default\" data-id=\"2ec0263\" data-element_type=\"section\">\n\t\t\t\t\t\t<div class=\"elementor-container elementor-column-gap-default\">\n\t\t\t\t\t<div class=\"elementor-column elementor-col-100 elementor-top-column elementor-element elementor-element-0de27ad\" data-id=\"0de27ad\" data-element_type=\"column\">\n\t\t\t<div class=\"elementor-widget-wrap elementor-element-populated\">\n\t\t\t\t\t\t<div class=\"elementor-element elementor-element-4d229ad elementor-invisible elementor-widget elementor-widget-heading\" data-id=\"4d229ad\" data-element_type=\"widget\" data-settings=\"{&quot;_animation&quot;:&quot;fadeInUp&quot;,&quot;_animation_delay&quot;:200}\" data-widget_type=\"heading.default\">\n\t\t\t\t<div class=\"elementor-widget-container\">\n\t\t\t\t\t<h1 class=\"elementor-heading-title elementor-size-default\">Park Yoga<\/h1>\t\t\t\t<\/div>\n\t\t\t\t<\/div>\n\t\t\t\t\t<\/div>\n\t\t<\/div>\n\t\t\t\t\t<\/div>\n\t\t<\/section>\n\t\t<div class=\"elementor-element elementor-element-29d6023 e-flex e-con-boxed e-con e-parent\" data-id=\"29d6023\" data-element_type=\"container\">\n\t\t\t\t\t<div class=\"e-con-inner\">\n\t\t<div class=\"elementor-element elementor-element-0c3f54b e-con-full e-flex e-con e-child\" data-id=\"0c3f54b\" data-element_type=\"container\">\n\t\t\t\t<div class=\"elementor-element elementor-element-e6444f8 elementor-widget elementor-widget-image\" data-id=\"e6444f8\" data-element_type=\"widget\" data-widget_type=\"image.default\">\n\t\t\t\t<div class=\"elementor-widget-container\">\n\t\t\t\t\t\t\t\t\t\t\t\t\t\t\t<img fetchpriority=\"high\" decoding=\"async\" width=\"800\" height=\"1000\" src=\"https:\/\/pasilanjoogastudio.fi\/wp-content\/uploads\/2026\/04\/FB_IMG_1776533875444-819x1024.jpg\" class=\"attachment-large size-large wp-image-933\" alt=\"\" srcset=\"https:\/\/pasilanjoogastudio.fi\/wp-content\/uploads\/2026\/04\/FB_IMG_1776533875444-819x1024.jpg 819w, https:\/\/pasilanjoogastudio.fi\/wp-content\/uploads\/2026\/04\/FB_IMG_1776533875444-240x300.jpg 240w, https:\/\/pasilanjoogastudio.fi\/wp-content\/uploads\/2026\/04\/FB_IMG_1776533875444-768x960.jpg 768w, https:\/\/pasilanjoogastudio.fi\/wp-content\/uploads\/2026\/04\/FB_IMG_1776533875444-10x12.jpg 10w, https:\/\/pasilanjoogastudio.fi\/wp-content\/uploads\/2026\/04\/FB_IMG_1776533875444.jpg 840w\" sizes=\"(max-width: 800px) 100vw, 800px\" \/>\t\t\t\t\t\t\t\t\t\t\t\t\t\t\t<\/div>\n\t\t\t\t<\/div>\n\t\t\t\t<\/div>\n\t\t<div class=\"elementor-element elementor-element-eb8ed60 e-con-full e-flex e-con e-child\" data-id=\"eb8ed60\" data-element_type=\"container\">\n\t\t\t\t<div class=\"elementor-element elementor-element-cb844f1 elementor-widget elementor-widget-heading\" data-id=\"cb844f1\" data-element_type=\"widget\" data-widget_type=\"heading.default\">\n\t\t\t\t<div class=\"elementor-widget-container\">\n\t\t\t\t\t<h3 class=\"elementor-heading-title elementor-size-default\">UUSIMAAN JA P\u00c4\u00c4KAUPUNKISEUDUN (HELSINKI, ESPOO, VANTAA PUISTOJOOGA KES\u00c4 2026<\/h3>\t\t\t\t<\/div>\n\t\t\t\t<\/div>\n\t\t\t\t<div class=\"elementor-element elementor-element-43f1a09 elementor-widget elementor-widget-text-editor\" data-id=\"43f1a09\" data-element_type=\"widget\" data-widget_type=\"text-editor.default\">\n\t\t\t\t<div class=\"elementor-widget-container\">\n\t\t\t\t\t\t\t\t\t<div dir=\"auto\">Pasilan joogastudio j\u00e4rjest\u00e4\u00e4 puistojoogaa Pasilassa, eri alueilla Helsingiss\u00e4, Espoossa ja Vantaalla, sek\u00e4 ymp\u00e4r\u00f6ivill\u00e4 uusimaan alueilla.\u00a0<\/div>\t\t\t\t\t\t\t\t<\/div>\n\t\t\t\t<\/div>\n\t\t\t\t<\/div>\n\t\t\t\t\t<\/div>\n\t\t\t\t<\/div>\n\t\t<div class=\"elementor-element elementor-element-07aff2c e-flex e-con-boxed e-con e-parent\" data-id=\"07aff2c\" data-element_type=\"container\">\n\t\t\t\t\t<div class=\"e-con-inner\">\n\t\t<div class=\"elementor-element elementor-element-f4bd189 e-con-full e-flex e-con e-child\" data-id=\"f4bd189\" data-element_type=\"container\">\n\t\t\t\t<div class=\"elementor-element elementor-element-bf88426 elementor-widget elementor-widget-heading\" data-id=\"bf88426\" data-element_type=\"widget\" data-widget_type=\"heading.default\">\n\t\t\t\t<div class=\"elementor-widget-container\">\n\t\t\t\t\t<h3 class=\"elementor-heading-title elementor-size-default\">ILMOITTAUDU MUKAAN \n<\/h3>\t\t\t\t<\/div>\n\t\t\t\t<\/div>\n\t\t\t\t<div class=\"elementor-element elementor-element-d874f9e elementor-widget elementor-widget-text-editor\" data-id=\"d874f9e\" data-element_type=\"widget\" data-widget_type=\"text-editor.default\">\n\t\t\t\t<div class=\"elementor-widget-container\">\n\t\t\t\t\t\t\t\t\t<div dir=\"auto\"><div dir=\"auto\">L\u00e4het\u00e4 viesti &#8221;ALUEESI NIMI\u201d-numeroon +358449730926, niin lis\u00e4\u00e4mme sinut alueen whatsappryhm\u00e4\u00e4n. Siell\u00e4 saat tarkemmat tiedot paikasta ja maksujen siirrosta yms, sek\u00e4 suoran yhteyden ohjaajaan. Kerromme my\u00f6s mahdollisista peruutuksista sateella jne. Sek\u00e4 toiveita sis\u00e4lt\u00f6\u00f6n voi esitt\u00e4\u00e4 ryhm\u00e4ss\u00e4.\u00a0\u00a0<\/div><div dir=\"auto\"><div dir=\"auto\">\u00a0<\/div><h3 dir=\"auto\">HINNAT\u00a0<\/h3><div dir=\"auto\">15 e krt<\/div><div dir=\"auto\">38 e 3 krt<\/div><div dir=\"auto\">65 e 5 krt<\/div><div dir=\"auto\">84 e 7 krt<\/div><div dir=\"auto\">110 e 10 krt<\/div><div dir=\"auto\">\u00a0<\/div><div dir=\"auto\">(huom. maksuja ei voida palauttaa erin\u00e4isist\u00e4 syist\u00e4, mutta ne k\u00e4yv\u00e4t my\u00f6s muiden l\u00e4hialueiden puistojoogiin ja mihin tahansa meid\u00e4n retriitti-, hieronta-, kosmetologi- ja viikkotunti palveluihin 2026 ajan Pasila &amp; Cafe:ssa.)<\/div><div dir=\"auto\">\u00a0<\/div><div dir=\"auto\">Jos sinulla on taloudellisesti haastava tilanne, voit l\u00e4hett\u00e4\u00e4 viesti\u00e4 jos voisit osallistua kes\u00e4ll\u00e4 pienelle alennuksella.\u00a0<\/div><div dir=\"auto\">\u00a0<\/div><h3 dir=\"auto\">PAYMENT METHODS\u00a0<\/h3><div dir=\"auto\">Kortti, mobilepay, tasaraha k\u00e4teinen, liikuntaedut (smartum, edenred, e-passi), tilisiirto.\u00a0<\/div><div dir=\"auto\">\u00a0<\/div><h3 dir=\"auto\">JOOGA\u00a0<\/h3><div dir=\"auto\">Jooga on aloittelijayst\u00e4v\u00e4llist\u00e4, mutta reipasta yleisjoogaa. Teemme venytt\u00e4vi\u00e4 ja vahvistavia liikkeit\u00e4 istualteen, nelinkontin, vatsallaan, kylkimakuulla, seisten, polviseisonnassa ja makuulteen. Joskus otamme mukaan lyhyen hengitys-tai mindfulness harjoituksen alkuun. Lopussa aina rentoudutaan, v\u00e4lill\u00e4 my\u00f6s \u00e4\u00e4nikylpy soittimien kera.\u00a0<\/div><div dir=\"auto\">\u00a0<\/div><h3 dir=\"auto\">TUNNILLE TULO<\/h3><div dir=\"auto\">Tunneille voi vain ilmesty\u00e4 paikalle 5-10 min ennen. Mik\u00e4li my\u00f6h\u00e4styt voit tulla my\u00f6s mukaan, vaikka tunti on jo k\u00e4ynniss\u00e4. Sateella tunti perutaan. Tuo juomista ja oma matto mukaan. Miljalla my\u00f6s kierr\u00e4tettyj\u00e4 jumppamattoja autossa hintaan 25 e, jos tarvitsee ostaa. (laita viesti\u00e4) joskus my\u00f6s lainamattoja mukana.<\/div><\/div><\/div>\t\t\t\t\t\t\t\t<\/div>\n\t\t\t\t<\/div>\n\t\t\t\t<\/div>\n\t\t\t\t\t<\/div>\n\t\t\t\t<\/div>\n\t\t\t\t<\/div>","protected":false},"excerpt":{"rendered":"<p>Puistojoogat UUSIMAAN JA P\u00c4\u00c4KAUPUNKISEUDUN (HELSINKI, ESPOO, VANTAA PUISTOJOOGA KES\u00c4 2026 Pasilan joogastudio j\u00e4rjest\u00e4\u00e4 puistojoogaa Pasilassa, eri alueilla Helsingiss\u00e4, Espoossa ja Vantaalla, sek\u00e4 ymp\u00e4r\u00f6ivill\u00e4 uusimaan alueilla.\u00a0 ILMOITTAUDU MUKAAN L\u00e4het\u00e4 viesti &#8221;ALUEESI NIMI\u201d-numeroon +358449730926, niin lis\u00e4\u00e4mme sinut alueen whatsappryhm\u00e4\u00e4n. Siell\u00e4 saat tarkemmat tiedot paikasta ja maksujen siirrosta yms, sek\u00e4 suoran yhteyden ohjaajaan. Kerromme my\u00f6s mahdollisista peruutuksista sateella [&hellip;]<\/p>","protected":false},"author":1,"featured_media":0,"parent":0,"menu_order":0,"comment_status":"closed","ping_status":"closed","template":"elementor_header_footer","meta":{"footnotes":""},"class_list":["post-598","page","type-page","status-publish","hentry"],"yoast_head":"<!-- This site is optimized with the Yoast SEO plugin v26.5 - https:\/\/yoast.com\/wordpress\/plugins\/seo\/ -->\n<title>Puistojooga - Pasilan Jooga Studio<\/title>\n<meta name=\"robots\" content=\"index, follow, max-snippet:-1, max-image-preview:large, max-video-preview:-1\" \/>\n<link rel=\"canonical\" href=\"https:\/\/pasilanjoogastudio.fi\/en\/puistojooga\/\" \/>\n<meta property=\"og:locale\" content=\"en_US\" \/>\n<meta property=\"og:type\" content=\"article\" \/>\n<meta property=\"og:title\" content=\"Puistojooga - Pasilan Jooga Studio\" \/>\n<meta property=\"og:description\" content=\"Puistojoogat UUSIMAAN JA P\u00c4\u00c4KAUPUNKISEUDUN (HELSINKI, ESPOO, VANTAA PUISTOJOOGA KES\u00c4 2026 Pasilan joogastudio j\u00e4rjest\u00e4\u00e4 puistojoogaa Pasilassa, eri alueilla Helsingiss\u00e4, Espoossa ja Vantaalla, sek\u00e4 ymp\u00e4r\u00f6ivill\u00e4 uusimaan alueilla.\u00a0 ILMOITTAUDU MUKAAN L\u00e4het\u00e4 viesti &#8221;ALUEESI NIMI\u201d-numeroon +358449730926, niin lis\u00e4\u00e4mme sinut alueen whatsappryhm\u00e4\u00e4n. Siell\u00e4 saat tarkemmat tiedot paikasta ja maksujen siirrosta yms, sek\u00e4 suoran yhteyden ohjaajaan. Kerromme my\u00f6s mahdollisista peruutuksista sateella [&hellip;]\" \/>\n<meta property=\"og:url\" content=\"https:\/\/pasilanjoogastudio.fi\/en\/puistojooga\/\" \/>\n<meta property=\"og:site_name\" content=\"Pasilan Jooga Studio\" \/>\n<meta property=\"article:modified_time\" content=\"2026-04-19T07:20:59+00:00\" \/>\n<meta property=\"og:image\" content=\"https:\/\/pasilanjoogastudio.fi\/wp-content\/uploads\/2026\/04\/FB_IMG_1776533875444.jpg\" \/>\n\t<meta property=\"og:image:width\" content=\"840\" \/>\n\t<meta property=\"og:image:height\" content=\"1050\" \/>\n\t<meta property=\"og:image:type\" content=\"image\/jpeg\" \/>\n<meta name=\"twitter:card\" content=\"summary_large_image\" \/>\n<meta name=\"twitter:label1\" content=\"Est. reading time\" \/>\n\t<meta name=\"twitter:data1\" content=\"2 minutes\" \/>\n<script type=\"application\/ld+json\" class=\"yoast-schema-graph\">{\"@context\":\"https:\/\/schema.org\",\"@graph\":[{\"@type\":\"WebPage\",\"@id\":\"https:\/\/pasilanjoogastudio.fi\/puistojooga\/\",\"url\":\"https:\/\/pasilanjoogastudio.fi\/puistojooga\/\",\"name\":\"Puistojooga - Pasilan Jooga Studio\",\"isPartOf\":{\"@id\":\"https:\/\/pasilanjoogastudio.fi\/#website\"},\"primaryImageOfPage\":{\"@id\":\"https:\/\/pasilanjoogastudio.fi\/puistojooga\/#primaryimage\"},\"image\":{\"@id\":\"https:\/\/pasilanjoogastudio.fi\/puistojooga\/#primaryimage\"},\"thumbnailUrl\":\"https:\/\/pasilanjoogastudio.fi\/wp-content\/uploads\/2026\/04\/FB_IMG_1776533875444-819x1024.jpg\",\"datePublished\":\"2025-08-14T09:48:24+00:00\",\"dateModified\":\"2026-04-19T07:20:59+00:00\",\"breadcrumb\":{\"@id\":\"https:\/\/pasilanjoogastudio.fi\/puistojooga\/#breadcrumb\"},\"inLanguage\":\"en-US\",\"potentialAction\":[{\"@type\":\"ReadAction\",\"target\":[\"https:\/\/pasilanjoogastudio.fi\/puistojooga\/\"]}]},{\"@type\":\"ImageObject\",\"inLanguage\":\"en-US\",\"@id\":\"https:\/\/pasilanjoogastudio.fi\/puistojooga\/#primaryimage\",\"url\":\"https:\/\/pasilanjoogastudio.fi\/wp-content\/uploads\/2026\/04\/FB_IMG_1776533875444-819x1024.jpg\",\"contentUrl\":\"https:\/\/pasilanjoogastudio.fi\/wp-content\/uploads\/2026\/04\/FB_IMG_1776533875444-819x1024.jpg\"},{\"@type\":\"BreadcrumbList\",\"@id\":\"https:\/\/pasilanjoogastudio.fi\/puistojooga\/#breadcrumb\",\"itemListElement\":[{\"@type\":\"ListItem\",\"position\":1,\"name\":\"Etusivu\",\"item\":\"https:\/\/pasilanjoogastudio.fi\/\"},{\"@type\":\"ListItem\",\"position\":2,\"name\":\"Puistojooga\"}]},{\"@type\":\"WebSite\",\"@id\":\"https:\/\/pasilanjoogastudio.fi\/#website\",\"url\":\"https:\/\/pasilanjoogastudio.fi\/\",\"name\":\"Pasilan Jooga Studio\",\"description\":\"Tervetuloa Pasilan Joogastudiolle!\",\"publisher\":{\"@id\":\"https:\/\/pasilanjoogastudio.fi\/#organization\"},\"potentialAction\":[{\"@type\":\"SearchAction\",\"target\":{\"@type\":\"EntryPoint\",\"urlTemplate\":\"https:\/\/pasilanjoogastudio.fi\/?s={search_term_string}\"},\"query-input\":{\"@type\":\"PropertyValueSpecification\",\"valueRequired\":true,\"valueName\":\"search_term_string\"}}],\"inLanguage\":\"en-US\"},{\"@type\":\"Organization\",\"@id\":\"https:\/\/pasilanjoogastudio.fi\/#organization\",\"name\":\"Pasilan Jooga Studio\",\"url\":\"https:\/\/pasilanjoogastudio.fi\/\",\"logo\":{\"@type\":\"ImageObject\",\"inLanguage\":\"en-US\",\"@id\":\"https:\/\/pasilanjoogastudio.fi\/#\/schema\/logo\/image\/\",\"url\":\"https:\/\/pasilanjoogastudio.fi\/wp-content\/uploads\/2024\/07\/Pasilan-Jooga-Studio_20241213_214803_0000.png\",\"contentUrl\":\"https:\/\/pasilanjoogastudio.fi\/wp-content\/uploads\/2024\/07\/Pasilan-Jooga-Studio_20241213_214803_0000.png\",\"width\":2000,\"height\":1295,\"caption\":\"Pasilan Jooga Studio\"},\"image\":{\"@id\":\"https:\/\/pasilanjoogastudio.fi\/#\/schema\/logo\/image\/\"}}]}<\/script>\n<!-- \/ Yoast SEO plugin. -->","yoast_head_json":{"title":"Puistojooga - Pasilan Jooga Studio","robots":{"index":"index","follow":"follow","max-snippet":"max-snippet:-1","max-image-preview":"max-image-preview:large","max-video-preview":"max-video-preview:-1"},"canonical":"https:\/\/pasilanjoogastudio.fi\/en\/puistojooga\/","og_locale":"en_US","og_type":"article","og_title":"Puistojooga - Pasilan Jooga Studio","og_description":"Puistojoogat UUSIMAAN JA P\u00c4\u00c4KAUPUNKISEUDUN (HELSINKI, ESPOO, VANTAA PUISTOJOOGA KES\u00c4 2026 Pasilan joogastudio j\u00e4rjest\u00e4\u00e4 puistojoogaa Pasilassa, eri alueilla Helsingiss\u00e4, Espoossa ja Vantaalla, sek\u00e4 ymp\u00e4r\u00f6ivill\u00e4 uusimaan alueilla.\u00a0 ILMOITTAUDU MUKAAN L\u00e4het\u00e4 viesti &#8221;ALUEESI NIMI\u201d-numeroon +358449730926, niin lis\u00e4\u00e4mme sinut alueen whatsappryhm\u00e4\u00e4n. Siell\u00e4 saat tarkemmat tiedot paikasta ja maksujen siirrosta yms, sek\u00e4 suoran yhteyden ohjaajaan. Kerromme my\u00f6s mahdollisista peruutuksista sateella [&hellip;]","og_url":"https:\/\/pasilanjoogastudio.fi\/en\/puistojooga\/","og_site_name":"Pasilan Jooga Studio","article_modified_time":"2026-04-19T07:20:59+00:00","og_image":[{"width":840,"height":1050,"url":"https:\/\/pasilanjoogastudio.fi\/wp-content\/uploads\/2026\/04\/FB_IMG_1776533875444.jpg","type":"image\/jpeg"}],"twitter_card":"summary_large_image","twitter_misc":{"Est. reading time":"2 minutes"},"schema":{"@context":"https:\/\/schema.org","@graph":[{"@type":"WebPage","@id":"https:\/\/pasilanjoogastudio.fi\/puistojooga\/","url":"https:\/\/pasilanjoogastudio.fi\/puistojooga\/","name":"Puistojooga - Pasilan Jooga Studio","isPartOf":{"@id":"https:\/\/pasilanjoogastudio.fi\/#website"},"primaryImageOfPage":{"@id":"https:\/\/pasilanjoogastudio.fi\/puistojooga\/#primaryimage"},"image":{"@id":"https:\/\/pasilanjoogastudio.fi\/puistojooga\/#primaryimage"},"thumbnailUrl":"https:\/\/pasilanjoogastudio.fi\/wp-content\/uploads\/2026\/04\/FB_IMG_1776533875444-819x1024.jpg","datePublished":"2025-08-14T09:48:24+00:00","dateModified":"2026-04-19T07:20:59+00:00","breadcrumb":{"@id":"https:\/\/pasilanjoogastudio.fi\/puistojooga\/#breadcrumb"},"inLanguage":"en-US","potentialAction":[{"@type":"ReadAction","target":["https:\/\/pasilanjoogastudio.fi\/puistojooga\/"]}]},{"@type":"ImageObject","inLanguage":"en-US","@id":"https:\/\/pasilanjoogastudio.fi\/puistojooga\/#primaryimage","url":"https:\/\/pasilanjoogastudio.fi\/wp-content\/uploads\/2026\/04\/FB_IMG_1776533875444-819x1024.jpg","contentUrl":"https:\/\/pasilanjoogastudio.fi\/wp-content\/uploads\/2026\/04\/FB_IMG_1776533875444-819x1024.jpg"},{"@type":"BreadcrumbList","@id":"https:\/\/pasilanjoogastudio.fi\/puistojooga\/#breadcrumb","itemListElement":[{"@type":"ListItem","position":1,"name":"Etusivu","item":"https:\/\/pasilanjoogastudio.fi\/"},{"@type":"ListItem","position":2,"name":"Puistojooga"}]},{"@type":"WebSite","@id":"https:\/\/pasilanjoogastudio.fi\/#website","url":"https:\/\/pasilanjoogastudio.fi\/","name":"Pasilan Jooga Studio","description":"Tervetuloa Pasilan Joogastudiolle!","publisher":{"@id":"https:\/\/pasilanjoogastudio.fi\/#organization"},"potentialAction":[{"@type":"SearchAction","target":{"@type":"EntryPoint","urlTemplate":"https:\/\/pasilanjoogastudio.fi\/?s={search_term_string}"},"query-input":{"@type":"PropertyValueSpecification","valueRequired":true,"valueName":"search_term_string"}}],"inLanguage":"en-US"},{"@type":"Organization","@id":"https:\/\/pasilanjoogastudio.fi\/#organization","name":"Pasilan Jooga Studio","url":"https:\/\/pasilanjoogastudio.fi\/","logo":{"@type":"ImageObject","inLanguage":"en-US","@id":"https:\/\/pasilanjoogastudio.fi\/#\/schema\/logo\/image\/","url":"https:\/\/pasilanjoogastudio.fi\/wp-content\/uploads\/2024\/07\/Pasilan-Jooga-Studio_20241213_214803_0000.png","contentUrl":"https:\/\/pasilanjoogastudio.fi\/wp-content\/uploads\/2024\/07\/Pasilan-Jooga-Studio_20241213_214803_0000.png","width":2000,"height":1295,"caption":"Pasilan Jooga Studio"},"image":{"@id":"https:\/\/pasilanjoogastudio.fi\/#\/schema\/logo\/image\/"}}]}},"_links":{"self":[{"href":"https:\/\/pasilanjoogastudio.fi\/en\/wp-json\/wp\/v2\/pages\/598","targetHints":{"allow":["GET"]}}],"collection":[{"href":"https:\/\/pasilanjoogastudio.fi\/en\/wp-json\/wp\/v2\/pages"}],"about":[{"href":"https:\/\/pasilanjoogastudio.fi\/en\/wp-json\/wp\/v2\/types\/page"}],"author":[{"embeddable":true,"href":"https:\/\/pasilanjoogastudio.fi\/en\/wp-json\/wp\/v2\/users\/1"}],"replies":[{"embeddable":true,"href":"https:\/\/pasilanjoogastudio.fi\/en\/wp-json\/wp\/v2\/comments?post=598"}],"version-history":[{"count":11,"href":"https:\/\/pasilanjoogastudio.fi\/en\/wp-json\/wp\/v2\/pages\/598\/revisions"}],"predecessor-version":[{"id":936,"href":"https:\/\/pasilanjoogastudio.fi\/en\/wp-json\/wp\/v2\/pages\/598\/revisions\/936"}],"wp:attachment":[{"href":"https:\/\/pasilanjoogastudio.fi\/en\/wp-json\/wp\/v2\/media?parent=598"}],"curies":[{"name":"wp","href":"https:\/\/api.w.org\/{rel}","templated":true}]}}