{"id":547,"date":"2025-08-14T08:58:50","date_gmt":"2025-08-14T08:58:50","guid":{"rendered":"https:\/\/pasilanjoogastudio.fi\/?page_id=547"},"modified":"2026-04-14T06:13:50","modified_gmt":"2026-04-14T06:13:50","slug":"hieronnat-ja-hoidot","status":"publish","type":"page","link":"https:\/\/pasilanjoogastudio.fi\/en\/hieronnat-ja-hoidot\/","title":{"rendered":"Massages and Treatments"},"content":{"rendered":"<style>.elementor-547 .elementor-element.elementor-element-a2fa13c{margin-top:0px;margin-bottom:0px;padding:74px 0px 20px 0px;}.elementor-bc-flex-widget .elementor-547 .elementor-element.elementor-element-6b539fa.elementor-column .elementor-widget-wrap{align-items:center;}.elementor-547 .elementor-element.elementor-element-6b539fa.elementor-column.elementor-element[data-element_type=\"column\"] > .elementor-widget-wrap.elementor-element-populated{align-content:center;align-items:center;}.elementor-547 .elementor-element.elementor-element-6b539fa > .elementor-element-populated{margin:0px 0px 0px 0px;--e-column-margin-right:0px;--e-column-margin-left:0px;padding:0px 50px 0px 0px;}.elementor-547 .elementor-element.elementor-element-6b539fa{z-index:9;}.elementor-547 .elementor-element.elementor-element-6e9ebd4{text-align:center;}.elementor-547 .elementor-element.elementor-element-6e9ebd4 .elementor-heading-title{font-size:80px;text-transform:uppercase;line-height:0.8em;color:var( --e-global-color-primary );}.elementor-547 .elementor-element.elementor-element-d70e7f4{--display:flex;--flex-direction:row;--container-widget-width:initial;--container-widget-height:100%;--container-widget-flex-grow:1;--container-widget-align-self:stretch;--flex-wrap-mobile:wrap;--gap:0px 0px;--row-gap:0px;--column-gap:0px;--padding-top:4%;--padding-bottom:0%;--padding-left:0%;--padding-right:0%;}.elementor-547 .elementor-element.elementor-element-eb10034{--display:flex;--flex-direction:column;--container-widget-width:100%;--container-widget-height:initial;--container-widget-flex-grow:0;--container-widget-align-self:initial;--flex-wrap-mobile:wrap;--justify-content:center;}.elementor-547 .elementor-element.elementor-element-e9ee137 img{width:100%;}.elementor-547 .elementor-element.elementor-element-f5e8dae{--display:flex;--flex-direction:column;--container-widget-width:100%;--container-widget-height:initial;--container-widget-flex-grow:0;--container-widget-align-self:initial;--flex-wrap-mobile:wrap;}.elementor-547 .elementor-element.elementor-element-a4fc642 > .elementor-widget-container{margin:0% 0% 0% 0%;}.elementor-547 .elementor-element.elementor-element-a4fc642{text-align:left;font-size:28px;line-height:37px;}.elementor-547 .elementor-element.elementor-element-31770da .elementor-button{background-color:var( --e-global-color-primary );font-size:20px;font-weight:700;padding:8px 8px 8px 8px;}.elementor-547 .elementor-element.elementor-element-31770da{width:100%;max-width:100%;}.elementor-547 .elementor-element.elementor-element-31770da > .elementor-widget-container{margin:0% 0% 3% 0%;}.elementor-547 .elementor-element.elementor-element-a4daa40{--display:flex;--flex-direction:column;--container-widget-width:100%;--container-widget-height:initial;--container-widget-flex-grow:0;--container-widget-align-self:initial;--flex-wrap-mobile:wrap;--padding-top:9%;--padding-bottom:0%;--padding-left:0%;--padding-right:0%;}.elementor-547 .elementor-element.elementor-element-9d95408 > .elementor-widget-container{margin:0% 0% 0% 0%;}.elementor-547 .elementor-element.elementor-element-9d95408{text-align:left;font-size:28px;line-height:37px;}@media(min-width:768px){.elementor-547 .elementor-element.elementor-element-eb10034{--width:50%;}.elementor-547 .elementor-element.elementor-element-f5e8dae{--width:50%;}}@media(max-width:1024px){.elementor-547 .elementor-element.elementor-element-a2fa13c{padding:30px 0px 40px 0px;}.elementor-547 .elementor-element.elementor-element-6b539fa > .elementor-element-populated{padding:0px 20px 0px 30px;}.elementor-547 .elementor-element.elementor-element-6e9ebd4 .elementor-heading-title{font-size:64px;}.elementor-547 .elementor-element.elementor-element-e9ee137 img{width:100%;}.elementor-547 .elementor-element.elementor-element-a4daa40{--padding-top:8%;--padding-bottom:4%;--padding-left:4%;--padding-right:4%;}}@media(max-width:767px){.elementor-547 .elementor-element.elementor-element-a2fa13c{padding:40px 0px 30px 0px;}.elementor-547 .elementor-element.elementor-element-6b539fa > .elementor-element-populated{padding:0px 20px 0px 20px;}.elementor-547 .elementor-element.elementor-element-6e9ebd4{text-align:center;}.elementor-547 .elementor-element.elementor-element-6e9ebd4 .elementor-heading-title{font-size:40px;line-height:1em;}.elementor-547 .elementor-element.elementor-element-a4fc642 > .elementor-widget-container{margin:4% 0% -6% 0%;}.elementor-547 .elementor-element.elementor-element-a4fc642{text-align:left;font-size:18px;line-height:1.6em;}.elementor-547 .elementor-element.elementor-element-31770da > .elementor-widget-container{margin:0% 0% 0% 0%;}.elementor-547 .elementor-element.elementor-element-9d95408 > .elementor-widget-container{margin:4% 0% -6% 0%;}.elementor-547 .elementor-element.elementor-element-9d95408{text-align:left;font-size:18px;line-height:1.6em;}}@media(max-width:1024px) and (min-width:768px){.elementor-547 .elementor-element.elementor-element-6b539fa{width:100%;}}<\/style>\t\t<div data-elementor-type=\"wp-page\" data-elementor-id=\"547\" class=\"elementor elementor-547\" data-elementor-post-type=\"page\">\n\t\t\t\t\t\t<section class=\"elementor-section elementor-top-section elementor-element elementor-element-a2fa13c elementor-section-boxed elementor-section-height-default elementor-section-height-default\" data-id=\"a2fa13c\" data-element_type=\"section\">\n\t\t\t\t\t\t<div class=\"elementor-container elementor-column-gap-default\">\n\t\t\t\t\t<div class=\"elementor-column elementor-col-100 elementor-top-column elementor-element elementor-element-6b539fa\" data-id=\"6b539fa\" data-element_type=\"column\">\n\t\t\t<div class=\"elementor-widget-wrap elementor-element-populated\">\n\t\t\t\t\t\t<div class=\"elementor-element elementor-element-6e9ebd4 elementor-invisible elementor-widget elementor-widget-heading\" data-id=\"6e9ebd4\" data-element_type=\"widget\" data-settings=\"{&quot;_animation&quot;:&quot;fadeInUp&quot;,&quot;_animation_delay&quot;:200}\" data-widget_type=\"heading.default\">\n\t\t\t\t<div class=\"elementor-widget-container\">\n\t\t\t\t\t<h1 class=\"elementor-heading-title elementor-size-default\">Massages and Treatments <\/h1>\t\t\t\t<\/div>\n\t\t\t\t<\/div>\n\t\t\t\t\t<\/div>\n\t\t<\/div>\n\t\t\t\t\t<\/div>\n\t\t<\/section>\n\t\t<div class=\"elementor-element elementor-element-d70e7f4 e-flex e-con-boxed e-con e-parent\" data-id=\"d70e7f4\" data-element_type=\"container\">\n\t\t\t\t\t<div class=\"e-con-inner\">\n\t\t<div class=\"elementor-element elementor-element-eb10034 e-con-full e-flex e-con e-child\" data-id=\"eb10034\" data-element_type=\"container\">\n\t\t\t\t<div class=\"elementor-element elementor-element-e9ee137 elementor-widget elementor-widget-image\" data-id=\"e9ee137\" data-element_type=\"widget\" data-widget_type=\"image.default\">\n\t\t\t\t<div class=\"elementor-widget-container\">\n\t\t\t\t\t\t\t\t\t\t\t\t\t\t\t<img fetchpriority=\"high\" decoding=\"async\" width=\"800\" height=\"450\" src=\"https:\/\/pasilanjoogastudio.fi\/wp-content\/uploads\/2026\/04\/Pink-Birthday-Events-and-Special-Interest-Presentation_20260413_200629_0000-1024x576.jpg\" class=\"attachment-large size-large wp-image-873\" alt=\"\" srcset=\"https:\/\/pasilanjoogastudio.fi\/wp-content\/uploads\/2026\/04\/Pink-Birthday-Events-and-Special-Interest-Presentation_20260413_200629_0000-1024x576.jpg 1024w, https:\/\/pasilanjoogastudio.fi\/wp-content\/uploads\/2026\/04\/Pink-Birthday-Events-and-Special-Interest-Presentation_20260413_200629_0000-300x169.jpg 300w, https:\/\/pasilanjoogastudio.fi\/wp-content\/uploads\/2026\/04\/Pink-Birthday-Events-and-Special-Interest-Presentation_20260413_200629_0000-768x432.jpg 768w, https:\/\/pasilanjoogastudio.fi\/wp-content\/uploads\/2026\/04\/Pink-Birthday-Events-and-Special-Interest-Presentation_20260413_200629_0000-1536x864.jpg 1536w, https:\/\/pasilanjoogastudio.fi\/wp-content\/uploads\/2026\/04\/Pink-Birthday-Events-and-Special-Interest-Presentation_20260413_200629_0000-18x10.jpg 18w, https:\/\/pasilanjoogastudio.fi\/wp-content\/uploads\/2026\/04\/Pink-Birthday-Events-and-Special-Interest-Presentation_20260413_200629_0000.jpg 1867w\" sizes=\"(max-width: 800px) 100vw, 800px\" \/>\t\t\t\t\t\t\t\t\t\t\t\t\t\t\t<\/div>\n\t\t\t\t<\/div>\n\t\t\t\t<\/div>\n\t\t<div class=\"elementor-element elementor-element-f5e8dae e-con-full e-flex e-con e-child\" data-id=\"f5e8dae\" data-element_type=\"container\">\n\t\t\t\t<div class=\"elementor-element elementor-element-a4fc642 elementor-widget elementor-widget-text-editor\" data-id=\"a4fc642\" data-element_type=\"widget\" data-widget_type=\"text-editor.default\">\n\t\t\t\t<div class=\"elementor-widget-container\">\n\t\t\t\t\t\t\t\t\t<p>At Pasilan joogastudio, you can pause and enjoy personalized treatments and massages. All massages and treatments are performed in a calm environment with professional care<\/p><p>You can easily book all treatments directly through the booking calendar (Timma) or by contacting us via email <a href=\"mailto:pasilanjoogastudio@gmail.com\">pasilanjoogastudio@gmail.com<\/a> or at phone +358 44 973 0926\u00a0<\/p>\t\t\t\t\t\t\t\t<\/div>\n\t\t\t\t<\/div>\n\t\t\t\t<div class=\"elementor-element elementor-element-31770da elementor-mobile-align-justify elementor-widget__width-inherit elementor-align-justify elementor-widget elementor-widget-button\" data-id=\"31770da\" data-element_type=\"widget\" data-widget_type=\"button.default\">\n\t\t\t\t<div class=\"elementor-widget-container\">\n\t\t\t\t\t\t\t\t\t<div class=\"elementor-button-wrapper\">\n\t\t\t\t\t<a class=\"elementor-button elementor-button-link elementor-size-sm\" href=\"http:\/\/varaa.timma.fi\/pasilanjoogastudio\" target=\"_blank\">\n\t\t\t\t\t\t<span class=\"elementor-button-content-wrapper\">\n\t\t\t\t\t\t\t\t\t<span class=\"elementor-button-text\">Booking<\/span>\n\t\t\t\t\t<\/span>\n\t\t\t\t\t<\/a>\n\t\t\t\t<\/div>\n\t\t\t\t\t\t\t\t<\/div>\n\t\t\t\t<\/div>\n\t\t\t\t<\/div>\n\t\t\t\t\t<\/div>\n\t\t\t\t<\/div>\n\t\t<div class=\"elementor-element elementor-element-a4daa40 e-flex e-con-boxed e-con e-parent\" data-id=\"a4daa40\" data-element_type=\"container\">\n\t\t\t\t\t<div class=\"e-con-inner\">\n\t\t\t\t<div class=\"elementor-element elementor-element-9d95408 elementor-widget elementor-widget-text-editor\" data-id=\"9d95408\" data-element_type=\"widget\" data-widget_type=\"text-editor.default\">\n\t\t\t\t<div class=\"elementor-widget-container\">\n\t\t\t\t\t\t\t\t\t<p><b>Classic Massage<\/b><\/p><p>Classic massage is an effective way to relieve muscle tension and support the body\u2019s recovery. The treatment can cover the whole body or focus on specific areas depending on the duration and your needs.\u00a0<\/p><p><b>Shiatsu<\/b><\/p><p>Shiatsu is a Japanese body therapy that involves pressure and stretching techniques applied over the whole body. The treatment is done on a mat while you remain clothed. Shiatsu is believed to balance energy flow and support the body\u2019s natural vitality.\nDuration: 1.5 hours performed by Mirkka or Stanislav.<\/p><p><b>Thai Massage<\/b><\/p><p>Traditional Thai massage combines pressure, stretching, and work on the body's energy lines. The treatment takes place on a mat on the floor, and comfortable, flexible clothing is recommended. Thai massage increases mobility and releases deep muscle tension.<\/p><p><b>Indian Head Massage<\/b><\/p><p>This massage focuses on the head, face, neck, and shoulders. It helps relieve stress, improve sleep quality, and clear the mind. The treatment is done seated and is perfect even for a short relaxing moment during a busy day.<\/p><p><b>Panchakarma Treatment<\/b><\/p><p>Ayurvedic panchakarma treatment is a deep cleansing and balancing treatment tailored individually to your body type and lifestyle. The treatment may include various oil massages and dietary recommendations that support holistic detoxification.<\/p><p><b>Marma Point Massage<\/b><\/p><p>Based on ayurvedic tradition, marma point massage focuses on the body's vital energy centers, called marma points. The treatment supports vitality, nervous system balance, and the body\u2019s natural healing processes. It is performed using warming herbal oils in a soothing environment.<\/p><p><b>Ayurvedic consultation<\/b><\/p><p>Ayurveda is an ancient health philosophy from India centered on balancing body, mind, and soul. In an ayurvedic consultation, you will receive a pulse diagnosis, guidance regarding your health, and personalized advice to balance your body and mind. You will also get recommendations for home exercises, nutrition, herbal remedies, and supplements. You can book a consultation by sending a text or calling: +358 44 973 0926.<\/p><p><span style=\"font-weight: 400;\">Duration: 30\u201340 minutes<\/span><\/p><p><b>Yoga massage (individual)<\/b><\/p><p>Yoga massage is a relaxing treatment where the body is massaged and supported in restorative postures with soft props. The treatment is done by candlelight, with the scent of essential oils, and calming music. The session concludes with guided final relaxation.<\/p><p><span style=\"font-weight: 400;\">Duration: 60 minutes\u00a0<\/span><\/p>\t\t\t\t\t\t\t\t<\/div>\n\t\t\t\t<\/div>\n\t\t\t\t\t<\/div>\n\t\t\t\t<\/div>\n\t\t\t\t<\/div>","protected":false},"excerpt":{"rendered":"<p>Hieronnat ja hoidot Pasilan joogastudiolla voit pys\u00e4hty\u00e4 yksil\u00f6llisten hoitojen ja hierontojen \u00e4\u00e4relle. Kaikki hieronnat ja hoidot toteutetaan rauhallisessa ymp\u00e4rist\u00f6ss\u00e4 ja ammattitaidolla. Voit varata kaikki hoidot helposti suoraan ajanvarauskalenterista (Timma) tai ottamalla yhteytt\u00e4 s\u00e4hk\u00f6postitse pasilanjoogastudio@gmail.com tai puhelimitse +358 44 973 0926\u00a0 Ajanvaraus Klassinen hieronta Klassinen hieronta on tehokas tapa hoitaa lihasj\u00e4nnityksi\u00e4 ja tukea kehon palautumista. Hieronnassa [&hellip;]<\/p>","protected":false},"author":1,"featured_media":0,"parent":0,"menu_order":0,"comment_status":"closed","ping_status":"closed","template":"elementor_header_footer","meta":{"footnotes":""},"class_list":["post-547","page","type-page","status-publish","hentry"],"yoast_head":"<!-- This site is optimized with the Yoast SEO plugin v26.5 - https:\/\/yoast.com\/wordpress\/plugins\/seo\/ -->\n<title>Hieronnat ja hoidot - Pasilan Jooga Studio<\/title>\n<meta name=\"robots\" content=\"index, follow, max-snippet:-1, max-image-preview:large, max-video-preview:-1\" \/>\n<link rel=\"canonical\" href=\"https:\/\/pasilanjoogastudio.fi\/en\/hieronnat-ja-hoidot\/\" \/>\n<meta property=\"og:locale\" content=\"en_US\" \/>\n<meta property=\"og:type\" content=\"article\" \/>\n<meta property=\"og:title\" content=\"Hieronnat ja hoidot - Pasilan Jooga Studio\" \/>\n<meta property=\"og:description\" content=\"Hieronnat ja hoidot Pasilan joogastudiolla voit pys\u00e4hty\u00e4 yksil\u00f6llisten hoitojen ja hierontojen \u00e4\u00e4relle. Kaikki hieronnat ja hoidot toteutetaan rauhallisessa ymp\u00e4rist\u00f6ss\u00e4 ja ammattitaidolla. Voit varata kaikki hoidot helposti suoraan ajanvarauskalenterista (Timma) tai ottamalla yhteytt\u00e4 s\u00e4hk\u00f6postitse pasilanjoogastudio@gmail.com tai puhelimitse +358 44 973 0926\u00a0 Ajanvaraus Klassinen hieronta Klassinen hieronta on tehokas tapa hoitaa lihasj\u00e4nnityksi\u00e4 ja tukea kehon palautumista. Hieronnassa [&hellip;]\" \/>\n<meta property=\"og:url\" content=\"https:\/\/pasilanjoogastudio.fi\/en\/hieronnat-ja-hoidot\/\" \/>\n<meta property=\"og:site_name\" content=\"Pasilan Jooga Studio\" \/>\n<meta property=\"article:modified_time\" content=\"2026-04-14T06:13:50+00:00\" \/>\n<meta property=\"og:image\" content=\"https:\/\/pasilanjoogastudio.fi\/wp-content\/uploads\/2026\/04\/Pink-Birthday-Events-and-Special-Interest-Presentation_20260413_200629_0000.jpg\" \/>\n\t<meta property=\"og:image:width\" content=\"1867\" \/>\n\t<meta property=\"og:image:height\" content=\"1050\" \/>\n\t<meta property=\"og:image:type\" content=\"image\/jpeg\" \/>\n<meta name=\"twitter:card\" content=\"summary_large_image\" \/>\n<meta name=\"twitter:label1\" content=\"Est. reading time\" \/>\n\t<meta name=\"twitter:data1\" content=\"3 minutes\" \/>\n<script type=\"application\/ld+json\" class=\"yoast-schema-graph\">{\"@context\":\"https:\/\/schema.org\",\"@graph\":[{\"@type\":\"WebPage\",\"@id\":\"https:\/\/pasilanjoogastudio.fi\/hieronnat-ja-hoidot\/\",\"url\":\"https:\/\/pasilanjoogastudio.fi\/hieronnat-ja-hoidot\/\",\"name\":\"Hieronnat ja hoidot - Pasilan Jooga Studio\",\"isPartOf\":{\"@id\":\"https:\/\/pasilanjoogastudio.fi\/#website\"},\"primaryImageOfPage\":{\"@id\":\"https:\/\/pasilanjoogastudio.fi\/hieronnat-ja-hoidot\/#primaryimage\"},\"image\":{\"@id\":\"https:\/\/pasilanjoogastudio.fi\/hieronnat-ja-hoidot\/#primaryimage\"},\"thumbnailUrl\":\"https:\/\/pasilanjoogastudio.fi\/wp-content\/uploads\/2026\/04\/Pink-Birthday-Events-and-Special-Interest-Presentation_20260413_200629_0000-1024x576.jpg\",\"datePublished\":\"2025-08-14T08:58:50+00:00\",\"dateModified\":\"2026-04-14T06:13:50+00:00\",\"breadcrumb\":{\"@id\":\"https:\/\/pasilanjoogastudio.fi\/hieronnat-ja-hoidot\/#breadcrumb\"},\"inLanguage\":\"en-US\",\"potentialAction\":[{\"@type\":\"ReadAction\",\"target\":[\"https:\/\/pasilanjoogastudio.fi\/hieronnat-ja-hoidot\/\"]}]},{\"@type\":\"ImageObject\",\"inLanguage\":\"en-US\",\"@id\":\"https:\/\/pasilanjoogastudio.fi\/hieronnat-ja-hoidot\/#primaryimage\",\"url\":\"https:\/\/pasilanjoogastudio.fi\/wp-content\/uploads\/2026\/04\/Pink-Birthday-Events-and-Special-Interest-Presentation_20260413_200629_0000-1024x576.jpg\",\"contentUrl\":\"https:\/\/pasilanjoogastudio.fi\/wp-content\/uploads\/2026\/04\/Pink-Birthday-Events-and-Special-Interest-Presentation_20260413_200629_0000-1024x576.jpg\"},{\"@type\":\"BreadcrumbList\",\"@id\":\"https:\/\/pasilanjoogastudio.fi\/hieronnat-ja-hoidot\/#breadcrumb\",\"itemListElement\":[{\"@type\":\"ListItem\",\"position\":1,\"name\":\"Etusivu\",\"item\":\"https:\/\/pasilanjoogastudio.fi\/\"},{\"@type\":\"ListItem\",\"position\":2,\"name\":\"Hieronnat ja hoidot\"}]},{\"@type\":\"WebSite\",\"@id\":\"https:\/\/pasilanjoogastudio.fi\/#website\",\"url\":\"https:\/\/pasilanjoogastudio.fi\/\",\"name\":\"Pasilan Jooga Studio\",\"description\":\"Tervetuloa Pasilan Joogastudiolle!\",\"publisher\":{\"@id\":\"https:\/\/pasilanjoogastudio.fi\/#organization\"},\"potentialAction\":[{\"@type\":\"SearchAction\",\"target\":{\"@type\":\"EntryPoint\",\"urlTemplate\":\"https:\/\/pasilanjoogastudio.fi\/?s={search_term_string}\"},\"query-input\":{\"@type\":\"PropertyValueSpecification\",\"valueRequired\":true,\"valueName\":\"search_term_string\"}}],\"inLanguage\":\"en-US\"},{\"@type\":\"Organization\",\"@id\":\"https:\/\/pasilanjoogastudio.fi\/#organization\",\"name\":\"Pasilan Jooga Studio\",\"url\":\"https:\/\/pasilanjoogastudio.fi\/\",\"logo\":{\"@type\":\"ImageObject\",\"inLanguage\":\"en-US\",\"@id\":\"https:\/\/pasilanjoogastudio.fi\/#\/schema\/logo\/image\/\",\"url\":\"https:\/\/pasilanjoogastudio.fi\/wp-content\/uploads\/2024\/07\/Pasilan-Jooga-Studio_20241213_214803_0000.png\",\"contentUrl\":\"https:\/\/pasilanjoogastudio.fi\/wp-content\/uploads\/2024\/07\/Pasilan-Jooga-Studio_20241213_214803_0000.png\",\"width\":2000,\"height\":1295,\"caption\":\"Pasilan Jooga Studio\"},\"image\":{\"@id\":\"https:\/\/pasilanjoogastudio.fi\/#\/schema\/logo\/image\/\"}}]}<\/script>\n<!-- \/ Yoast SEO plugin. -->","yoast_head_json":{"title":"Hieronnat ja hoidot - Pasilan Jooga Studio","robots":{"index":"index","follow":"follow","max-snippet":"max-snippet:-1","max-image-preview":"max-image-preview:large","max-video-preview":"max-video-preview:-1"},"canonical":"https:\/\/pasilanjoogastudio.fi\/en\/hieronnat-ja-hoidot\/","og_locale":"en_US","og_type":"article","og_title":"Hieronnat ja hoidot - Pasilan Jooga Studio","og_description":"Hieronnat ja hoidot Pasilan joogastudiolla voit pys\u00e4hty\u00e4 yksil\u00f6llisten hoitojen ja hierontojen \u00e4\u00e4relle. Kaikki hieronnat ja hoidot toteutetaan rauhallisessa ymp\u00e4rist\u00f6ss\u00e4 ja ammattitaidolla. Voit varata kaikki hoidot helposti suoraan ajanvarauskalenterista (Timma) tai ottamalla yhteytt\u00e4 s\u00e4hk\u00f6postitse pasilanjoogastudio@gmail.com tai puhelimitse +358 44 973 0926\u00a0 Ajanvaraus Klassinen hieronta Klassinen hieronta on tehokas tapa hoitaa lihasj\u00e4nnityksi\u00e4 ja tukea kehon palautumista. Hieronnassa [&hellip;]","og_url":"https:\/\/pasilanjoogastudio.fi\/en\/hieronnat-ja-hoidot\/","og_site_name":"Pasilan Jooga Studio","article_modified_time":"2026-04-14T06:13:50+00:00","og_image":[{"width":1867,"height":1050,"url":"https:\/\/pasilanjoogastudio.fi\/wp-content\/uploads\/2026\/04\/Pink-Birthday-Events-and-Special-Interest-Presentation_20260413_200629_0000.jpg","type":"image\/jpeg"}],"twitter_card":"summary_large_image","twitter_misc":{"Est. reading time":"3 minutes"},"schema":{"@context":"https:\/\/schema.org","@graph":[{"@type":"WebPage","@id":"https:\/\/pasilanjoogastudio.fi\/hieronnat-ja-hoidot\/","url":"https:\/\/pasilanjoogastudio.fi\/hieronnat-ja-hoidot\/","name":"Hieronnat ja hoidot - Pasilan Jooga Studio","isPartOf":{"@id":"https:\/\/pasilanjoogastudio.fi\/#website"},"primaryImageOfPage":{"@id":"https:\/\/pasilanjoogastudio.fi\/hieronnat-ja-hoidot\/#primaryimage"},"image":{"@id":"https:\/\/pasilanjoogastudio.fi\/hieronnat-ja-hoidot\/#primaryimage"},"thumbnailUrl":"https:\/\/pasilanjoogastudio.fi\/wp-content\/uploads\/2026\/04\/Pink-Birthday-Events-and-Special-Interest-Presentation_20260413_200629_0000-1024x576.jpg","datePublished":"2025-08-14T08:58:50+00:00","dateModified":"2026-04-14T06:13:50+00:00","breadcrumb":{"@id":"https:\/\/pasilanjoogastudio.fi\/hieronnat-ja-hoidot\/#breadcrumb"},"inLanguage":"en-US","potentialAction":[{"@type":"ReadAction","target":["https:\/\/pasilanjoogastudio.fi\/hieronnat-ja-hoidot\/"]}]},{"@type":"ImageObject","inLanguage":"en-US","@id":"https:\/\/pasilanjoogastudio.fi\/hieronnat-ja-hoidot\/#primaryimage","url":"https:\/\/pasilanjoogastudio.fi\/wp-content\/uploads\/2026\/04\/Pink-Birthday-Events-and-Special-Interest-Presentation_20260413_200629_0000-1024x576.jpg","contentUrl":"https:\/\/pasilanjoogastudio.fi\/wp-content\/uploads\/2026\/04\/Pink-Birthday-Events-and-Special-Interest-Presentation_20260413_200629_0000-1024x576.jpg"},{"@type":"BreadcrumbList","@id":"https:\/\/pasilanjoogastudio.fi\/hieronnat-ja-hoidot\/#breadcrumb","itemListElement":[{"@type":"ListItem","position":1,"name":"Etusivu","item":"https:\/\/pasilanjoogastudio.fi\/"},{"@type":"ListItem","position":2,"name":"Hieronnat ja hoidot"}]},{"@type":"WebSite","@id":"https:\/\/pasilanjoogastudio.fi\/#website","url":"https:\/\/pasilanjoogastudio.fi\/","name":"Pasilan Jooga Studio","description":"Tervetuloa Pasilan Joogastudiolle!","publisher":{"@id":"https:\/\/pasilanjoogastudio.fi\/#organization"},"potentialAction":[{"@type":"SearchAction","target":{"@type":"EntryPoint","urlTemplate":"https:\/\/pasilanjoogastudio.fi\/?s={search_term_string}"},"query-input":{"@type":"PropertyValueSpecification","valueRequired":true,"valueName":"search_term_string"}}],"inLanguage":"en-US"},{"@type":"Organization","@id":"https:\/\/pasilanjoogastudio.fi\/#organization","name":"Pasilan Jooga Studio","url":"https:\/\/pasilanjoogastudio.fi\/","logo":{"@type":"ImageObject","inLanguage":"en-US","@id":"https:\/\/pasilanjoogastudio.fi\/#\/schema\/logo\/image\/","url":"https:\/\/pasilanjoogastudio.fi\/wp-content\/uploads\/2024\/07\/Pasilan-Jooga-Studio_20241213_214803_0000.png","contentUrl":"https:\/\/pasilanjoogastudio.fi\/wp-content\/uploads\/2024\/07\/Pasilan-Jooga-Studio_20241213_214803_0000.png","width":2000,"height":1295,"caption":"Pasilan Jooga Studio"},"image":{"@id":"https:\/\/pasilanjoogastudio.fi\/#\/schema\/logo\/image\/"}}]}},"_links":{"self":[{"href":"https:\/\/pasilanjoogastudio.fi\/en\/wp-json\/wp\/v2\/pages\/547","targetHints":{"allow":["GET"]}}],"collection":[{"href":"https:\/\/pasilanjoogastudio.fi\/en\/wp-json\/wp\/v2\/pages"}],"about":[{"href":"https:\/\/pasilanjoogastudio.fi\/en\/wp-json\/wp\/v2\/types\/page"}],"author":[{"embeddable":true,"href":"https:\/\/pasilanjoogastudio.fi\/en\/wp-json\/wp\/v2\/users\/1"}],"replies":[{"embeddable":true,"href":"https:\/\/pasilanjoogastudio.fi\/en\/wp-json\/wp\/v2\/comments?post=547"}],"version-history":[{"count":10,"href":"https:\/\/pasilanjoogastudio.fi\/en\/wp-json\/wp\/v2\/pages\/547\/revisions"}],"predecessor-version":[{"id":876,"href":"https:\/\/pasilanjoogastudio.fi\/en\/wp-json\/wp\/v2\/pages\/547\/revisions\/876"}],"wp:attachment":[{"href":"https:\/\/pasilanjoogastudio.fi\/en\/wp-json\/wp\/v2\/media?parent=547"}],"curies":[{"name":"wp","href":"https:\/\/api.w.org\/{rel}","templated":true}]}}