{"id":449,"date":"2024-12-15T13:16:52","date_gmt":"2024-12-15T13:16:52","guid":{"rendered":"https:\/\/pasilanjoogastudio.fi\/?page_id=449"},"modified":"2025-08-21T07:51:46","modified_gmt":"2025-08-21T07:51:46","slug":"tapahtumat-ja-retriitit","status":"publish","type":"page","link":"https:\/\/pasilanjoogastudio.fi\/en\/tapahtumat-ja-retriitit\/","title":{"rendered":"Events and retreats"},"content":{"rendered":"<style>.elementor-449 .elementor-element.elementor-element-01e7431{margin-top:0px;margin-bottom:0px;padding:74px 0px 20px 0px;}.elementor-bc-flex-widget .elementor-449 .elementor-element.elementor-element-8b9bbd1.elementor-column .elementor-widget-wrap{align-items:center;}.elementor-449 .elementor-element.elementor-element-8b9bbd1.elementor-column.elementor-element[data-element_type=\"column\"] > .elementor-widget-wrap.elementor-element-populated{align-content:center;align-items:center;}.elementor-449 .elementor-element.elementor-element-8b9bbd1 > .elementor-element-populated{margin:0px 0px 0px 0px;--e-column-margin-right:0px;--e-column-margin-left:0px;padding:0px 50px 0px 0px;}.elementor-449 .elementor-element.elementor-element-8b9bbd1{z-index:9;}.elementor-449 .elementor-element.elementor-element-d49cc0b{text-align:center;}.elementor-449 .elementor-element.elementor-element-d49cc0b .elementor-heading-title{font-size:80px;text-transform:uppercase;line-height:0.8em;color:var( --e-global-color-primary );}.elementor-449 .elementor-element.elementor-element-a87a078 > .elementor-widget-container{margin:0% 0% 0% 0%;}.elementor-449 .elementor-element.elementor-element-a87a078{text-align:center;font-size:28px;line-height:37px;}.elementor-449 .elementor-element.elementor-element-a9d1fb8{--display:flex;border-style:solid;--border-style:solid;border-width:1px 1px 1px 1px;--border-top-width:1px;--border-right-width:1px;--border-bottom-width:1px;--border-left-width:1px;border-color:#0201018F;--border-color:#0201018F;--margin-top:9px;--margin-bottom:81px;--margin-left:81px;--margin-right:81px;--padding-top:90px;--padding-bottom:90px;--padding-left:0px;--padding-right:0px;}.elementor-449 .elementor-element.elementor-element-75f95c6 img{width:90%;}.elementor-449 .elementor-element.elementor-element-deba5a0{text-align:center;}@media(max-width:1024px) and (min-width:768px){.elementor-449 .elementor-element.elementor-element-8b9bbd1{width:100%;}}@media(max-width:1024px){.elementor-449 .elementor-element.elementor-element-01e7431{padding:30px 0px 40px 0px;}.elementor-449 .elementor-element.elementor-element-8b9bbd1 > .elementor-element-populated{padding:0px 20px 0px 30px;}.elementor-449 .elementor-element.elementor-element-d49cc0b .elementor-heading-title{font-size:46px;}}@media(max-width:767px){.elementor-449 .elementor-element.elementor-element-01e7431{padding:40px 0px 30px 0px;}.elementor-449 .elementor-element.elementor-element-8b9bbd1 > .elementor-element-populated{padding:0px 20px 0px 20px;}.elementor-449 .elementor-element.elementor-element-d49cc0b{text-align:center;}.elementor-449 .elementor-element.elementor-element-d49cc0b .elementor-heading-title{font-size:22px;line-height:1.2em;}.elementor-449 .elementor-element.elementor-element-a87a078 > .elementor-widget-container{margin:4% 0% -6% 0%;}.elementor-449 .elementor-element.elementor-element-a87a078{text-align:left;font-size:18px;line-height:1.6em;}.elementor-449 .elementor-element.elementor-element-a9d1fb8{--margin-top:31px;--margin-bottom:0px;--margin-left:0px;--margin-right:0px;--padding-top:40px;--padding-bottom:40px;--padding-left:0px;--padding-right:0px;}.elementor-449 .elementor-element.elementor-element-deba5a0 .elementor-heading-title{font-size:25px;}}<\/style>\t\t<div data-elementor-type=\"wp-page\" data-elementor-id=\"449\" class=\"elementor elementor-449\" data-elementor-post-type=\"page\">\n\t\t\t\t\t\t<section class=\"elementor-section elementor-top-section elementor-element elementor-element-01e7431 elementor-section-boxed elementor-section-height-default elementor-section-height-default\" data-id=\"01e7431\" data-element_type=\"section\">\n\t\t\t\t\t\t<div class=\"elementor-container elementor-column-gap-default\">\n\t\t\t\t\t<div class=\"elementor-column elementor-col-100 elementor-top-column elementor-element elementor-element-8b9bbd1\" data-id=\"8b9bbd1\" data-element_type=\"column\">\n\t\t\t<div class=\"elementor-widget-wrap elementor-element-populated\">\n\t\t\t\t\t\t<div class=\"elementor-element elementor-element-d49cc0b elementor-invisible elementor-widget elementor-widget-heading\" data-id=\"d49cc0b\" data-element_type=\"widget\" data-settings=\"{&quot;_animation&quot;:&quot;fadeInUp&quot;,&quot;_animation_delay&quot;:200}\" data-widget_type=\"heading.default\">\n\t\t\t\t<div class=\"elementor-widget-container\">\n\t\t\t\t\t<h1 class=\"elementor-heading-title elementor-size-default\">Wellness events and retreats<\/h1>\t\t\t\t<\/div>\n\t\t\t\t<\/div>\n\t\t\t\t<div class=\"elementor-element elementor-element-a87a078 elementor-widget elementor-widget-text-editor\" data-id=\"a87a078\" data-element_type=\"widget\" data-widget_type=\"text-editor.default\">\n\t\t\t\t<div class=\"elementor-widget-container\">\n\t\t\t\t\t\t\t\t\t<p class=\"translation-block\">We arrange almost weekly day retreats, our themed wellness festivals or workshops. You\ncan get to know events from our Facebook and instagram and booking calendar.\nOur festivals are memorable events full of wellness.<\/p><p>Toistuvat hyvinvointifestivaalimme ovat el\u00e4myksellinen kombo joogaa, musiikkia,<br \/>kasvisruokaa, \u00e4\u00e4nimajakylpyj\u00e4 ja kohtaamisia.<\/p>\t\t\t\t\t\t\t\t<\/div>\n\t\t\t\t<\/div>\n\t\t<div class=\"elementor-element elementor-element-a9d1fb8 e-flex e-con-boxed e-con e-parent\" data-id=\"a9d1fb8\" data-element_type=\"container\">\n\t\t\t\t\t<div class=\"e-con-inner\">\n\t\t\t\t<div class=\"elementor-element elementor-element-75f95c6 elementor-widget elementor-widget-image\" data-id=\"75f95c6\" data-element_type=\"widget\" data-widget_type=\"image.default\">\n\t\t\t\t<div class=\"elementor-widget-container\">\n\t\t\t\t\t\t\t\t\t\t\t\t\t\t\t<img fetchpriority=\"high\" decoding=\"async\" width=\"800\" height=\"847\" src=\"https:\/\/pasilanjoogastudio.fi\/wp-content\/uploads\/2024\/12\/Retreats-967x1024.png\" class=\"attachment-large size-large wp-image-451\" alt=\"\" srcset=\"https:\/\/pasilanjoogastudio.fi\/wp-content\/uploads\/2024\/12\/Retreats-967x1024.png 967w, https:\/\/pasilanjoogastudio.fi\/wp-content\/uploads\/2024\/12\/Retreats-283x300.png 283w, https:\/\/pasilanjoogastudio.fi\/wp-content\/uploads\/2024\/12\/Retreats-768x813.png 768w, https:\/\/pasilanjoogastudio.fi\/wp-content\/uploads\/2024\/12\/Retreats-1451x1536.png 1451w, https:\/\/pasilanjoogastudio.fi\/wp-content\/uploads\/2024\/12\/Retreats-11x12.png 11w, https:\/\/pasilanjoogastudio.fi\/wp-content\/uploads\/2024\/12\/Retreats.png 1579w\" sizes=\"(max-width: 800px) 100vw, 800px\" \/>\t\t\t\t\t\t\t\t\t\t\t\t\t\t\t<\/div>\n\t\t\t\t<\/div>\n\t\t\t\t<div class=\"elementor-element elementor-element-deba5a0 elementor-widget elementor-widget-heading\" data-id=\"deba5a0\" data-element_type=\"widget\" data-widget_type=\"heading.default\">\n\t\t\t\t<div class=\"elementor-widget-container\">\n\t\t\t\t\t<h2 class=\"elementor-heading-title elementor-size-default\">1-3 day\nRetreats<\/h2>\t\t\t\t<\/div>\n\t\t\t\t<\/div>\n\t\t\t\t\t<\/div>\n\t\t\t\t<\/div>\n\t\t\t\t\t<\/div>\n\t\t<\/div>\n\t\t\t\t\t<\/div>\n\t\t<\/section>\n\t\t\t\t<\/div>","protected":false},"excerpt":{"rendered":"<p>Hyvinvointiapahtumat ja retriitit Pasilan joogastudiolla j\u00e4rjestet\u00e4\u00e4n miltei viikottain p\u00e4iv\u00e4retriittej\u00e4, teemoitettujahyvinvointifestivaaleja ja workshoppeja. Voit tutustua tapahtumiin meid\u00e4n instagram- ja facebooksivuilla tai varauskalenterissa mist\u00e4 voit my\u00f6s ostaa oman paikkasi. Toistuvat hyvinvointifestivaalimme ovat el\u00e4myksellinen kombo joogaa, musiikkia,kasvisruokaa, \u00e4\u00e4nimajakylpyj\u00e4 ja kohtaamisia. 1-3 p\u00e4iv\u00e4n Retriittej\u00e4<\/p>","protected":false},"author":1,"featured_media":0,"parent":0,"menu_order":0,"comment_status":"closed","ping_status":"closed","template":"elementor_header_footer","meta":{"footnotes":""},"class_list":["post-449","page","type-page","status-publish","hentry"],"yoast_head":"<!-- This site is optimized with the Yoast SEO plugin v26.5 - https:\/\/yoast.com\/wordpress\/plugins\/seo\/ -->\n<title>Tapahtumat ja retriitit - Pasilan Jooga Studio<\/title>\n<meta name=\"robots\" content=\"index, follow, max-snippet:-1, max-image-preview:large, max-video-preview:-1\" \/>\n<link rel=\"canonical\" href=\"https:\/\/pasilanjoogastudio.fi\/en\/tapahtumat-ja-retriitit\/\" \/>\n<meta property=\"og:locale\" content=\"en_US\" \/>\n<meta property=\"og:type\" content=\"article\" \/>\n<meta property=\"og:title\" content=\"Tapahtumat ja retriitit - Pasilan Jooga Studio\" \/>\n<meta property=\"og:description\" content=\"Hyvinvointiapahtumat ja retriitit Pasilan joogastudiolla j\u00e4rjestet\u00e4\u00e4n miltei viikottain p\u00e4iv\u00e4retriittej\u00e4, teemoitettujahyvinvointifestivaaleja ja workshoppeja. Voit tutustua tapahtumiin meid\u00e4n instagram- ja facebooksivuilla tai varauskalenterissa mist\u00e4 voit my\u00f6s ostaa oman paikkasi. Toistuvat hyvinvointifestivaalimme ovat el\u00e4myksellinen kombo joogaa, musiikkia,kasvisruokaa, \u00e4\u00e4nimajakylpyj\u00e4 ja kohtaamisia. 1-3 p\u00e4iv\u00e4n Retriittej\u00e4\" \/>\n<meta property=\"og:url\" content=\"https:\/\/pasilanjoogastudio.fi\/en\/tapahtumat-ja-retriitit\/\" \/>\n<meta property=\"og:site_name\" content=\"Pasilan Jooga Studio\" \/>\n<meta property=\"article:modified_time\" content=\"2025-08-21T07:51:46+00:00\" \/>\n<meta property=\"og:image\" content=\"https:\/\/pasilanjoogastudio.fi\/wp-content\/uploads\/2024\/12\/Retreats.png\" \/>\n\t<meta property=\"og:image:width\" content=\"1579\" \/>\n\t<meta property=\"og:image:height\" content=\"1672\" \/>\n\t<meta property=\"og:image:type\" content=\"image\/png\" \/>\n<meta name=\"twitter:card\" content=\"summary_large_image\" \/>\n<meta name=\"twitter:label1\" content=\"Est. reading time\" \/>\n\t<meta name=\"twitter:data1\" content=\"1 minute\" \/>\n<script type=\"application\/ld+json\" class=\"yoast-schema-graph\">{\"@context\":\"https:\/\/schema.org\",\"@graph\":[{\"@type\":\"WebPage\",\"@id\":\"https:\/\/pasilanjoogastudio.fi\/tapahtumat-ja-retriitit\/\",\"url\":\"https:\/\/pasilanjoogastudio.fi\/tapahtumat-ja-retriitit\/\",\"name\":\"Tapahtumat ja retriitit - Pasilan Jooga Studio\",\"isPartOf\":{\"@id\":\"https:\/\/pasilanjoogastudio.fi\/#website\"},\"primaryImageOfPage\":{\"@id\":\"https:\/\/pasilanjoogastudio.fi\/tapahtumat-ja-retriitit\/#primaryimage\"},\"image\":{\"@id\":\"https:\/\/pasilanjoogastudio.fi\/tapahtumat-ja-retriitit\/#primaryimage\"},\"thumbnailUrl\":\"https:\/\/pasilanjoogastudio.fi\/wp-content\/uploads\/2024\/12\/Retreats-967x1024.png\",\"datePublished\":\"2024-12-15T13:16:52+00:00\",\"dateModified\":\"2025-08-21T07:51:46+00:00\",\"breadcrumb\":{\"@id\":\"https:\/\/pasilanjoogastudio.fi\/tapahtumat-ja-retriitit\/#breadcrumb\"},\"inLanguage\":\"en-US\",\"potentialAction\":[{\"@type\":\"ReadAction\",\"target\":[\"https:\/\/pasilanjoogastudio.fi\/tapahtumat-ja-retriitit\/\"]}]},{\"@type\":\"ImageObject\",\"inLanguage\":\"en-US\",\"@id\":\"https:\/\/pasilanjoogastudio.fi\/tapahtumat-ja-retriitit\/#primaryimage\",\"url\":\"https:\/\/pasilanjoogastudio.fi\/wp-content\/uploads\/2024\/12\/Retreats-967x1024.png\",\"contentUrl\":\"https:\/\/pasilanjoogastudio.fi\/wp-content\/uploads\/2024\/12\/Retreats-967x1024.png\"},{\"@type\":\"BreadcrumbList\",\"@id\":\"https:\/\/pasilanjoogastudio.fi\/tapahtumat-ja-retriitit\/#breadcrumb\",\"itemListElement\":[{\"@type\":\"ListItem\",\"position\":1,\"name\":\"Etusivu\",\"item\":\"https:\/\/pasilanjoogastudio.fi\/\"},{\"@type\":\"ListItem\",\"position\":2,\"name\":\"Tapahtumat ja retriitit\"}]},{\"@type\":\"WebSite\",\"@id\":\"https:\/\/pasilanjoogastudio.fi\/#website\",\"url\":\"https:\/\/pasilanjoogastudio.fi\/\",\"name\":\"Pasilan Jooga Studio\",\"description\":\"Tervetuloa Pasilan Joogastudiolle!\",\"publisher\":{\"@id\":\"https:\/\/pasilanjoogastudio.fi\/#organization\"},\"potentialAction\":[{\"@type\":\"SearchAction\",\"target\":{\"@type\":\"EntryPoint\",\"urlTemplate\":\"https:\/\/pasilanjoogastudio.fi\/?s={search_term_string}\"},\"query-input\":{\"@type\":\"PropertyValueSpecification\",\"valueRequired\":true,\"valueName\":\"search_term_string\"}}],\"inLanguage\":\"en-US\"},{\"@type\":\"Organization\",\"@id\":\"https:\/\/pasilanjoogastudio.fi\/#organization\",\"name\":\"Pasilan Jooga Studio\",\"url\":\"https:\/\/pasilanjoogastudio.fi\/\",\"logo\":{\"@type\":\"ImageObject\",\"inLanguage\":\"en-US\",\"@id\":\"https:\/\/pasilanjoogastudio.fi\/#\/schema\/logo\/image\/\",\"url\":\"https:\/\/pasilanjoogastudio.fi\/wp-content\/uploads\/2024\/07\/Pasilan-Jooga-Studio_20241213_214803_0000.png\",\"contentUrl\":\"https:\/\/pasilanjoogastudio.fi\/wp-content\/uploads\/2024\/07\/Pasilan-Jooga-Studio_20241213_214803_0000.png\",\"width\":2000,\"height\":1295,\"caption\":\"Pasilan Jooga Studio\"},\"image\":{\"@id\":\"https:\/\/pasilanjoogastudio.fi\/#\/schema\/logo\/image\/\"}}]}<\/script>\n<!-- \/ Yoast SEO plugin. -->","yoast_head_json":{"title":"Tapahtumat ja retriitit - Pasilan Jooga Studio","robots":{"index":"index","follow":"follow","max-snippet":"max-snippet:-1","max-image-preview":"max-image-preview:large","max-video-preview":"max-video-preview:-1"},"canonical":"https:\/\/pasilanjoogastudio.fi\/en\/tapahtumat-ja-retriitit\/","og_locale":"en_US","og_type":"article","og_title":"Tapahtumat ja retriitit - Pasilan Jooga Studio","og_description":"Hyvinvointiapahtumat ja retriitit Pasilan joogastudiolla j\u00e4rjestet\u00e4\u00e4n miltei viikottain p\u00e4iv\u00e4retriittej\u00e4, teemoitettujahyvinvointifestivaaleja ja workshoppeja. Voit tutustua tapahtumiin meid\u00e4n instagram- ja facebooksivuilla tai varauskalenterissa mist\u00e4 voit my\u00f6s ostaa oman paikkasi. Toistuvat hyvinvointifestivaalimme ovat el\u00e4myksellinen kombo joogaa, musiikkia,kasvisruokaa, \u00e4\u00e4nimajakylpyj\u00e4 ja kohtaamisia. 1-3 p\u00e4iv\u00e4n Retriittej\u00e4","og_url":"https:\/\/pasilanjoogastudio.fi\/en\/tapahtumat-ja-retriitit\/","og_site_name":"Pasilan Jooga Studio","article_modified_time":"2025-08-21T07:51:46+00:00","og_image":[{"width":1579,"height":1672,"url":"https:\/\/pasilanjoogastudio.fi\/wp-content\/uploads\/2024\/12\/Retreats.png","type":"image\/png"}],"twitter_card":"summary_large_image","twitter_misc":{"Est. reading time":"1 minute"},"schema":{"@context":"https:\/\/schema.org","@graph":[{"@type":"WebPage","@id":"https:\/\/pasilanjoogastudio.fi\/tapahtumat-ja-retriitit\/","url":"https:\/\/pasilanjoogastudio.fi\/tapahtumat-ja-retriitit\/","name":"Tapahtumat ja retriitit - Pasilan Jooga Studio","isPartOf":{"@id":"https:\/\/pasilanjoogastudio.fi\/#website"},"primaryImageOfPage":{"@id":"https:\/\/pasilanjoogastudio.fi\/tapahtumat-ja-retriitit\/#primaryimage"},"image":{"@id":"https:\/\/pasilanjoogastudio.fi\/tapahtumat-ja-retriitit\/#primaryimage"},"thumbnailUrl":"https:\/\/pasilanjoogastudio.fi\/wp-content\/uploads\/2024\/12\/Retreats-967x1024.png","datePublished":"2024-12-15T13:16:52+00:00","dateModified":"2025-08-21T07:51:46+00:00","breadcrumb":{"@id":"https:\/\/pasilanjoogastudio.fi\/tapahtumat-ja-retriitit\/#breadcrumb"},"inLanguage":"en-US","potentialAction":[{"@type":"ReadAction","target":["https:\/\/pasilanjoogastudio.fi\/tapahtumat-ja-retriitit\/"]}]},{"@type":"ImageObject","inLanguage":"en-US","@id":"https:\/\/pasilanjoogastudio.fi\/tapahtumat-ja-retriitit\/#primaryimage","url":"https:\/\/pasilanjoogastudio.fi\/wp-content\/uploads\/2024\/12\/Retreats-967x1024.png","contentUrl":"https:\/\/pasilanjoogastudio.fi\/wp-content\/uploads\/2024\/12\/Retreats-967x1024.png"},{"@type":"BreadcrumbList","@id":"https:\/\/pasilanjoogastudio.fi\/tapahtumat-ja-retriitit\/#breadcrumb","itemListElement":[{"@type":"ListItem","position":1,"name":"Etusivu","item":"https:\/\/pasilanjoogastudio.fi\/"},{"@type":"ListItem","position":2,"name":"Tapahtumat ja retriitit"}]},{"@type":"WebSite","@id":"https:\/\/pasilanjoogastudio.fi\/#website","url":"https:\/\/pasilanjoogastudio.fi\/","name":"Pasilan Jooga Studio","description":"Tervetuloa Pasilan Joogastudiolle!","publisher":{"@id":"https:\/\/pasilanjoogastudio.fi\/#organization"},"potentialAction":[{"@type":"SearchAction","target":{"@type":"EntryPoint","urlTemplate":"https:\/\/pasilanjoogastudio.fi\/?s={search_term_string}"},"query-input":{"@type":"PropertyValueSpecification","valueRequired":true,"valueName":"search_term_string"}}],"inLanguage":"en-US"},{"@type":"Organization","@id":"https:\/\/pasilanjoogastudio.fi\/#organization","name":"Pasilan Jooga Studio","url":"https:\/\/pasilanjoogastudio.fi\/","logo":{"@type":"ImageObject","inLanguage":"en-US","@id":"https:\/\/pasilanjoogastudio.fi\/#\/schema\/logo\/image\/","url":"https:\/\/pasilanjoogastudio.fi\/wp-content\/uploads\/2024\/07\/Pasilan-Jooga-Studio_20241213_214803_0000.png","contentUrl":"https:\/\/pasilanjoogastudio.fi\/wp-content\/uploads\/2024\/07\/Pasilan-Jooga-Studio_20241213_214803_0000.png","width":2000,"height":1295,"caption":"Pasilan Jooga Studio"},"image":{"@id":"https:\/\/pasilanjoogastudio.fi\/#\/schema\/logo\/image\/"}}]}},"_links":{"self":[{"href":"https:\/\/pasilanjoogastudio.fi\/en\/wp-json\/wp\/v2\/pages\/449","targetHints":{"allow":["GET"]}}],"collection":[{"href":"https:\/\/pasilanjoogastudio.fi\/en\/wp-json\/wp\/v2\/pages"}],"about":[{"href":"https:\/\/pasilanjoogastudio.fi\/en\/wp-json\/wp\/v2\/types\/page"}],"author":[{"embeddable":true,"href":"https:\/\/pasilanjoogastudio.fi\/en\/wp-json\/wp\/v2\/users\/1"}],"replies":[{"embeddable":true,"href":"https:\/\/pasilanjoogastudio.fi\/en\/wp-json\/wp\/v2\/comments?post=449"}],"version-history":[{"count":12,"href":"https:\/\/pasilanjoogastudio.fi\/en\/wp-json\/wp\/v2\/pages\/449\/revisions"}],"predecessor-version":[{"id":669,"href":"https:\/\/pasilanjoogastudio.fi\/en\/wp-json\/wp\/v2\/pages\/449\/revisions\/669"}],"wp:attachment":[{"href":"https:\/\/pasilanjoogastudio.fi\/en\/wp-json\/wp\/v2\/media?parent=449"}],"curies":[{"name":"wp","href":"https:\/\/api.w.org\/{rel}","templated":true}]}}