{"id":440,"date":"2024-12-15T13:06:31","date_gmt":"2024-12-15T13:06:31","guid":{"rendered":"https:\/\/pasilanjoogastudio.fi\/?page_id=440"},"modified":"2024-12-15T13:07:05","modified_gmt":"2024-12-15T13:07:05","slug":"tyhy-paiva","status":"publish","type":"page","link":"https:\/\/pasilanjoogastudio.fi\/en\/tyhy-paiva\/","title":{"rendered":"Work wellness day"},"content":{"rendered":"<style>.elementor-440 .elementor-element.elementor-element-5a2f27d{margin-top:0px;margin-bottom:0px;padding:74px 0px 20px 0px;}.elementor-bc-flex-widget .elementor-440 .elementor-element.elementor-element-80e1a79.elementor-column .elementor-widget-wrap{align-items:center;}.elementor-440 .elementor-element.elementor-element-80e1a79.elementor-column.elementor-element[data-element_type=\"column\"] > .elementor-widget-wrap.elementor-element-populated{align-content:center;align-items:center;}.elementor-440 .elementor-element.elementor-element-80e1a79 > .elementor-element-populated{margin:0px 0px 0px 0px;--e-column-margin-right:0px;--e-column-margin-left:0px;padding:0px 50px 0px 0px;}.elementor-440 .elementor-element.elementor-element-80e1a79{z-index:9;}.elementor-440 .elementor-element.elementor-element-d2adb41{text-align:center;}.elementor-440 .elementor-element.elementor-element-d2adb41 .elementor-heading-title{font-size:80px;text-transform:uppercase;line-height:0.8em;color:var( --e-global-color-primary );}.elementor-440 .elementor-element.elementor-element-63fcfa6 > .elementor-widget-container{margin:0% 0% 0% 0%;}.elementor-440 .elementor-element.elementor-element-63fcfa6{text-align:center;font-size:28px;line-height:37px;}.elementor-440 .elementor-element.elementor-element-d3ddca7{--display:flex;border-style:solid;--border-style:solid;border-width:1px 1px 1px 1px;--border-top-width:1px;--border-right-width:1px;--border-bottom-width:1px;--border-left-width:1px;border-color:#0201018F;--border-color:#0201018F;--margin-top:9px;--margin-bottom:81px;--margin-left:81px;--margin-right:81px;--padding-top:90px;--padding-bottom:90px;--padding-left:0px;--padding-right:0px;}.elementor-440 .elementor-element.elementor-element-87dae17 img{width:90%;}.elementor-440 .elementor-element.elementor-element-aa86726{text-align:center;}.elementor-440 .elementor-element.elementor-element-cb90cea .elementor-button{background-color:var( --e-global-color-primary );font-size:20px;font-weight:700;padding:8px 8px 8px 8px;}.elementor-440 .elementor-element.elementor-element-cb90cea{width:100%;max-width:100%;}.elementor-440 .elementor-element.elementor-element-cb90cea > .elementor-widget-container{margin:0% 0% 3% 0%;}@media(max-width:1024px) and (min-width:768px){.elementor-440 .elementor-element.elementor-element-80e1a79{width:100%;}}@media(max-width:1024px){.elementor-440 .elementor-element.elementor-element-5a2f27d{padding:30px 0px 40px 0px;}.elementor-440 .elementor-element.elementor-element-80e1a79 > .elementor-element-populated{padding:0px 20px 0px 30px;}.elementor-440 .elementor-element.elementor-element-d2adb41 .elementor-heading-title{font-size:64px;}}@media(max-width:767px){.elementor-440 .elementor-element.elementor-element-5a2f27d{padding:40px 0px 30px 0px;}.elementor-440 .elementor-element.elementor-element-80e1a79 > .elementor-element-populated{padding:0px 20px 0px 20px;}.elementor-440 .elementor-element.elementor-element-d2adb41{text-align:center;}.elementor-440 .elementor-element.elementor-element-d2adb41 .elementor-heading-title{font-size:40px;}.elementor-440 .elementor-element.elementor-element-63fcfa6 > .elementor-widget-container{margin:4% 0% -6% 0%;}.elementor-440 .elementor-element.elementor-element-63fcfa6{text-align:left;font-size:18px;line-height:1.6em;}.elementor-440 .elementor-element.elementor-element-d3ddca7{--margin-top:0px;--margin-bottom:0px;--margin-left:0px;--margin-right:0px;--padding-top:40px;--padding-bottom:40px;--padding-left:0px;--padding-right:0px;}.elementor-440 .elementor-element.elementor-element-aa86726 .elementor-heading-title{font-size:25px;}.elementor-440 .elementor-element.elementor-element-cb90cea > .elementor-widget-container{margin:10% 0% 0% 0%;}}<\/style>\t\t<div data-elementor-type=\"wp-page\" data-elementor-id=\"440\" class=\"elementor elementor-440\" data-elementor-post-type=\"page\">\n\t\t\t\t\t\t<section class=\"elementor-section elementor-top-section elementor-element elementor-element-5a2f27d elementor-section-boxed elementor-section-height-default elementor-section-height-default\" data-id=\"5a2f27d\" data-element_type=\"section\">\n\t\t\t\t\t\t<div class=\"elementor-container elementor-column-gap-default\">\n\t\t\t\t\t<div class=\"elementor-column elementor-col-100 elementor-top-column elementor-element elementor-element-80e1a79\" data-id=\"80e1a79\" data-element_type=\"column\">\n\t\t\t<div class=\"elementor-widget-wrap elementor-element-populated\">\n\t\t\t\t\t\t<div class=\"elementor-element elementor-element-d2adb41 elementor-invisible elementor-widget elementor-widget-heading\" data-id=\"d2adb41\" data-element_type=\"widget\" data-settings=\"{&quot;_animation&quot;:&quot;fadeInUp&quot;,&quot;_animation_delay&quot;:200}\" data-widget_type=\"heading.default\">\n\t\t\t\t<div class=\"elementor-widget-container\">\n\t\t\t\t\t<h1 class=\"elementor-heading-title elementor-size-default\">Work wellness day<\/h1>\t\t\t\t<\/div>\n\t\t\t\t<\/div>\n\t\t\t\t<div class=\"elementor-element elementor-element-63fcfa6 elementor-widget elementor-widget-text-editor\" data-id=\"63fcfa6\" data-element_type=\"widget\" data-widget_type=\"text-editor.default\">\n\t\t\t\t<div class=\"elementor-widget-container\">\n\t\t\t\t\t\t\t\t\t<p>Welcome to spend a work wellness days to Pasilan joogastudio.<\/p><p>Send an offering and we\ncreate a program for your needs. Work wellness day can include a more active yoga,\nsuperfood snacks and drinks, ending to a calm soundbath or any other option from our\nservices.<\/p>\t\t\t\t\t\t\t\t<\/div>\n\t\t\t\t<\/div>\n\t\t<div class=\"elementor-element elementor-element-d3ddca7 e-flex e-con-boxed e-con e-parent\" data-id=\"d3ddca7\" data-element_type=\"container\">\n\t\t\t\t\t<div class=\"e-con-inner\">\n\t\t\t\t<div class=\"elementor-element elementor-element-87dae17 elementor-widget elementor-widget-image\" data-id=\"87dae17\" data-element_type=\"widget\" data-widget_type=\"image.default\">\n\t\t\t\t<div class=\"elementor-widget-container\">\n\t\t\t\t\t\t\t\t\t\t\t\t\t\t\t<img fetchpriority=\"high\" decoding=\"async\" width=\"800\" height=\"811\" src=\"https:\/\/pasilanjoogastudio.fi\/wp-content\/uploads\/2024\/12\/TyhyPaiva-tyoyhteisoille-1010x1024.png\" class=\"attachment-large size-large wp-image-442\" alt=\"\" srcset=\"https:\/\/pasilanjoogastudio.fi\/wp-content\/uploads\/2024\/12\/TyhyPaiva-tyoyhteisoille-1010x1024.png 1010w, https:\/\/pasilanjoogastudio.fi\/wp-content\/uploads\/2024\/12\/TyhyPaiva-tyoyhteisoille-296x300.png 296w, https:\/\/pasilanjoogastudio.fi\/wp-content\/uploads\/2024\/12\/TyhyPaiva-tyoyhteisoille-768x779.png 768w, https:\/\/pasilanjoogastudio.fi\/wp-content\/uploads\/2024\/12\/TyhyPaiva-tyoyhteisoille-1515x1536.png 1515w, https:\/\/pasilanjoogastudio.fi\/wp-content\/uploads\/2024\/12\/TyhyPaiva-tyoyhteisoille-12x12.png 12w, https:\/\/pasilanjoogastudio.fi\/wp-content\/uploads\/2024\/12\/TyhyPaiva-tyoyhteisoille.png 1579w\" sizes=\"(max-width: 800px) 100vw, 800px\" \/>\t\t\t\t\t\t\t\t\t\t\t\t\t\t\t<\/div>\n\t\t\t\t<\/div>\n\t\t\t\t<div class=\"elementor-element elementor-element-aa86726 elementor-widget elementor-widget-heading\" data-id=\"aa86726\" data-element_type=\"widget\" data-widget_type=\"heading.default\">\n\t\t\t\t<div class=\"elementor-widget-container\">\n\t\t\t\t\t<h2 class=\"elementor-heading-title elementor-size-default\">Work wellness day <br>for the working community<\/h2>\t\t\t\t<\/div>\n\t\t\t\t<\/div>\n\t\t\t\t\t<\/div>\n\t\t\t\t<\/div>\n\t\t\t\t<div class=\"elementor-element elementor-element-cb90cea elementor-mobile-align-center elementor-widget__width-inherit elementor-align-center elementor-widget elementor-widget-button\" data-id=\"cb90cea\" data-element_type=\"widget\" data-widget_type=\"button.default\">\n\t\t\t\t<div class=\"elementor-widget-container\">\n\t\t\t\t\t\t\t\t\t<div class=\"elementor-button-wrapper\">\n\t\t\t\t\t<a class=\"elementor-button elementor-button-link elementor-size-sm\" href=\"https:\/\/pasilanjoogastudio.fi\/en\/yhteystiedot\/\">\n\t\t\t\t\t\t<span class=\"elementor-button-content-wrapper\">\n\t\t\t\t\t\t\t\t\t<span class=\"elementor-button-text\">Send an offering<\/span>\n\t\t\t\t\t<\/span>\n\t\t\t\t\t<\/a>\n\t\t\t\t<\/div>\n\t\t\t\t\t\t\t\t<\/div>\n\t\t\t\t<\/div>\n\t\t\t\t\t<\/div>\n\t\t<\/div>\n\t\t\t\t\t<\/div>\n\t\t<\/section>\n\t\t\t\t<\/div>","protected":false},"excerpt":{"rendered":"<p>Tyhy-p\u00e4iv\u00e4 Tervetuloa viett\u00e4m\u00e4\u00e4n ty\u00f6yhteis\u00f6nne kanssa ty\u00f6hyvinvointip\u00e4iv\u00e4\u00e4 Pasilan joogastudiolle. L\u00e4het\u00e4 tarjouspyynt\u00f6 ja r\u00e4\u00e4t\u00e4l\u00f6imme teille toimivan ohjelman. Tyhy-p\u00e4iv\u00e4 voi sis\u00e4lt\u00e4\u00e4 esimerkiksi liikunnallisemman joogan, superfood v\u00e4lipalan ja \u00e4\u00e4nimaljakylvyn tai mink\u00e4 tahansa muun palvelun ohjelmistosta. TyhyP\u00e4iv\u00e4 ty\u00f6yhteis\u00f6ille L\u00e4het\u00e4 tarjouspyynt\u00f6<\/p>","protected":false},"author":1,"featured_media":0,"parent":0,"menu_order":0,"comment_status":"closed","ping_status":"closed","template":"elementor_header_footer","meta":{"footnotes":""},"class_list":["post-440","page","type-page","status-publish","hentry"],"yoast_head":"<!-- This site is optimized with the Yoast SEO plugin v26.5 - https:\/\/yoast.com\/wordpress\/plugins\/seo\/ -->\n<title>Tyhy-p\u00e4iv\u00e4 - Pasilan Jooga Studio<\/title>\n<meta name=\"robots\" content=\"index, follow, max-snippet:-1, max-image-preview:large, max-video-preview:-1\" \/>\n<link rel=\"canonical\" href=\"https:\/\/pasilanjoogastudio.fi\/en\/tyhy-paiva\/\" \/>\n<meta property=\"og:locale\" content=\"en_US\" \/>\n<meta property=\"og:type\" content=\"article\" \/>\n<meta property=\"og:title\" content=\"Tyhy-p\u00e4iv\u00e4 - Pasilan Jooga Studio\" \/>\n<meta property=\"og:description\" content=\"Tyhy-p\u00e4iv\u00e4 Tervetuloa viett\u00e4m\u00e4\u00e4n ty\u00f6yhteis\u00f6nne kanssa ty\u00f6hyvinvointip\u00e4iv\u00e4\u00e4 Pasilan joogastudiolle. L\u00e4het\u00e4 tarjouspyynt\u00f6 ja r\u00e4\u00e4t\u00e4l\u00f6imme teille toimivan ohjelman. Tyhy-p\u00e4iv\u00e4 voi sis\u00e4lt\u00e4\u00e4 esimerkiksi liikunnallisemman joogan, superfood v\u00e4lipalan ja \u00e4\u00e4nimaljakylvyn tai mink\u00e4 tahansa muun palvelun ohjelmistosta. TyhyP\u00e4iv\u00e4 ty\u00f6yhteis\u00f6ille L\u00e4het\u00e4 tarjouspyynt\u00f6\" \/>\n<meta property=\"og:url\" content=\"https:\/\/pasilanjoogastudio.fi\/en\/tyhy-paiva\/\" \/>\n<meta property=\"og:site_name\" content=\"Pasilan Jooga Studio\" \/>\n<meta property=\"article:modified_time\" content=\"2024-12-15T13:07:05+00:00\" \/>\n<meta property=\"og:image\" content=\"https:\/\/pasilanjoogastudio.fi\/wp-content\/uploads\/2024\/12\/TyhyPaiva-tyoyhteisoille.png\" \/>\n\t<meta property=\"og:image:width\" content=\"1579\" \/>\n\t<meta property=\"og:image:height\" content=\"1601\" \/>\n\t<meta property=\"og:image:type\" content=\"image\/png\" \/>\n<meta name=\"twitter:card\" content=\"summary_large_image\" \/>\n<meta name=\"twitter:label1\" content=\"Est. reading time\" \/>\n\t<meta name=\"twitter:data1\" content=\"1 minute\" \/>\n<script type=\"application\/ld+json\" class=\"yoast-schema-graph\">{\"@context\":\"https:\/\/schema.org\",\"@graph\":[{\"@type\":\"WebPage\",\"@id\":\"https:\/\/pasilanjoogastudio.fi\/tyhy-paiva\/\",\"url\":\"https:\/\/pasilanjoogastudio.fi\/tyhy-paiva\/\",\"name\":\"Tyhy-p\u00e4iv\u00e4 - Pasilan Jooga Studio\",\"isPartOf\":{\"@id\":\"https:\/\/pasilanjoogastudio.fi\/#website\"},\"primaryImageOfPage\":{\"@id\":\"https:\/\/pasilanjoogastudio.fi\/tyhy-paiva\/#primaryimage\"},\"image\":{\"@id\":\"https:\/\/pasilanjoogastudio.fi\/tyhy-paiva\/#primaryimage\"},\"thumbnailUrl\":\"https:\/\/pasilanjoogastudio.fi\/wp-content\/uploads\/2024\/12\/TyhyPaiva-tyoyhteisoille-1010x1024.png\",\"datePublished\":\"2024-12-15T13:06:31+00:00\",\"dateModified\":\"2024-12-15T13:07:05+00:00\",\"breadcrumb\":{\"@id\":\"https:\/\/pasilanjoogastudio.fi\/tyhy-paiva\/#breadcrumb\"},\"inLanguage\":\"en-US\",\"potentialAction\":[{\"@type\":\"ReadAction\",\"target\":[\"https:\/\/pasilanjoogastudio.fi\/tyhy-paiva\/\"]}]},{\"@type\":\"ImageObject\",\"inLanguage\":\"en-US\",\"@id\":\"https:\/\/pasilanjoogastudio.fi\/tyhy-paiva\/#primaryimage\",\"url\":\"https:\/\/pasilanjoogastudio.fi\/wp-content\/uploads\/2024\/12\/TyhyPaiva-tyoyhteisoille-1010x1024.png\",\"contentUrl\":\"https:\/\/pasilanjoogastudio.fi\/wp-content\/uploads\/2024\/12\/TyhyPaiva-tyoyhteisoille-1010x1024.png\"},{\"@type\":\"BreadcrumbList\",\"@id\":\"https:\/\/pasilanjoogastudio.fi\/tyhy-paiva\/#breadcrumb\",\"itemListElement\":[{\"@type\":\"ListItem\",\"position\":1,\"name\":\"Etusivu\",\"item\":\"https:\/\/pasilanjoogastudio.fi\/\"},{\"@type\":\"ListItem\",\"position\":2,\"name\":\"Tyhy-p\u00e4iv\u00e4\"}]},{\"@type\":\"WebSite\",\"@id\":\"https:\/\/pasilanjoogastudio.fi\/#website\",\"url\":\"https:\/\/pasilanjoogastudio.fi\/\",\"name\":\"Pasilan Jooga Studio\",\"description\":\"Tervetuloa Pasilan Joogastudiolle!\",\"publisher\":{\"@id\":\"https:\/\/pasilanjoogastudio.fi\/#organization\"},\"potentialAction\":[{\"@type\":\"SearchAction\",\"target\":{\"@type\":\"EntryPoint\",\"urlTemplate\":\"https:\/\/pasilanjoogastudio.fi\/?s={search_term_string}\"},\"query-input\":{\"@type\":\"PropertyValueSpecification\",\"valueRequired\":true,\"valueName\":\"search_term_string\"}}],\"inLanguage\":\"en-US\"},{\"@type\":\"Organization\",\"@id\":\"https:\/\/pasilanjoogastudio.fi\/#organization\",\"name\":\"Pasilan Jooga Studio\",\"url\":\"https:\/\/pasilanjoogastudio.fi\/\",\"logo\":{\"@type\":\"ImageObject\",\"inLanguage\":\"en-US\",\"@id\":\"https:\/\/pasilanjoogastudio.fi\/#\/schema\/logo\/image\/\",\"url\":\"https:\/\/pasilanjoogastudio.fi\/wp-content\/uploads\/2024\/07\/Pasilan-Jooga-Studio_20241213_214803_0000.png\",\"contentUrl\":\"https:\/\/pasilanjoogastudio.fi\/wp-content\/uploads\/2024\/07\/Pasilan-Jooga-Studio_20241213_214803_0000.png\",\"width\":2000,\"height\":1295,\"caption\":\"Pasilan Jooga Studio\"},\"image\":{\"@id\":\"https:\/\/pasilanjoogastudio.fi\/#\/schema\/logo\/image\/\"}}]}<\/script>\n<!-- \/ Yoast SEO plugin. -->","yoast_head_json":{"title":"Tyhy-p\u00e4iv\u00e4 - Pasilan Jooga Studio","robots":{"index":"index","follow":"follow","max-snippet":"max-snippet:-1","max-image-preview":"max-image-preview:large","max-video-preview":"max-video-preview:-1"},"canonical":"https:\/\/pasilanjoogastudio.fi\/en\/tyhy-paiva\/","og_locale":"en_US","og_type":"article","og_title":"Tyhy-p\u00e4iv\u00e4 - Pasilan Jooga Studio","og_description":"Tyhy-p\u00e4iv\u00e4 Tervetuloa viett\u00e4m\u00e4\u00e4n ty\u00f6yhteis\u00f6nne kanssa ty\u00f6hyvinvointip\u00e4iv\u00e4\u00e4 Pasilan joogastudiolle. L\u00e4het\u00e4 tarjouspyynt\u00f6 ja r\u00e4\u00e4t\u00e4l\u00f6imme teille toimivan ohjelman. Tyhy-p\u00e4iv\u00e4 voi sis\u00e4lt\u00e4\u00e4 esimerkiksi liikunnallisemman joogan, superfood v\u00e4lipalan ja \u00e4\u00e4nimaljakylvyn tai mink\u00e4 tahansa muun palvelun ohjelmistosta. TyhyP\u00e4iv\u00e4 ty\u00f6yhteis\u00f6ille L\u00e4het\u00e4 tarjouspyynt\u00f6","og_url":"https:\/\/pasilanjoogastudio.fi\/en\/tyhy-paiva\/","og_site_name":"Pasilan Jooga Studio","article_modified_time":"2024-12-15T13:07:05+00:00","og_image":[{"width":1579,"height":1601,"url":"https:\/\/pasilanjoogastudio.fi\/wp-content\/uploads\/2024\/12\/TyhyPaiva-tyoyhteisoille.png","type":"image\/png"}],"twitter_card":"summary_large_image","twitter_misc":{"Est. reading time":"1 minute"},"schema":{"@context":"https:\/\/schema.org","@graph":[{"@type":"WebPage","@id":"https:\/\/pasilanjoogastudio.fi\/tyhy-paiva\/","url":"https:\/\/pasilanjoogastudio.fi\/tyhy-paiva\/","name":"Tyhy-p\u00e4iv\u00e4 - Pasilan Jooga Studio","isPartOf":{"@id":"https:\/\/pasilanjoogastudio.fi\/#website"},"primaryImageOfPage":{"@id":"https:\/\/pasilanjoogastudio.fi\/tyhy-paiva\/#primaryimage"},"image":{"@id":"https:\/\/pasilanjoogastudio.fi\/tyhy-paiva\/#primaryimage"},"thumbnailUrl":"https:\/\/pasilanjoogastudio.fi\/wp-content\/uploads\/2024\/12\/TyhyPaiva-tyoyhteisoille-1010x1024.png","datePublished":"2024-12-15T13:06:31+00:00","dateModified":"2024-12-15T13:07:05+00:00","breadcrumb":{"@id":"https:\/\/pasilanjoogastudio.fi\/tyhy-paiva\/#breadcrumb"},"inLanguage":"en-US","potentialAction":[{"@type":"ReadAction","target":["https:\/\/pasilanjoogastudio.fi\/tyhy-paiva\/"]}]},{"@type":"ImageObject","inLanguage":"en-US","@id":"https:\/\/pasilanjoogastudio.fi\/tyhy-paiva\/#primaryimage","url":"https:\/\/pasilanjoogastudio.fi\/wp-content\/uploads\/2024\/12\/TyhyPaiva-tyoyhteisoille-1010x1024.png","contentUrl":"https:\/\/pasilanjoogastudio.fi\/wp-content\/uploads\/2024\/12\/TyhyPaiva-tyoyhteisoille-1010x1024.png"},{"@type":"BreadcrumbList","@id":"https:\/\/pasilanjoogastudio.fi\/tyhy-paiva\/#breadcrumb","itemListElement":[{"@type":"ListItem","position":1,"name":"Etusivu","item":"https:\/\/pasilanjoogastudio.fi\/"},{"@type":"ListItem","position":2,"name":"Tyhy-p\u00e4iv\u00e4"}]},{"@type":"WebSite","@id":"https:\/\/pasilanjoogastudio.fi\/#website","url":"https:\/\/pasilanjoogastudio.fi\/","name":"Pasilan Jooga Studio","description":"Tervetuloa Pasilan Joogastudiolle!","publisher":{"@id":"https:\/\/pasilanjoogastudio.fi\/#organization"},"potentialAction":[{"@type":"SearchAction","target":{"@type":"EntryPoint","urlTemplate":"https:\/\/pasilanjoogastudio.fi\/?s={search_term_string}"},"query-input":{"@type":"PropertyValueSpecification","valueRequired":true,"valueName":"search_term_string"}}],"inLanguage":"en-US"},{"@type":"Organization","@id":"https:\/\/pasilanjoogastudio.fi\/#organization","name":"Pasilan Jooga Studio","url":"https:\/\/pasilanjoogastudio.fi\/","logo":{"@type":"ImageObject","inLanguage":"en-US","@id":"https:\/\/pasilanjoogastudio.fi\/#\/schema\/logo\/image\/","url":"https:\/\/pasilanjoogastudio.fi\/wp-content\/uploads\/2024\/07\/Pasilan-Jooga-Studio_20241213_214803_0000.png","contentUrl":"https:\/\/pasilanjoogastudio.fi\/wp-content\/uploads\/2024\/07\/Pasilan-Jooga-Studio_20241213_214803_0000.png","width":2000,"height":1295,"caption":"Pasilan Jooga Studio"},"image":{"@id":"https:\/\/pasilanjoogastudio.fi\/#\/schema\/logo\/image\/"}}]}},"_links":{"self":[{"href":"https:\/\/pasilanjoogastudio.fi\/en\/wp-json\/wp\/v2\/pages\/440","targetHints":{"allow":["GET"]}}],"collection":[{"href":"https:\/\/pasilanjoogastudio.fi\/en\/wp-json\/wp\/v2\/pages"}],"about":[{"href":"https:\/\/pasilanjoogastudio.fi\/en\/wp-json\/wp\/v2\/types\/page"}],"author":[{"embeddable":true,"href":"https:\/\/pasilanjoogastudio.fi\/en\/wp-json\/wp\/v2\/users\/1"}],"replies":[{"embeddable":true,"href":"https:\/\/pasilanjoogastudio.fi\/en\/wp-json\/wp\/v2\/comments?post=440"}],"version-history":[{"count":7,"href":"https:\/\/pasilanjoogastudio.fi\/en\/wp-json\/wp\/v2\/pages\/440\/revisions"}],"predecessor-version":[{"id":448,"href":"https:\/\/pasilanjoogastudio.fi\/en\/wp-json\/wp\/v2\/pages\/440\/revisions\/448"}],"wp:attachment":[{"href":"https:\/\/pasilanjoogastudio.fi\/en\/wp-json\/wp\/v2\/media?parent=440"}],"curies":[{"name":"wp","href":"https:\/\/api.w.org\/{rel}","templated":true}]}}